{"id":4813,"date":"2025-11-12T11:39:27","date_gmt":"2025-11-12T10:39:27","guid":{"rendered":"https:\/\/klienci.ezone.pl\/tompol\/foerderungen\/projekt\/"},"modified":"2025-12-04T13:28:20","modified_gmt":"2025-12-04T12:28:20","slug":"projekt","status":"publish","type":"page","link":"https:\/\/klienci.ezone.pl\/tompol\/de\/foerderungen\/projekt\/","title":{"rendered":"Projekt"},"content":{"rendered":"\t\t<div data-elementor-type=\"wp-page\" data-elementor-id=\"4813\" class=\"elementor elementor-4813 elementor-1934\" data-elementor-post-type=\"page\">\n\t\t\t\t<div class=\"elementor-element elementor-element-5ef7019 e-flex e-con-boxed e-con e-parent\" data-id=\"5ef7019\" data-element_type=\"container\" data-settings=\"{&quot;background_background&quot;:&quot;classic&quot;}\">\n\t\t\t\t\t<div class=\"e-con-inner\">\n\t\t\t\t<div class=\"elementor-element elementor-element-5810600 animated-slow elementor-invisible elementor-widget elementor-widget-heading\" data-id=\"5810600\" data-element_type=\"widget\" data-settings=\"{&quot;_animation&quot;:&quot;fadeIn&quot;}\" data-widget_type=\"heading.default\">\n\t\t\t\t<div class=\"elementor-widget-container\">\n\t\t\t\t\t<h1 class=\"elementor-heading-title elementor-size-default\">Projektf\u00f6rderung<\/h1>\t\t\t\t<\/div>\n\t\t\t\t<\/div>\n\t\t\t\t<div class=\"elementor-element elementor-element-b620c40 animated-slow elementor-invisible elementor-widget elementor-widget-text-editor\" data-id=\"b620c40\" data-element_type=\"widget\" data-settings=\"{&quot;_animation&quot;:&quot;fadeIn&quot;}\" data-widget_type=\"text-editor.default\">\n\t\t\t\t<div class=\"elementor-widget-container\">\n\t\t\t\t\t\t\t\t\t<p>\u201eEinf\u00fchrung einer neuen Technologie zur Herstellung von Polsterm\u00f6beln mit erh\u00f6hter Festigkeit sowie Wasser- und Lichtbest\u00e4ndigkeit f\u00fcr den Au\u00dfenbereich im Produktions- und Dienstleistungsbetrieb TOM-POL\u201c<\/p>\t\t\t\t\t\t\t\t<\/div>\n\t\t\t\t<\/div>\n\t\t\t\t\t<\/div>\n\t\t\t\t<\/div>\n\t\t<div class=\"elementor-element elementor-element-907eebe e-flex e-con-boxed e-con e-parent\" data-id=\"907eebe\" data-element_type=\"container\">\n\t\t\t\t\t<div class=\"e-con-inner\">\n\t\t<div class=\"elementor-element elementor-element-a631947 e-con-full e-flex e-con e-child\" data-id=\"a631947\" data-element_type=\"container\">\n\t\t\t\t<div class=\"elementor-element elementor-element-fc08a90 elementor-widget elementor-widget-text-editor\" data-id=\"fc08a90\" data-element_type=\"widget\" data-widget_type=\"text-editor.default\">\n\t\t\t\t<div class=\"elementor-widget-container\">\n\t\t\t\t\t\t\t\t\t<p class=\"has-text-align-center\"><strong>Tomasz Wr\u00f3bel M\u00f6belfabrik \u201eTOM-POL\u201c<\/strong><\/p>\n<p class=\"has-text-align-center\">ul. Szpot 1a, Opat\u00f3w, 63-645 \u0141\u0119ka Opatowska<br>Telefon: 62 781 33 30, USt-IdNr. 6190020232, REGON 250460950 <br>f\u00fchrt ein Projekt im Rahmen des Regionalen Operationellen Programms Gro\u00dfpolen f\u00fcr die Jahre 2014\u20132020 im Rahmen der Unterma\u00dfnahme 1.5.2 St\u00e4rkung der Wettbewerbsf\u00e4higkeit der Schl\u00fcsselbereiche der regionalen Wirtschaft durch, mit dem Titel \u201eEinf\u00fchrung einer neuen Technologie zur Herstellung von Polsterm\u00f6beln mit erh\u00f6hter Festigkeit sowie Wasser- und Lichtbest\u00e4ndigkeit f\u00fcr den Au\u00dfenbereich im Produktions- und Dienstleistungsbetrieb TOM-POL.\u201c  <\/p>\n<p><strong>Projektziele:<br><\/strong><em>Ziel des Projekts ist die Implementierung einer Innovation in der Produktionstechnologie von Polsterm\u00f6beln f\u00fcr den Au\u00dfenbereich mit erh\u00f6hter Festigkeit sowie Wasser- und Lichtbest\u00e4ndigkeit. Dies ist eine geplante Prozessinnovation. Ein weiteres Projektziel ist die Einf\u00fchrung neuer Produkte in Form einer Reihe neuer M\u00f6bel f\u00fcr den Au\u00dfenbereich mit erh\u00f6hter Festigkeit sowie Wasser- und Lichtbest\u00e4ndigkeit in das Angebot. Dies ist eine geplante Produktinnovation. <\/em> <\/p>\n<p><strong>Geplante Effekte:<br><\/strong><em>Es ist geplant, folgende Effekte zu erzielen: <br><br>Anzahl der unterst\u00fctzten Unternehmen \u2013 1 Stk. <br>Anzahl der Unternehmen, die Zusch\u00fcsse erhalten \u2013 1 Stk. <br>Private Investitionen zur Erg\u00e4nzung \u00f6ffentlicher Unterst\u00fctzung f\u00fcr Unternehmen (Zusch\u00fcsse) \u2013 4.780.160,00 PLN <br>Anzahl der Unternehmen, die zur Einf\u00fchrung neuer Produkte auf dem Markt unterst\u00fctzt werden \u2013 1 Stk. <br>Anzahl der Unternehmen, die zur Einf\u00fchrung neuer Produkte f\u00fcr das Unternehmen unterst\u00fctzt werden \u2013 1 Stk. <br>Anzahl der erworbenen Anlageg\u00fcter \u2013 30 Stk. <br>Anzahl der erworbenen immateriellen Verm\u00f6genswerte \u2013 1 Stk. <\/em> <\/p>\n<p><strong>Projektwert:<br><\/strong>Gesamtwert des Projekts: 5.162.010,00 PLN <br>H\u00f6he der f\u00f6rderf\u00e4higen Kosten: 4.337.000,00 PLN  <\/p>\n<p><strong>Beitrag der Europ\u00e4ischen Fonds: <br><\/strong>F\u00f6rderbetrag: 1.517.949,99 PLN<\/p>\t\t\t\t\t\t\t\t<\/div>\n\t\t\t\t<\/div>\n\t\t\t\t<\/div>\n\t\t\t\t\t<\/div>\n\t\t\t\t<\/div>\n\t\t<div class=\"elementor-element elementor-element-9b55e3b e-con-full e-flex e-con e-parent\" data-id=\"9b55e3b\" data-element_type=\"container\" data-settings=\"{&quot;background_background&quot;:&quot;classic&quot;}\">\n\t\t\t\t<\/div>\n\t\t\t\t<\/div>\n\t\t","protected":false},"excerpt":{"rendered":"<p>Projektf\u00f6rderung \u201eEinf\u00fchrung einer neuen Technologie zur Herstellung von Polsterm\u00f6beln mit erh\u00f6hter Festigkeit sowie Wasser- und Lichtbest\u00e4ndigkeit f\u00fcr den Au\u00dfenbereich im [&hellip;]<\/p>\n","protected":false},"author":1,"featured_media":0,"parent":4732,"menu_order":0,"comment_status":"closed","ping_status":"closed","template":"","meta":{"site-sidebar-layout":"no-sidebar","site-content-layout":"","ast-site-content-layout":"full-width-container","site-content-style":"unboxed","site-sidebar-style":"unboxed","ast-global-header-display":"","ast-banner-title-visibility":"","ast-main-header-display":"","ast-hfb-above-header-display":"","ast-hfb-below-header-display":"","ast-hfb-mobile-header-display":"","site-post-title":"disabled","ast-breadcrumbs-content":"","ast-featured-img":"disabled","footer-sml-layout":"","theme-transparent-header-meta":"enabled","adv-header-id-meta":"","stick-header-meta":"","header-above-stick-meta":"","header-main-stick-meta":"","header-below-stick-meta":"","astra-migrate-meta-layouts":"default","ast-page-background-enabled":"default","ast-page-background-meta":{"desktop":{"background-color":"var(--ast-global-color-4)","background-image":"","background-repeat":"repeat","background-position":"center center","background-size":"auto","background-attachment":"scroll","background-type":"","background-media":"","overlay-type":"","overlay-color":"","overlay-opacity":"","overlay-gradient":""},"tablet":{"background-color":"","background-image":"","background-repeat":"repeat","background-position":"center center","background-size":"auto","background-attachment":"scroll","background-type":"","background-media":"","overlay-type":"","overlay-color":"","overlay-opacity":"","overlay-gradient":""},"mobile":{"background-color":"","background-image":"","background-repeat":"repeat","background-position":"center center","background-size":"auto","background-attachment":"scroll","background-type":"","background-media":"","overlay-type":"","overlay-color":"","overlay-opacity":"","overlay-gradient":""}},"ast-content-background-meta":{"desktop":{"background-color":"var(--ast-global-color-5)","background-image":"","background-repeat":"repeat","background-position":"center center","background-size":"auto","background-attachment":"scroll","background-type":"","background-media":"","overlay-type":"","overlay-color":"","overlay-opacity":"","overlay-gradient":""},"tablet":{"background-color":"var(--ast-global-color-5)","background-image":"","background-repeat":"repeat","background-position":"center center","background-size":"auto","background-attachment":"scroll","background-type":"","background-media":"","overlay-type":"","overlay-color":"","overlay-opacity":"","overlay-gradient":""},"mobile":{"background-color":"var(--ast-global-color-5)","background-image":"","background-repeat":"repeat","background-position":"center center","background-size":"auto","background-attachment":"scroll","background-type":"","background-media":"","overlay-type":"","overlay-color":"","overlay-opacity":"","overlay-gradient":""}},"footnotes":""},"class_list":["post-4813","page","type-page","status-publish","hentry"],"_links":{"self":[{"href":"https:\/\/klienci.ezone.pl\/tompol\/de\/wp-json\/wp\/v2\/pages\/4813","targetHints":{"allow":["GET"]}}],"collection":[{"href":"https:\/\/klienci.ezone.pl\/tompol\/de\/wp-json\/wp\/v2\/pages"}],"about":[{"href":"https:\/\/klienci.ezone.pl\/tompol\/de\/wp-json\/wp\/v2\/types\/page"}],"author":[{"embeddable":true,"href":"https:\/\/klienci.ezone.pl\/tompol\/de\/wp-json\/wp\/v2\/users\/1"}],"replies":[{"embeddable":true,"href":"https:\/\/klienci.ezone.pl\/tompol\/de\/wp-json\/wp\/v2\/comments?post=4813"}],"version-history":[{"count":1,"href":"https:\/\/klienci.ezone.pl\/tompol\/de\/wp-json\/wp\/v2\/pages\/4813\/revisions"}],"predecessor-version":[{"id":4814,"href":"https:\/\/klienci.ezone.pl\/tompol\/de\/wp-json\/wp\/v2\/pages\/4813\/revisions\/4814"}],"up":[{"embeddable":true,"href":"https:\/\/klienci.ezone.pl\/tompol\/de\/wp-json\/wp\/v2\/pages\/4732"}],"wp:attachment":[{"href":"https:\/\/klienci.ezone.pl\/tompol\/de\/wp-json\/wp\/v2\/media?parent=4813"}],"curies":[{"name":"wp","href":"https:\/\/api.w.org\/{rel}","templated":true}]}}