{"id":7439,"date":"2025-12-16T09:46:49","date_gmt":"2025-12-16T08:46:49","guid":{"rendered":"https:\/\/klienci.ezone.pl\/tompol\/datenschutzbestimmungen\/"},"modified":"2025-12-16T10:41:57","modified_gmt":"2025-12-16T09:41:57","slug":"datenschutzbestimmungen","status":"publish","type":"page","link":"https:\/\/klienci.ezone.pl\/tompol\/de\/datenschutzbestimmungen\/","title":{"rendered":"Datenschutzbestimmungen"},"content":{"rendered":"\t\t<div data-elementor-type=\"wp-page\" data-elementor-id=\"7439\" class=\"elementor elementor-7439 elementor-7416\" data-elementor-post-type=\"page\">\n\t\t\t\t<div class=\"elementor-element elementor-element-df3abc1 e-flex e-con-boxed e-con e-parent\" data-id=\"df3abc1\" data-element_type=\"container\" data-settings=\"{&quot;background_background&quot;:&quot;classic&quot;}\">\n\t\t\t\t\t<div class=\"e-con-inner\">\n\t\t\t\t<div class=\"elementor-element elementor-element-d6cad67 animated-slow elementor-invisible elementor-widget elementor-widget-heading\" data-id=\"d6cad67\" data-element_type=\"widget\" data-settings=\"{&quot;_animation&quot;:&quot;fadeIn&quot;}\" data-widget_type=\"heading.default\">\n\t\t\t\t<div class=\"elementor-widget-container\">\n\t\t\t\t\t<h1 class=\"elementor-heading-title elementor-size-default\">Datenschutzbestimmungen<\/h1>\t\t\t\t<\/div>\n\t\t\t\t<\/div>\n\t\t\t\t\t<\/div>\n\t\t\t\t<\/div>\n\t\t<div class=\"elementor-element elementor-element-6112710 e-flex e-con-boxed e-con e-parent\" data-id=\"6112710\" data-element_type=\"container\">\n\t\t\t\t\t<div class=\"e-con-inner\">\n\t\t<div class=\"elementor-element elementor-element-4b989d1 e-con-full e-flex e-con e-child\" data-id=\"4b989d1\" data-element_type=\"container\">\n\t\t<div class=\"elementor-element elementor-element-880341d e-con-full e-flex e-con e-child\" data-id=\"880341d\" data-element_type=\"container\">\n\t\t\t\t<div class=\"elementor-element elementor-element-e9ace77 jestesmy elementor-widget elementor-widget-heading\" data-id=\"e9ace77\" data-element_type=\"widget\" data-widget_type=\"heading.default\">\n\t\t\t\t<div class=\"elementor-widget-container\">\n\t\t\t\t\t<h4 class=\"elementor-heading-title elementor-size-default\">Informationen \u00fcber die Verarbeitung personenbezogener Daten<\/h4>\t\t\t\t<\/div>\n\t\t\t\t<\/div>\n\t\t\t\t<div class=\"elementor-element elementor-element-aefdccd jestesmy elementor-widget elementor-widget-heading\" data-id=\"aefdccd\" data-element_type=\"widget\" data-widget_type=\"heading.default\">\n\t\t\t\t<div class=\"elementor-widget-container\">\n\t\t\t\t\t<h4 class=\"elementor-heading-title elementor-size-default\">FABRYKA MEBLI TOM-POL Tomasz Wr\u00f3bel sp. k. <\/h4>\t\t\t\t<\/div>\n\t\t\t\t<\/div>\n\t\t\t\t<div class=\"elementor-element elementor-element-82aa51c elementor-widget__width-initial privacy-policy elementor-widget elementor-widget-text-editor\" data-id=\"82aa51c\" data-element_type=\"widget\" data-widget_type=\"text-editor.default\">\n\t\t\t\t<div class=\"elementor-widget-container\">\n\t\t\t\t\t\t\t\t\t<p>Meine Damen und Herren!<\/p><p>Wir halten uns bei unseren T\u00e4tigkeiten an die <a href=\"https:\/\/uodo.gov.pl\/pl\/131\/224\">Allgemeine Datenschutzverordnung<\/a> (GDPR) und gew\u00e4hrleisten ein angemessenes Niveau an Sicherheit f\u00fcr pers\u00f6nliche Daten.<\/p><p><strong>Der Verwalter Ihrer pers\u00f6nlichen Daten ist Fabryka Mebli TOM-POL Tomasz Wr\u00f3bel sp.k.<\/strong> <strong>mit Sitz in Opat\u00f3w, ul. Szpot nr 1A, 63-645 Opat\u00f3w; <\/strong>KRS: 0001038188, NIP: 6192057630, REGON: 524616221.<\/p><p>Nachstehend finden Sie ausf\u00fchrliche Informationen \u00fcber die Verarbeitung Ihrer personenbezogenen Daten, unter anderem \u00fcber die Zwecke, f\u00fcr die wir Ihre Daten verwenden, und \u00fcber Ihre Rechte in Bezug auf die Verarbeitung. Bitte beachten Sie die entsprechenden Informationen. <\/p><ol class=\"wp-block-list\"><li><a href=\"https:\/\/klienci.ezone.pl\/tompol\/polityka-prywatnosci\/informacja-o-przetwarzaniu-danych-osobowych-dla-klientow\/\"><strong>Informationen zur Datenverarbeitung f\u00fcr Kunden<\/strong> <strong>und diejenigen, die unser Angebot in Anspruch nehmen m\u00f6chten.<\/strong><\/a><\/li><li><strong><a href=\"https:\/\/klienci.ezone.pl\/tompol\/polityka-prywatnosci\/informacja-o-przetwarzaniu-danych-osobowych-dla-pracownikow-i-przedstawicieli-naszych-klientow-i-dostawcow\/\">Informationen zur Datenverarbeitung von Mitarbeitern und Vertretern unserer Kunden und Lieferanten<\/a><\/strong>d.h. Personen, die im Namen unserer Kunden oder Lieferanten Vertr\u00e4ge abschlie\u00dfen, an der Ausf\u00fchrung solcher Vertr\u00e4ge beteiligt sind oder mit denen wir in diesen Angelegenheiten in Kontakt stehen.<\/li><li><strong><a href=\"https:\/\/klienci.ezone.pl\/tompol\/polityka-prywatnosci\/informacja-o-przetwarzaniu-danych-osobowych-dla-naszych-dostawcow\/\">Informationen zur Datenverarbeitung f\u00fcr unsere Lieferanten<\/a><\/strong>die uns mit Waren und Dienstleistungen beliefern.<\/li><li><strong><a href=\"https:\/\/klienci.ezone.pl\/tompol\/polityka-prywatnosci\/informacja-o-przetwarzaniu-danych-osobowych-dla-kandydatow-do-pracy\/\">Informationen zur Datenverarbeitung f\u00fcr Stellenbewerber<\/a>.<\/strong><\/li><li><strong><a href=\"https:\/\/klienci.ezone.pl\/tompol\/polityka-prywatnosci\/informacja-o-przetwarzaniu-danych-osobowych-dla-osob-odwiedzajacych-nasz-fanpage-na-facebooku\/\">Informationen zur Datenverarbeitung f\u00fcr Besucher unserer Facebook-Fanpage<\/a>.<\/strong><\/li><li><strong><a href=\"https:\/\/klienci.ezone.pl\/tompol\/polityka-prywatnosci\/informacja-o-przetwarzaniu-danych-osobowych-dla-osob-odwiedzajacych-nasz-profil-na-instagramie\/\">Datenverarbeitungsinformationen f\u00fcr Besucher unseres Profils auf Instagram.<\/a><\/strong><\/li><li><strong><a href=\"https:\/\/klienci.ezone.pl\/tompol\/polityka-prywatnosci\/informacja-o-przetwarzaniu-danych-osobowych-dla-kupujacych-za-posrednictwem-allegro\/\">Informationen zur Datenverarbeitung f\u00fcr Personen, die unsere Produkte \u00fcber Allegro.pl kaufen.<\/a><\/strong><\/li><li><strong><a href=\"https:\/\/klienci.ezone.pl\/tompol\/polityka-prywatnosci\/informacja-o-przetwarzaniu-danych-osobowych-dla-osob-przesylajacych-zapytania\/\">Informationen \u00fcber die Datenverarbeitung von Personen, die Anfragen senden, die nicht direkt mit dem Abschluss oder der Erf\u00fcllung eines Vertrags zusammenh\u00e4ngen<\/a>.<\/strong><\/li><li><a href=\"https:\/\/klienci.ezone.pl\/tompol\/polityka-prywatnosci\/informacja-o-przetwarzaniu-danych-osobowych-dla-sygnalistow-osob-ktorych-dotyczy-zgloszenie-oraz-osob-wskazanych-w-zgloszeniu-informacji-o-naruszeniu-prawa\/\" data-type=\"page\" data-id=\"2834\"><strong>Informationen \u00fcber die Verarbeitung personenbezogener Daten<\/strong> <strong>von Whistleblowern, betroffenen Personen und Personen, die in einer Whistleblowing-Meldung genannt werden<\/strong>.<\/a><\/li><\/ol><p>Wenn Sie Fragen zur Verarbeitung Ihrer personenbezogenen Daten oder zu Ihren Rechten in Bezug auf die Verarbeitung Ihrer personenbezogenen Daten haben, senden Sie Ihre Anfrage bitte an die folgende E-Mail-Adresse <a href=\"mailto:rodo@meble-tompol.pl\">rodo@meble-tompol.pl.<\/a><\/p><p>In Bezug auf Daten, die auf der Grundlage eines berechtigten Interesses (d.h. auf der Grundlage von Artikel 6 Absatz 1 Buchstabe f) DSGVO) verarbeitet werden, k\u00f6nnen wir Ihnen auf Wunsch auch eine sogenannte &#8222;Abw\u00e4gungspr\u00fcfung\u201e zur Verf\u00fcgung stellen, die eine Bewertung der Verwendbarkeit dieser Verarbeitungsgrundlage beinhaltet. <\/p><p>Bitte beachten Sie: Alle oben genannten Informationen beziehen sich auf nat\u00fcrliche Personen; Daten von Handelsgesellschaften und juristischen Personen unterliegen nicht dem durch die RODO eingef\u00fchrten Schutz.<\/p><p><em>Fabryka Mebli TOM-POL Tomasz Wr\u00f3bel sp.k. mit Sitz in Opat\u00f3w, ul. Szpot 1A, 63-645 Opat\u00f3w, eingetragen im Unternehmerregister des Landesgerichtsregisters, gef\u00fchrt vom Amtsgericht Pozna\u0144 &#8211; Nowe Miasto und Wilda in Pozna\u0144, IX. Wirtschaftsabteilung des Landesgerichtsregisters unter der KRS-Nummer 0001038188; NIP: 6192057630; REGON: 524616221.  <\/em><\/p><p>Diese Datenschutzerkl\u00e4rung dient nur zu Informationszwecken und wird st\u00e4ndig \u00fcberpr\u00fcft und bei Bedarf aktualisiert. Datum der letzten Aktualisierung: 03.03.2025 <\/p>\t\t\t\t\t\t\t\t<\/div>\n\t\t\t\t<\/div>\n\t\t\t\t<\/div>\n\t\t\t\t<\/div>\n\t\t\t\t\t<\/div>\n\t\t\t\t<\/div>\n\t\t<div class=\"elementor-element elementor-element-304ea07 e-flex e-con-boxed e-con e-parent\" data-id=\"304ea07\" data-element_type=\"container\">\n\t\t\t\t\t<div class=\"e-con-inner\">\n\t\t<div class=\"elementor-element elementor-element-687c15b e-con-full e-flex e-con e-child\" data-id=\"687c15b\" data-element_type=\"container\">\n\t\t\t\t<div class=\"elementor-element elementor-element-7f8d52d elementor-widget__width-initial privacy-policy elementor-widget elementor-widget-text-editor\" data-id=\"7f8d52d\" data-element_type=\"widget\" data-widget_type=\"text-editor.default\">\n\t\t\t\t<div class=\"elementor-widget-container\">\n\t\t\t\t\t\t\t\t\t<p>Erkl\u00e4rung zu <strong><a href=\"https:\/\/klienci.ezone.pl\/tompol\/wp-content\/uploads\/2025\/12\/Przeciwdzialanie-niewolnictwu-i-handlowi-ludzmi.pdf\" data-type=\"link\" data-id=\"https:\/\/meble-tompol.pl\/wp-content\/uploads\/2025\/07\/Przeciwdzialanie-niewolnictwu-i-handlowi-ludzmi.pdf\">Gegen Sklaverei und Menschenhandel<\/a><\/strong><\/p>\t\t\t\t\t\t\t\t<\/div>\n\t\t\t\t<\/div>\n\t\t\t\t<div class=\"elementor-element elementor-element-556b166 elementor-tablet-align-center elementor-mobile-align-center elementor-widget elementor-widget-button\" data-id=\"556b166\" data-element_type=\"widget\" data-widget_type=\"button.default\">\n\t\t\t\t<div class=\"elementor-widget-container\">\n\t\t\t\t\t\t\t\t\t<div class=\"elementor-button-wrapper\">\n\t\t\t\t\t<a class=\"elementor-button elementor-button-link elementor-size-sm\" href=\"https:\/\/klienci.ezone.pl\/tompol\/wp-content\/uploads\/2025\/12\/Przeciwdzialanie-niewolnictwu-i-handlowi-ludzmi.pdf\">\n\t\t\t\t\t\t<span class=\"elementor-button-content-wrapper\">\n\t\t\t\t\t\t\t\t\t<span class=\"elementor-button-text\">Herunterladen<\/span>\n\t\t\t\t\t<\/span>\n\t\t\t\t\t<\/a>\n\t\t\t\t<\/div>\n\t\t\t\t\t\t\t\t<\/div>\n\t\t\t\t<\/div>\n\t\t\t\t<\/div>\n\t\t\t\t\t<\/div>\n\t\t\t\t<\/div>\n\t\t\t\t<\/div>\n\t\t","protected":false},"excerpt":{"rendered":"<p>Datenschutzbestimmungen Informationen \u00fcber die Verarbeitung personenbezogener Daten FABRYKA MEBLI TOM-POL Tomasz Wr\u00f3bel sp. k. Meine Damen und Herren! Wir halten [&hellip;]<\/p>\n","protected":false},"author":1,"featured_media":0,"parent":0,"menu_order":0,"comment_status":"closed","ping_status":"closed","template":"","meta":{"site-sidebar-layout":"no-sidebar","site-content-layout":"","ast-site-content-layout":"full-width-container","site-content-style":"unboxed","site-sidebar-style":"unboxed","ast-global-header-display":"","ast-banner-title-visibility":"","ast-main-header-display":"","ast-hfb-above-header-display":"","ast-hfb-below-header-display":"","ast-hfb-mobile-header-display":"","site-post-title":"disabled","ast-breadcrumbs-content":"","ast-featured-img":"disabled","footer-sml-layout":"","theme-transparent-header-meta":"enabled","adv-header-id-meta":"","stick-header-meta":"","header-above-stick-meta":"","header-main-stick-meta":"","header-below-stick-meta":"","astra-migrate-meta-layouts":"default","ast-page-background-enabled":"default","ast-page-background-meta":{"desktop":{"background-color":"var(--ast-global-color-4)","background-image":"","background-repeat":"repeat","background-position":"center center","background-size":"auto","background-attachment":"scroll","background-type":"","background-media":"","overlay-type":"","overlay-color":"","overlay-opacity":"","overlay-gradient":""},"tablet":{"background-color":"","background-image":"","background-repeat":"repeat","background-position":"center center","background-size":"auto","background-attachment":"scroll","background-type":"","background-media":"","overlay-type":"","overlay-color":"","overlay-opacity":"","overlay-gradient":""},"mobile":{"background-color":"","background-image":"","background-repeat":"repeat","background-position":"center center","background-size":"auto","background-attachment":"scroll","background-type":"","background-media":"","overlay-type":"","overlay-color":"","overlay-opacity":"","overlay-gradient":""}},"ast-content-background-meta":{"desktop":{"background-color":"var(--ast-global-color-5)","background-image":"","background-repeat":"repeat","background-position":"center center","background-size":"auto","background-attachment":"scroll","background-type":"","background-media":"","overlay-type":"","overlay-color":"","overlay-opacity":"","overlay-gradient":""},"tablet":{"background-color":"var(--ast-global-color-5)","background-image":"","background-repeat":"repeat","background-position":"center center","background-size":"auto","background-attachment":"scroll","background-type":"","background-media":"","overlay-type":"","overlay-color":"","overlay-opacity":"","overlay-gradient":""},"mobile":{"background-color":"var(--ast-global-color-5)","background-image":"","background-repeat":"repeat","background-position":"center center","background-size":"auto","background-attachment":"scroll","background-type":"","background-media":"","overlay-type":"","overlay-color":"","overlay-opacity":"","overlay-gradient":""}},"footnotes":""},"class_list":["post-7439","page","type-page","status-publish","hentry"],"_links":{"self":[{"href":"https:\/\/klienci.ezone.pl\/tompol\/de\/wp-json\/wp\/v2\/pages\/7439","targetHints":{"allow":["GET"]}}],"collection":[{"href":"https:\/\/klienci.ezone.pl\/tompol\/de\/wp-json\/wp\/v2\/pages"}],"about":[{"href":"https:\/\/klienci.ezone.pl\/tompol\/de\/wp-json\/wp\/v2\/types\/page"}],"author":[{"embeddable":true,"href":"https:\/\/klienci.ezone.pl\/tompol\/de\/wp-json\/wp\/v2\/users\/1"}],"replies":[{"embeddable":true,"href":"https:\/\/klienci.ezone.pl\/tompol\/de\/wp-json\/wp\/v2\/comments?post=7439"}],"version-history":[{"count":11,"href":"https:\/\/klienci.ezone.pl\/tompol\/de\/wp-json\/wp\/v2\/pages\/7439\/revisions"}],"predecessor-version":[{"id":7585,"href":"https:\/\/klienci.ezone.pl\/tompol\/de\/wp-json\/wp\/v2\/pages\/7439\/revisions\/7585"}],"wp:attachment":[{"href":"https:\/\/klienci.ezone.pl\/tompol\/de\/wp-json\/wp\/v2\/media?parent=7439"}],"curies":[{"name":"wp","href":"https:\/\/api.w.org\/{rel}","templated":true}]}}