{"id":4805,"date":"2025-11-12T11:39:27","date_gmt":"2025-11-12T10:39:27","guid":{"rendered":"https:\/\/klienci.ezone.pl\/tompol\/grants\/project\/"},"modified":"2025-12-04T13:17:52","modified_gmt":"2025-12-04T12:17:52","slug":"project","status":"publish","type":"page","link":"https:\/\/klienci.ezone.pl\/tompol\/en\/grants\/project\/","title":{"rendered":"Project"},"content":{"rendered":"\t\t<div data-elementor-type=\"wp-page\" data-elementor-id=\"4805\" class=\"elementor elementor-4805 elementor-1934\" data-elementor-post-type=\"page\">\n\t\t\t\t<div class=\"elementor-element elementor-element-5ef7019 e-flex e-con-boxed e-con e-parent\" data-id=\"5ef7019\" data-element_type=\"container\" data-settings=\"{&quot;background_background&quot;:&quot;classic&quot;}\">\n\t\t\t\t\t<div class=\"e-con-inner\">\n\t\t\t\t<div class=\"elementor-element elementor-element-5810600 animated-slow elementor-invisible elementor-widget elementor-widget-heading\" data-id=\"5810600\" data-element_type=\"widget\" data-settings=\"{&quot;_animation&quot;:&quot;fadeIn&quot;}\" data-widget_type=\"heading.default\">\n\t\t\t\t<div class=\"elementor-widget-container\">\n\t\t\t\t\t<h1 class=\"elementor-heading-title elementor-size-default\">Project Grant<\/h1>\t\t\t\t<\/div>\n\t\t\t\t<\/div>\n\t\t\t\t<div class=\"elementor-element elementor-element-b620c40 animated-slow elementor-invisible elementor-widget elementor-widget-text-editor\" data-id=\"b620c40\" data-element_type=\"widget\" data-settings=\"{&quot;_animation&quot;:&quot;fadeIn&quot;}\" data-widget_type=\"text-editor.default\">\n\t\t\t\t<div class=\"elementor-widget-container\">\n\t\t\t\t\t\t\t\t\t<p>&#8220;Implementation of new technology for the production of upholstered furniture with enhanced durability and water and light resistance, designed for outdoor use at TOM-POL production and service facility&#8221;<\/p>\t\t\t\t\t\t\t\t<\/div>\n\t\t\t\t<\/div>\n\t\t\t\t\t<\/div>\n\t\t\t\t<\/div>\n\t\t<div class=\"elementor-element elementor-element-907eebe e-flex e-con-boxed e-con e-parent\" data-id=\"907eebe\" data-element_type=\"container\">\n\t\t\t\t\t<div class=\"e-con-inner\">\n\t\t<div class=\"elementor-element elementor-element-a631947 e-con-full e-flex e-con e-child\" data-id=\"a631947\" data-element_type=\"container\">\n\t\t\t\t<div class=\"elementor-element elementor-element-fc08a90 elementor-widget elementor-widget-text-editor\" data-id=\"fc08a90\" data-element_type=\"widget\" data-widget_type=\"text-editor.default\">\n\t\t\t\t<div class=\"elementor-widget-container\">\n\t\t\t\t\t\t\t\t\t<p class=\"has-text-align-center\"><strong>Tomasz Wr\u00f3bel Furniture Factory &#8220;TOM-POL&#8221;<\/strong><\/p>\n<p class=\"has-text-align-center\">ul. Szpot 1a, Opat\u00f3w, 63-645 \u0141\u0119ka Opatowska<br>Phone: 62 781 33 30, Tax ID: 6190020232, Business ID: 250460950 <br>is implementing a project under the Greater Poland Regional Operational Programme 2014-2020 within Sub-measure 1.5.2 Strengthening the competitiveness of key areas of the region&#8217;s economy, titled &#8220;Implementation of new technology for the production of upholstered furniture with enhanced durability and water and light resistance, designed for outdoor use at TOM-POL Production and Service Facility.&#8221;  <\/p>\n<p><strong>Project objectives:<br><\/strong><em>The project aims to implement innovation in the production technology of upholstered furniture designed for outdoor use with enhanced durability and water and light resistance. This is a planned process innovation. Another objective of the project is to introduce new products to the offer in the form of a range of new furniture designed for outdoor use with enhanced durability and water and light resistance. This is a planned product innovation.<\/em> <\/p>\n<p><strong>Expected outcomes:<br><\/strong><em>The following outcomes are planned: <br><br>Number of enterprises receiving support &#8211; 1 unit<br>Number of enterprises receiving grants &#8211; 1 unit<br>Private investments complementing public support for enterprises (grants) &#8211; 4,780,160.00 PLN<br>Number of enterprises supported to introduce new-to-market products &#8211; 1 unit<br>Number of enterprises supported to introduce new-to-firm products &#8211; 1 unit<br>Number of purchased fixed assets &#8211; 30 units<br>Number of acquired intangible assets &#8211; 1 unit<\/em> <\/p>\n<p><strong>Project value:<br><\/strong>Total project value: 5,162,010.00 PLN<br>Amount of eligible costs: 4,337,000.00 PLN <\/p>\n<p><strong>European Funds contribution:<br><\/strong>Grant amount: 1,517,949.99 PLN<\/p>\t\t\t\t\t\t\t\t<\/div>\n\t\t\t\t<\/div>\n\t\t\t\t<\/div>\n\t\t\t\t\t<\/div>\n\t\t\t\t<\/div>\n\t\t<div class=\"elementor-element elementor-element-9b55e3b e-con-full e-flex e-con e-parent\" data-id=\"9b55e3b\" data-element_type=\"container\" data-settings=\"{&quot;background_background&quot;:&quot;classic&quot;}\">\n\t\t\t\t<\/div>\n\t\t\t\t<\/div>\n\t\t","protected":false},"excerpt":{"rendered":"<p>Project Grant &#8220;Implementation of new technology for the production of upholstered furniture with enhanced durability and water and light resistance, [&hellip;]<\/p>\n","protected":false},"author":1,"featured_media":0,"parent":4658,"menu_order":0,"comment_status":"closed","ping_status":"closed","template":"","meta":{"site-sidebar-layout":"no-sidebar","site-content-layout":"","ast-site-content-layout":"full-width-container","site-content-style":"unboxed","site-sidebar-style":"unboxed","ast-global-header-display":"","ast-banner-title-visibility":"","ast-main-header-display":"","ast-hfb-above-header-display":"","ast-hfb-below-header-display":"","ast-hfb-mobile-header-display":"","site-post-title":"disabled","ast-breadcrumbs-content":"","ast-featured-img":"disabled","footer-sml-layout":"","theme-transparent-header-meta":"enabled","adv-header-id-meta":"","stick-header-meta":"","header-above-stick-meta":"","header-main-stick-meta":"","header-below-stick-meta":"","astra-migrate-meta-layouts":"default","ast-page-background-enabled":"default","ast-page-background-meta":{"desktop":{"background-color":"var(--ast-global-color-4)","background-image":"","background-repeat":"repeat","background-position":"center center","background-size":"auto","background-attachment":"scroll","background-type":"","background-media":"","overlay-type":"","overlay-color":"","overlay-opacity":"","overlay-gradient":""},"tablet":{"background-color":"","background-image":"","background-repeat":"repeat","background-position":"center center","background-size":"auto","background-attachment":"scroll","background-type":"","background-media":"","overlay-type":"","overlay-color":"","overlay-opacity":"","overlay-gradient":""},"mobile":{"background-color":"","background-image":"","background-repeat":"repeat","background-position":"center center","background-size":"auto","background-attachment":"scroll","background-type":"","background-media":"","overlay-type":"","overlay-color":"","overlay-opacity":"","overlay-gradient":""}},"ast-content-background-meta":{"desktop":{"background-color":"var(--ast-global-color-5)","background-image":"","background-repeat":"repeat","background-position":"center center","background-size":"auto","background-attachment":"scroll","background-type":"","background-media":"","overlay-type":"","overlay-color":"","overlay-opacity":"","overlay-gradient":""},"tablet":{"background-color":"var(--ast-global-color-5)","background-image":"","background-repeat":"repeat","background-position":"center center","background-size":"auto","background-attachment":"scroll","background-type":"","background-media":"","overlay-type":"","overlay-color":"","overlay-opacity":"","overlay-gradient":""},"mobile":{"background-color":"var(--ast-global-color-5)","background-image":"","background-repeat":"repeat","background-position":"center center","background-size":"auto","background-attachment":"scroll","background-type":"","background-media":"","overlay-type":"","overlay-color":"","overlay-opacity":"","overlay-gradient":""}},"footnotes":""},"class_list":["post-4805","page","type-page","status-publish","hentry"],"_links":{"self":[{"href":"https:\/\/klienci.ezone.pl\/tompol\/en\/wp-json\/wp\/v2\/pages\/4805","targetHints":{"allow":["GET"]}}],"collection":[{"href":"https:\/\/klienci.ezone.pl\/tompol\/en\/wp-json\/wp\/v2\/pages"}],"about":[{"href":"https:\/\/klienci.ezone.pl\/tompol\/en\/wp-json\/wp\/v2\/types\/page"}],"author":[{"embeddable":true,"href":"https:\/\/klienci.ezone.pl\/tompol\/en\/wp-json\/wp\/v2\/users\/1"}],"replies":[{"embeddable":true,"href":"https:\/\/klienci.ezone.pl\/tompol\/en\/wp-json\/wp\/v2\/comments?post=4805"}],"version-history":[{"count":1,"href":"https:\/\/klienci.ezone.pl\/tompol\/en\/wp-json\/wp\/v2\/pages\/4805\/revisions"}],"predecessor-version":[{"id":4806,"href":"https:\/\/klienci.ezone.pl\/tompol\/en\/wp-json\/wp\/v2\/pages\/4805\/revisions\/4806"}],"up":[{"embeddable":true,"href":"https:\/\/klienci.ezone.pl\/tompol\/en\/wp-json\/wp\/v2\/pages\/4658"}],"wp:attachment":[{"href":"https:\/\/klienci.ezone.pl\/tompol\/en\/wp-json\/wp\/v2\/media?parent=4805"}],"curies":[{"name":"wp","href":"https:\/\/api.w.org\/{rel}","templated":true}]}}