{"id":7443,"date":"2025-12-16T09:46:49","date_gmt":"2025-12-16T08:46:49","guid":{"rendered":"https:\/\/klienci.ezone.pl\/tompol\/privacy-policy\/"},"modified":"2025-12-16T10:41:57","modified_gmt":"2025-12-16T09:41:57","slug":"privacy-policy","status":"publish","type":"page","link":"https:\/\/klienci.ezone.pl\/tompol\/en\/privacy-policy\/","title":{"rendered":"Privacy Policy"},"content":{"rendered":"\t\t<div data-elementor-type=\"wp-page\" data-elementor-id=\"7443\" class=\"elementor elementor-7443 elementor-7416\" data-elementor-post-type=\"page\">\n\t\t\t\t<div class=\"elementor-element elementor-element-df3abc1 e-flex e-con-boxed e-con e-parent\" data-id=\"df3abc1\" data-element_type=\"container\" data-settings=\"{&quot;background_background&quot;:&quot;classic&quot;}\">\n\t\t\t\t\t<div class=\"e-con-inner\">\n\t\t\t\t<div class=\"elementor-element elementor-element-d6cad67 animated-slow elementor-invisible elementor-widget elementor-widget-heading\" data-id=\"d6cad67\" data-element_type=\"widget\" data-settings=\"{&quot;_animation&quot;:&quot;fadeIn&quot;}\" data-widget_type=\"heading.default\">\n\t\t\t\t<div class=\"elementor-widget-container\">\n\t\t\t\t\t<h1 class=\"elementor-heading-title elementor-size-default\">Privacy Policy<\/h1>\t\t\t\t<\/div>\n\t\t\t\t<\/div>\n\t\t\t\t\t<\/div>\n\t\t\t\t<\/div>\n\t\t<div class=\"elementor-element elementor-element-6112710 e-flex e-con-boxed e-con e-parent\" data-id=\"6112710\" data-element_type=\"container\">\n\t\t\t\t\t<div class=\"e-con-inner\">\n\t\t<div class=\"elementor-element elementor-element-4b989d1 e-con-full e-flex e-con e-child\" data-id=\"4b989d1\" data-element_type=\"container\">\n\t\t<div class=\"elementor-element elementor-element-880341d e-con-full e-flex e-con e-child\" data-id=\"880341d\" data-element_type=\"container\">\n\t\t\t\t<div class=\"elementor-element elementor-element-e9ace77 jestesmy elementor-widget elementor-widget-heading\" data-id=\"e9ace77\" data-element_type=\"widget\" data-widget_type=\"heading.default\">\n\t\t\t\t<div class=\"elementor-widget-container\">\n\t\t\t\t\t<h4 class=\"elementor-heading-title elementor-size-default\">Information on the processing of personal data<\/h4>\t\t\t\t<\/div>\n\t\t\t\t<\/div>\n\t\t\t\t<div class=\"elementor-element elementor-element-aefdccd jestesmy elementor-widget elementor-widget-heading\" data-id=\"aefdccd\" data-element_type=\"widget\" data-widget_type=\"heading.default\">\n\t\t\t\t<div class=\"elementor-widget-container\">\n\t\t\t\t\t<h4 class=\"elementor-heading-title elementor-size-default\">FABRYKA MEBLI TOM-POL Tomasz Wr\u00f3bel sp. k. <\/h4>\t\t\t\t<\/div>\n\t\t\t\t<\/div>\n\t\t\t\t<div class=\"elementor-element elementor-element-82aa51c elementor-widget__width-initial privacy-policy elementor-widget elementor-widget-text-editor\" data-id=\"82aa51c\" data-element_type=\"widget\" data-widget_type=\"text-editor.default\">\n\t\t\t\t<div class=\"elementor-widget-container\">\n\t\t\t\t\t\t\t\t\t<p>Dear Sirs!<\/p><p>In our operations, we comply with the provisions of <a href=\"https:\/\/uodo.gov.pl\/pl\/131\/224\">the General Data Protection Regulation<\/a> (GDPR) and ensure an adequate level of personal data security.<\/p><p><strong>The administrator of your personal data is Fabryka Mebli TOM-POL Tomasz Wr\u00f3bel sp.k.<\/strong> headquartered <strong>in Opat\u00f3w at Szpot nr 1A, 63-645 Opat\u00f3w; <\/strong>KRS: 0001038188, NIP: 6192057630, REGON: 524616221.<\/p><p>Below you will find detailed information on the processing of personal data concerning, among other things, the purposes for which we use the data and your rights in connection with the processing. Please read the relevant information. <\/p><ol class=\"wp-block-list\"><li><a href=\"https:\/\/klienci.ezone.pl\/tompol\/en\/privacy-policy\/information-on-personal-data-processing-for-customers\/\"><strong>Information on data processing for customers<\/strong> <strong>and those who intend to take advantage of our offer.<\/strong><\/a><\/li><li><strong><a href=\"https:\/\/klienci.ezone.pl\/tompol\/polityka-prywatnosci\/informacja-o-przetwarzaniu-danych-osobowych-dla-pracownikow-i-przedstawicieli-naszych-klientow-i-dostawcow\/\">Information on data processing for Employees and Representatives of our Customers and Suppliers<\/a><\/strong>, i.e., for persons who enter into contracts on behalf of our Customers or Suppliers, are involved in the execution of such contracts, or with whom we are in contact in these matters.<\/li><li><strong><a href=\"https:\/\/klienci.ezone.pl\/tompol\/polityka-prywatnosci\/informacja-o-przetwarzaniu-danych-osobowych-dla-naszych-dostawcow\/\">Information on data processing for our Suppliers<\/a><\/strong>, who supply us with goods and provide us with services.<\/li><li><strong><a href=\"https:\/\/klienci.ezone.pl\/tompol\/polityka-prywatnosci\/informacja-o-przetwarzaniu-danych-osobowych-dla-kandydatow-do-pracy\/\">Data Processing Information for Job Candidates<\/a>.<\/strong><\/li><li><strong><a href=\"https:\/\/klienci.ezone.pl\/tompol\/polityka-prywatnosci\/informacja-o-przetwarzaniu-danych-osobowych-dla-osob-odwiedzajacych-nasz-fanpage-na-facebooku\/\">Information about data processing for visitors to our Facebook fanpage<\/a>.<\/strong><\/li><li><strong><a href=\"https:\/\/klienci.ezone.pl\/tompol\/polityka-prywatnosci\/informacja-o-przetwarzaniu-danych-osobowych-dla-osob-odwiedzajacych-nasz-profil-na-instagramie\/\">Information about data processing for visitors to our profile on Instagram.<\/a><\/strong><\/li><li><strong><a href=\"https:\/\/klienci.ezone.pl\/tompol\/polityka-prywatnosci\/informacja-o-przetwarzaniu-danych-osobowych-dla-kupujacych-za-posrednictwem-allegro\/\">Information about data processing for those who buy our products via Allegro.pl<\/a>.<\/strong><\/li><li><strong><a href=\"https:\/\/klienci.ezone.pl\/tompol\/polityka-prywatnosci\/informacja-o-przetwarzaniu-danych-osobowych-dla-osob-przesylajacych-zapytania\/\">Information on data processing for persons sending inquiries not directly related to the conclusion or execution of the contract<\/a>.<\/strong><\/li><li><a href=\"https:\/\/klienci.ezone.pl\/tompol\/polityka-prywatnosci\/informacja-o-przetwarzaniu-danych-osobowych-dla-sygnalistow-osob-ktorych-dotyczy-zgloszenie-oraz-osob-wskazanych-w-zgloszeniu-informacji-o-naruszeniu-prawa\/\" data-type=\"page\" data-id=\"2834\"><strong>Information on the processing of personal data<\/strong> <strong>for Whistleblowers, persons affected by the notification and persons indicated in the notification of information on violation of the law<\/strong>.<\/a><\/li><\/ol><p>If you have any questions about the processing of your personal data or your rights in connection with such processing, please send your inquiry to the following email address: <a href=\"mailto:rodo@meble-tompol.pl\">rodo@meble-tompol.pl<\/a><\/p><p>With regard to data processed on the basis of legitimate interest (i.e., on the basis of Article 6(1)(f) of the RODO), we can also make available, upon your request, the so-called &#8220;balancing test&#8221;, which assesses the feasibility of using this basis for data processing. <\/p><p>Note: all of the above information is for individuals; data on commercial companies and legal entities is not subject to the protection introduced by the RODO.<\/p><p><em>Fabryka Mebli TOM-POL Tomasz Wr\u00f3bel sp.k. based in Opat\u00f3w, 1A Szpot Street, 63-645 Opat\u00f3w, entered in the Register of Entrepreneurs of the National Court Register kept by the District Court Pozna\u0144 &#8211; Nowe Miasto and Wilda in Pozna\u0144, IX Economic Department of the National Court Register under the KRS number 0001038188; NIP: 6192057630; REGON: 524616221.  <\/em><\/p><p>The privacy policy is for informational purposes and is constantly reviewed and updated as necessary. Date last updated: 03.03.2025 <\/p>\t\t\t\t\t\t\t\t<\/div>\n\t\t\t\t<\/div>\n\t\t\t\t<\/div>\n\t\t\t\t<\/div>\n\t\t\t\t\t<\/div>\n\t\t\t\t<\/div>\n\t\t<div class=\"elementor-element elementor-element-304ea07 e-flex e-con-boxed e-con e-parent\" data-id=\"304ea07\" data-element_type=\"container\">\n\t\t\t\t\t<div class=\"e-con-inner\">\n\t\t<div class=\"elementor-element elementor-element-687c15b e-con-full e-flex e-con e-child\" data-id=\"687c15b\" data-element_type=\"container\">\n\t\t\t\t<div class=\"elementor-element elementor-element-7f8d52d elementor-widget__width-initial privacy-policy elementor-widget elementor-widget-text-editor\" data-id=\"7f8d52d\" data-element_type=\"widget\" data-widget_type=\"text-editor.default\">\n\t\t\t\t<div class=\"elementor-widget-container\">\n\t\t\t\t\t\t\t\t\t<p>Statement on <strong><a href=\"https:\/\/klienci.ezone.pl\/tompol\/wp-content\/uploads\/2025\/12\/Przeciwdzialanie-niewolnictwu-i-handlowi-ludzmi.pdf\" data-type=\"link\" data-id=\"https:\/\/meble-tompol.pl\/wp-content\/uploads\/2025\/07\/Przeciwdzialanie-niewolnictwu-i-handlowi-ludzmi.pdf\">Anti-slavery and human trafficking<\/a><\/strong><\/p>\t\t\t\t\t\t\t\t<\/div>\n\t\t\t\t<\/div>\n\t\t\t\t<div class=\"elementor-element elementor-element-556b166 elementor-tablet-align-center elementor-mobile-align-center elementor-widget elementor-widget-button\" data-id=\"556b166\" data-element_type=\"widget\" data-widget_type=\"button.default\">\n\t\t\t\t<div class=\"elementor-widget-container\">\n\t\t\t\t\t\t\t\t\t<div class=\"elementor-button-wrapper\">\n\t\t\t\t\t<a class=\"elementor-button elementor-button-link elementor-size-sm\" href=\"https:\/\/klienci.ezone.pl\/tompol\/wp-content\/uploads\/2025\/12\/Przeciwdzialanie-niewolnictwu-i-handlowi-ludzmi.pdf\">\n\t\t\t\t\t\t<span class=\"elementor-button-content-wrapper\">\n\t\t\t\t\t\t\t\t\t<span class=\"elementor-button-text\">Download<\/span>\n\t\t\t\t\t<\/span>\n\t\t\t\t\t<\/a>\n\t\t\t\t<\/div>\n\t\t\t\t\t\t\t\t<\/div>\n\t\t\t\t<\/div>\n\t\t\t\t<\/div>\n\t\t\t\t\t<\/div>\n\t\t\t\t<\/div>\n\t\t\t\t<\/div>\n\t\t","protected":false},"excerpt":{"rendered":"<p>Privacy Policy Information on the processing of personal data FABRYKA MEBLI TOM-POL Tomasz Wr\u00f3bel sp. k. Dear Sirs! In our [&hellip;]<\/p>\n","protected":false},"author":1,"featured_media":0,"parent":0,"menu_order":0,"comment_status":"closed","ping_status":"closed","template":"","meta":{"site-sidebar-layout":"no-sidebar","site-content-layout":"","ast-site-content-layout":"full-width-container","site-content-style":"unboxed","site-sidebar-style":"unboxed","ast-global-header-display":"","ast-banner-title-visibility":"","ast-main-header-display":"","ast-hfb-above-header-display":"","ast-hfb-below-header-display":"","ast-hfb-mobile-header-display":"","site-post-title":"disabled","ast-breadcrumbs-content":"","ast-featured-img":"disabled","footer-sml-layout":"","theme-transparent-header-meta":"enabled","adv-header-id-meta":"","stick-header-meta":"","header-above-stick-meta":"","header-main-stick-meta":"","header-below-stick-meta":"","astra-migrate-meta-layouts":"default","ast-page-background-enabled":"default","ast-page-background-meta":{"desktop":{"background-color":"var(--ast-global-color-4)","background-image":"","background-repeat":"repeat","background-position":"center center","background-size":"auto","background-attachment":"scroll","background-type":"","background-media":"","overlay-type":"","overlay-color":"","overlay-opacity":"","overlay-gradient":""},"tablet":{"background-color":"","background-image":"","background-repeat":"repeat","background-position":"center center","background-size":"auto","background-attachment":"scroll","background-type":"","background-media":"","overlay-type":"","overlay-color":"","overlay-opacity":"","overlay-gradient":""},"mobile":{"background-color":"","background-image":"","background-repeat":"repeat","background-position":"center center","background-size":"auto","background-attachment":"scroll","background-type":"","background-media":"","overlay-type":"","overlay-color":"","overlay-opacity":"","overlay-gradient":""}},"ast-content-background-meta":{"desktop":{"background-color":"var(--ast-global-color-5)","background-image":"","background-repeat":"repeat","background-position":"center center","background-size":"auto","background-attachment":"scroll","background-type":"","background-media":"","overlay-type":"","overlay-color":"","overlay-opacity":"","overlay-gradient":""},"tablet":{"background-color":"var(--ast-global-color-5)","background-image":"","background-repeat":"repeat","background-position":"center center","background-size":"auto","background-attachment":"scroll","background-type":"","background-media":"","overlay-type":"","overlay-color":"","overlay-opacity":"","overlay-gradient":""},"mobile":{"background-color":"var(--ast-global-color-5)","background-image":"","background-repeat":"repeat","background-position":"center center","background-size":"auto","background-attachment":"scroll","background-type":"","background-media":"","overlay-type":"","overlay-color":"","overlay-opacity":"","overlay-gradient":""}},"footnotes":""},"class_list":["post-7443","page","type-page","status-publish","hentry"],"_links":{"self":[{"href":"https:\/\/klienci.ezone.pl\/tompol\/en\/wp-json\/wp\/v2\/pages\/7443","targetHints":{"allow":["GET"]}}],"collection":[{"href":"https:\/\/klienci.ezone.pl\/tompol\/en\/wp-json\/wp\/v2\/pages"}],"about":[{"href":"https:\/\/klienci.ezone.pl\/tompol\/en\/wp-json\/wp\/v2\/types\/page"}],"author":[{"embeddable":true,"href":"https:\/\/klienci.ezone.pl\/tompol\/en\/wp-json\/wp\/v2\/users\/1"}],"replies":[{"embeddable":true,"href":"https:\/\/klienci.ezone.pl\/tompol\/en\/wp-json\/wp\/v2\/comments?post=7443"}],"version-history":[{"count":11,"href":"https:\/\/klienci.ezone.pl\/tompol\/en\/wp-json\/wp\/v2\/pages\/7443\/revisions"}],"predecessor-version":[{"id":7587,"href":"https:\/\/klienci.ezone.pl\/tompol\/en\/wp-json\/wp\/v2\/pages\/7443\/revisions\/7587"}],"wp:attachment":[{"href":"https:\/\/klienci.ezone.pl\/tompol\/en\/wp-json\/wp\/v2\/media?parent=7443"}],"curies":[{"name":"wp","href":"https:\/\/api.w.org\/{rel}","templated":true}]}}