{"id":4811,"date":"2025-11-12T11:39:27","date_gmt":"2025-11-12T10:39:27","guid":{"rendered":"https:\/\/klienci.ezone.pl\/tompol\/subventions\/projet\/"},"modified":"2025-12-04T13:28:20","modified_gmt":"2025-12-04T12:28:20","slug":"projet","status":"publish","type":"page","link":"https:\/\/klienci.ezone.pl\/tompol\/fr\/subventions\/projet\/","title":{"rendered":"Projet"},"content":{"rendered":"\t\t<div data-elementor-type=\"wp-page\" data-elementor-id=\"4811\" class=\"elementor elementor-4811 elementor-1934\" data-elementor-post-type=\"page\">\n\t\t\t\t<div class=\"elementor-element elementor-element-5ef7019 e-flex e-con-boxed e-con e-parent\" data-id=\"5ef7019\" data-element_type=\"container\" data-settings=\"{&quot;background_background&quot;:&quot;classic&quot;}\">\n\t\t\t\t\t<div class=\"e-con-inner\">\n\t\t\t\t<div class=\"elementor-element elementor-element-5810600 animated-slow elementor-invisible elementor-widget elementor-widget-heading\" data-id=\"5810600\" data-element_type=\"widget\" data-settings=\"{&quot;_animation&quot;:&quot;fadeIn&quot;}\" data-widget_type=\"heading.default\">\n\t\t\t\t<div class=\"elementor-widget-container\">\n\t\t\t\t\t<h1 class=\"elementor-heading-title elementor-size-default\">Subvention pour le projet<\/h1>\t\t\t\t<\/div>\n\t\t\t\t<\/div>\n\t\t\t\t<div class=\"elementor-element elementor-element-b620c40 animated-slow elementor-invisible elementor-widget elementor-widget-text-editor\" data-id=\"b620c40\" data-element_type=\"widget\" data-settings=\"{&quot;_animation&quot;:&quot;fadeIn&quot;}\" data-widget_type=\"text-editor.default\">\n\t\t\t\t<div class=\"elementor-widget-container\">\n\t\t\t\t\t\t\t\t\t<p>\u00ab Mise en \u0153uvre dans l&rsquo;usine de production et de services TOM-POL d&rsquo;une nouvelle technologie de production de meubles rembourr\u00e9s \u00e0 r\u00e9sistance accrue et r\u00e9sistants \u00e0 l&rsquo;eau et \u00e0 la lumi\u00e8re, destin\u00e9s \u00e0 un usage ext\u00e9rieur \u00bb<\/p>\t\t\t\t\t\t\t\t<\/div>\n\t\t\t\t<\/div>\n\t\t\t\t\t<\/div>\n\t\t\t\t<\/div>\n\t\t<div class=\"elementor-element elementor-element-907eebe e-flex e-con-boxed e-con e-parent\" data-id=\"907eebe\" data-element_type=\"container\">\n\t\t\t\t\t<div class=\"e-con-inner\">\n\t\t<div class=\"elementor-element elementor-element-a631947 e-con-full e-flex e-con e-child\" data-id=\"a631947\" data-element_type=\"container\">\n\t\t\t\t<div class=\"elementor-element elementor-element-fc08a90 elementor-widget elementor-widget-text-editor\" data-id=\"fc08a90\" data-element_type=\"widget\" data-widget_type=\"text-editor.default\">\n\t\t\t\t<div class=\"elementor-widget-container\">\n\t\t\t\t\t\t\t\t\t<p class=\"has-text-align-center\"><strong>Tomasz Wr\u00f3bel Fabrique de Meubles \u00ab TOM-POL \u00bb<\/strong><\/p>\n<p class=\"has-text-align-center\">ul. Szpot 1a, Opat\u00f3w, 63-645 \u0141\u0119ka Opatowska<br>T\u00e9l\u00e9phone : 62 781 33 30, NIP 6190020232, REGON 250460950 <br>r\u00e9alise un projet dans le cadre du Programme Op\u00e9rationnel R\u00e9gional de Grande-Pologne pour les ann\u00e9es 2014-2020 dans le cadre de la Sous-mesure 1.5.2 Renforcement de la comp\u00e9titivit\u00e9 des domaines cl\u00e9s de l&rsquo;\u00e9conomie de la r\u00e9gion, intitul\u00e9 \u00ab Mise en \u0153uvre dans l&rsquo;usine de production et de services TOM-POL d&rsquo;une nouvelle technologie de production de meubles rembourr\u00e9s \u00e0 r\u00e9sistance accrue et r\u00e9sistants \u00e0 l&rsquo;eau et \u00e0 la lumi\u00e8re, destin\u00e9s \u00e0 un usage ext\u00e9rieur. \u00bb  <\/p>\n<p><strong>Objectifs du projet :<br><\/strong><em>L&rsquo;objectif du projet est de mettre en \u0153uvre une innovation dans la technologie de production de meubles rembourr\u00e9s destin\u00e9s \u00e0 un usage ext\u00e9rieur avec une r\u00e9sistance accrue et une r\u00e9sistance \u00e0 l&rsquo;eau et \u00e0 la lumi\u00e8re. Il s&rsquo;agit d&rsquo;une innovation de processus planifi\u00e9e. Un autre objectif du projet est d&rsquo;introduire dans l&rsquo;offre de nouveaux produits sous la forme d&rsquo;une gamme de nouveaux meubles destin\u00e9s \u00e0 un usage ext\u00e9rieur avec une r\u00e9sistance accrue et une r\u00e9sistance \u00e0 l&rsquo;eau et \u00e0 la lumi\u00e8re. Il s&rsquo;agit d&rsquo;une innovation de produit planifi\u00e9e. <\/em> <\/p>\n<p><strong>Effets pr\u00e9vus :<br><\/strong><em>Il est pr\u00e9vu d&rsquo;atteindre les effets suivants : <br><br>Nombre d&rsquo;entreprises recevant un soutien &#8211; 1 unit\u00e9. <br>Nombre d&rsquo;entreprises recevant des subventions &#8211; 1 unit\u00e9. <br>Investissements priv\u00e9s compl\u00e9tant le soutien public aux entreprises (subventions) &#8211; 4 780 160,00 z\u0142 <br>Nombre d&rsquo;entreprises soutenues pour introduire des produits nouveaux sur le march\u00e9 &#8211; 1 unit\u00e9. <br>Nombre d&rsquo;entreprises soutenues pour introduire des produits nouveaux pour l&rsquo;entreprise &#8211; 1 unit\u00e9. <br>Nombre d&rsquo;immobilisations corporelles achet\u00e9es &#8211; 30 unit\u00e9s. <br>Nombre d&rsquo;immobilisations incorporelles acquises &#8211; 1 unit\u00e9. <\/em> <\/p>\n<p><strong>Valeur du projet :<br><\/strong>Valeur totale du projet : 5 162 010,00 PLN <br>Montant des co\u00fbts \u00e9ligibles : 4 337 000,00 PLN  <\/p>\n<p><strong>Contribution des Fonds Europ\u00e9ens : <br><\/strong>Montant du financement : 1 517 949,99 PLN<\/p>\t\t\t\t\t\t\t\t<\/div>\n\t\t\t\t<\/div>\n\t\t\t\t<\/div>\n\t\t\t\t\t<\/div>\n\t\t\t\t<\/div>\n\t\t<div class=\"elementor-element elementor-element-9b55e3b e-con-full e-flex e-con e-parent\" data-id=\"9b55e3b\" data-element_type=\"container\" data-settings=\"{&quot;background_background&quot;:&quot;classic&quot;}\">\n\t\t\t\t<\/div>\n\t\t\t\t<\/div>\n\t\t","protected":false},"excerpt":{"rendered":"<p>Subvention pour le projet \u00ab Mise en \u0153uvre dans l&rsquo;usine de production et de services TOM-POL d&rsquo;une nouvelle technologie de [&hellip;]<\/p>\n","protected":false},"author":1,"featured_media":0,"parent":4727,"menu_order":0,"comment_status":"closed","ping_status":"closed","template":"","meta":{"site-sidebar-layout":"no-sidebar","site-content-layout":"","ast-site-content-layout":"full-width-container","site-content-style":"unboxed","site-sidebar-style":"unboxed","ast-global-header-display":"","ast-banner-title-visibility":"","ast-main-header-display":"","ast-hfb-above-header-display":"","ast-hfb-below-header-display":"","ast-hfb-mobile-header-display":"","site-post-title":"disabled","ast-breadcrumbs-content":"","ast-featured-img":"disabled","footer-sml-layout":"","theme-transparent-header-meta":"enabled","adv-header-id-meta":"","stick-header-meta":"","header-above-stick-meta":"","header-main-stick-meta":"","header-below-stick-meta":"","astra-migrate-meta-layouts":"default","ast-page-background-enabled":"default","ast-page-background-meta":{"desktop":{"background-color":"var(--ast-global-color-4)","background-image":"","background-repeat":"repeat","background-position":"center center","background-size":"auto","background-attachment":"scroll","background-type":"","background-media":"","overlay-type":"","overlay-color":"","overlay-opacity":"","overlay-gradient":""},"tablet":{"background-color":"","background-image":"","background-repeat":"repeat","background-position":"center center","background-size":"auto","background-attachment":"scroll","background-type":"","background-media":"","overlay-type":"","overlay-color":"","overlay-opacity":"","overlay-gradient":""},"mobile":{"background-color":"","background-image":"","background-repeat":"repeat","background-position":"center center","background-size":"auto","background-attachment":"scroll","background-type":"","background-media":"","overlay-type":"","overlay-color":"","overlay-opacity":"","overlay-gradient":""}},"ast-content-background-meta":{"desktop":{"background-color":"var(--ast-global-color-5)","background-image":"","background-repeat":"repeat","background-position":"center center","background-size":"auto","background-attachment":"scroll","background-type":"","background-media":"","overlay-type":"","overlay-color":"","overlay-opacity":"","overlay-gradient":""},"tablet":{"background-color":"var(--ast-global-color-5)","background-image":"","background-repeat":"repeat","background-position":"center center","background-size":"auto","background-attachment":"scroll","background-type":"","background-media":"","overlay-type":"","overlay-color":"","overlay-opacity":"","overlay-gradient":""},"mobile":{"background-color":"var(--ast-global-color-5)","background-image":"","background-repeat":"repeat","background-position":"center center","background-size":"auto","background-attachment":"scroll","background-type":"","background-media":"","overlay-type":"","overlay-color":"","overlay-opacity":"","overlay-gradient":""}},"footnotes":""},"class_list":["post-4811","page","type-page","status-publish","hentry"],"_links":{"self":[{"href":"https:\/\/klienci.ezone.pl\/tompol\/fr\/wp-json\/wp\/v2\/pages\/4811","targetHints":{"allow":["GET"]}}],"collection":[{"href":"https:\/\/klienci.ezone.pl\/tompol\/fr\/wp-json\/wp\/v2\/pages"}],"about":[{"href":"https:\/\/klienci.ezone.pl\/tompol\/fr\/wp-json\/wp\/v2\/types\/page"}],"author":[{"embeddable":true,"href":"https:\/\/klienci.ezone.pl\/tompol\/fr\/wp-json\/wp\/v2\/users\/1"}],"replies":[{"embeddable":true,"href":"https:\/\/klienci.ezone.pl\/tompol\/fr\/wp-json\/wp\/v2\/comments?post=4811"}],"version-history":[{"count":1,"href":"https:\/\/klienci.ezone.pl\/tompol\/fr\/wp-json\/wp\/v2\/pages\/4811\/revisions"}],"predecessor-version":[{"id":4812,"href":"https:\/\/klienci.ezone.pl\/tompol\/fr\/wp-json\/wp\/v2\/pages\/4811\/revisions\/4812"}],"up":[{"embeddable":true,"href":"https:\/\/klienci.ezone.pl\/tompol\/fr\/wp-json\/wp\/v2\/pages\/4727"}],"wp:attachment":[{"href":"https:\/\/klienci.ezone.pl\/tompol\/fr\/wp-json\/wp\/v2\/media?parent=4811"}],"curies":[{"name":"wp","href":"https:\/\/api.w.org\/{rel}","templated":true}]}}