{"id":7441,"date":"2025-12-16T09:46:49","date_gmt":"2025-12-16T08:46:49","guid":{"rendered":"https:\/\/klienci.ezone.pl\/tompol\/politique-de-confidentialite\/"},"modified":"2025-12-16T10:41:57","modified_gmt":"2025-12-16T09:41:57","slug":"politique-de-confidentialite","status":"publish","type":"page","link":"https:\/\/klienci.ezone.pl\/tompol\/fr\/politique-de-confidentialite\/","title":{"rendered":"Politique de confidentialit\u00e9"},"content":{"rendered":"\t\t<div data-elementor-type=\"wp-page\" data-elementor-id=\"7441\" class=\"elementor elementor-7441 elementor-7416\" data-elementor-post-type=\"page\">\n\t\t\t\t<div class=\"elementor-element elementor-element-df3abc1 e-flex e-con-boxed e-con e-parent\" data-id=\"df3abc1\" data-element_type=\"container\" data-settings=\"{&quot;background_background&quot;:&quot;classic&quot;}\">\n\t\t\t\t\t<div class=\"e-con-inner\">\n\t\t\t\t<div class=\"elementor-element elementor-element-d6cad67 animated-slow elementor-invisible elementor-widget elementor-widget-heading\" data-id=\"d6cad67\" data-element_type=\"widget\" data-settings=\"{&quot;_animation&quot;:&quot;fadeIn&quot;}\" data-widget_type=\"heading.default\">\n\t\t\t\t<div class=\"elementor-widget-container\">\n\t\t\t\t\t<h1 class=\"elementor-heading-title elementor-size-default\">Politique de confidentialit\u00e9<\/h1>\t\t\t\t<\/div>\n\t\t\t\t<\/div>\n\t\t\t\t\t<\/div>\n\t\t\t\t<\/div>\n\t\t<div class=\"elementor-element elementor-element-6112710 e-flex e-con-boxed e-con e-parent\" data-id=\"6112710\" data-element_type=\"container\">\n\t\t\t\t\t<div class=\"e-con-inner\">\n\t\t<div class=\"elementor-element elementor-element-4b989d1 e-con-full e-flex e-con e-child\" data-id=\"4b989d1\" data-element_type=\"container\">\n\t\t<div class=\"elementor-element elementor-element-880341d e-con-full e-flex e-con e-child\" data-id=\"880341d\" data-element_type=\"container\">\n\t\t\t\t<div class=\"elementor-element elementor-element-e9ace77 jestesmy elementor-widget elementor-widget-heading\" data-id=\"e9ace77\" data-element_type=\"widget\" data-widget_type=\"heading.default\">\n\t\t\t\t<div class=\"elementor-widget-container\">\n\t\t\t\t\t<h4 class=\"elementor-heading-title elementor-size-default\">Informations sur le traitement des donn\u00e9es personnelles<\/h4>\t\t\t\t<\/div>\n\t\t\t\t<\/div>\n\t\t\t\t<div class=\"elementor-element elementor-element-aefdccd jestesmy elementor-widget elementor-widget-heading\" data-id=\"aefdccd\" data-element_type=\"widget\" data-widget_type=\"heading.default\">\n\t\t\t\t<div class=\"elementor-widget-container\">\n\t\t\t\t\t<h4 class=\"elementor-heading-title elementor-size-default\">FABRYKA MEBLI TOM-POL Tomasz Wr\u00f3bel sp. k. <\/h4>\t\t\t\t<\/div>\n\t\t\t\t<\/div>\n\t\t\t\t<div class=\"elementor-element elementor-element-82aa51c elementor-widget__width-initial privacy-policy elementor-widget elementor-widget-text-editor\" data-id=\"82aa51c\" data-element_type=\"widget\" data-widget_type=\"text-editor.default\">\n\t\t\t\t<div class=\"elementor-widget-container\">\n\t\t\t\t\t\t\t\t\t<p>Mesdames et Messieurs !<\/p><p>Nous respectons le <a href=\"https:\/\/uodo.gov.pl\/pl\/131\/224\">r\u00e8glement g\u00e9n\u00e9ral sur la protection des donn\u00e9es (RGPD<\/a> ) dans nos op\u00e9rations et assurons un niveau ad\u00e9quat de s\u00e9curit\u00e9 des donn\u00e9es personnelles.<\/p><p><strong>L&rsquo;administrateur de vos donn\u00e9es personnelles est Fabryka Mebli TOM-POL Tomasz Wr\u00f3bel sp.k., dont le si\u00e8ge se trouve \u00e0 Opat\u00f3w, ul.<\/strong> dont <strong>le si\u00e8ge se trouve \u00e0 Opat\u00f3w, ul. Szpot nr 1A, 63-645 Opat\u00f3w ; <\/strong>KRS : 0001038188, NIP : 6192057630, REGON : 524616221.<\/p><p>Vous trouverez ci-dessous des informations d\u00e9taill\u00e9es sur le traitement de vos donn\u00e9es personnelles concernant, entre autres, les finalit\u00e9s pour lesquelles nous utilisons vos donn\u00e9es et vos droits en relation avec le traitement. Veuillez lire les informations pertinentes. <\/p><ol class=\"wp-block-list\"><li><a href=\"https:\/\/klienci.ezone.pl\/tompol\/fr\/politique-de-confidentialite\/informations-sur-le-traitement-des-donnees-personnelles-pour-les-clients\/\"><strong>Informations sur le traitement des donn\u00e9es pour les clients<\/strong> <strong>et les personnes qui souhaitent utiliser notre offre.<\/strong><\/a><\/li><li><strong><a href=\"https:\/\/klienci.ezone.pl\/tompol\/fr\/politique-de-confidentialite\/informations-sur-le-traitement-des-donnees-personnelles-pour-les-employes-et-les-representants-de-nos-clients-et-fournisseurs\/\">Informations sur le traitement des donn\u00e9es pour les employ\u00e9s et les repr\u00e9sentants de nos clients et fournisseurs<\/a><\/strong>Il s&rsquo;agit des personnes qui concluent des contrats au nom de nos clients ou fournisseurs, qui sont impliqu\u00e9es dans l&rsquo;ex\u00e9cution de ces contrats ou avec lesquelles nous sommes en contact dans ce domaine.<\/li><li><strong><a href=\"https:\/\/klienci.ezone.pl\/tompol\/polityka-prywatnosci\/informacja-o-przetwarzaniu-danych-osobowych-dla-naszych-dostawcow\/\">Informations sur le traitement des donn\u00e9es pour nos fournisseurs<\/a><\/strong>qui nous fournissent des biens et des services.<\/li><li><strong><a href=\"https:\/\/klienci.ezone.pl\/tompol\/polityka-prywatnosci\/informacja-o-przetwarzaniu-danych-osobowych-dla-kandydatow-do-pracy\/\">Informations sur le traitement des donn\u00e9es pour les candidats \u00e0 l&#8217;emploi<\/a>.<\/strong><\/li><li><strong><a href=\"https:\/\/klienci.ezone.pl\/tompol\/polityka-prywatnosci\/informacja-o-przetwarzaniu-danych-osobowych-dla-osob-odwiedzajacych-nasz-fanpage-na-facebooku\/\">Informations sur le traitement des donn\u00e9es pour les visiteurs de notre page Facebook<\/a>.<\/strong><\/li><li><strong><a href=\"https:\/\/klienci.ezone.pl\/tompol\/polityka-prywatnosci\/informacja-o-przetwarzaniu-danych-osobowych-dla-osob-odwiedzajacych-nasz-profil-na-instagramie\/\">Informations sur le traitement des donn\u00e9es pour les visiteurs de notre profil sur Instagram.<\/a><\/strong><\/li><li><strong><a href=\"https:\/\/klienci.ezone.pl\/tompol\/polityka-prywatnosci\/informacja-o-przetwarzaniu-danych-osobowych-dla-kupujacych-za-posrednictwem-allegro\/\">Informations sur le traitement des donn\u00e9es pour les personnes qui ach\u00e8tent nos produits via Allegro.pl.<\/a><\/strong><\/li><li><strong><a href=\"https:\/\/klienci.ezone.pl\/tompol\/polityka-prywatnosci\/informacja-o-przetwarzaniu-danych-osobowych-dla-osob-przesylajacych-zapytania\/\">Informations sur le traitement des donn\u00e9es pour les personnes envoyant des demandes de renseignements qui ne sont pas directement li\u00e9es \u00e0 la conclusion ou \u00e0 l&rsquo;ex\u00e9cution d&rsquo;un contrat<\/a>.<\/strong><\/li><li><a href=\"https:\/\/klienci.ezone.pl\/tompol\/polityka-prywatnosci\/informacja-o-przetwarzaniu-danych-osobowych-dla-sygnalistow-osob-ktorych-dotyczy-zgloszenie-oraz-osob-wskazanych-w-zgloszeniu-informacji-o-naruszeniu-prawa\/\" data-type=\"page\" data-id=\"2834\"><strong>Informations sur le traitement des donn\u00e9es personnelles<\/strong> <strong>des d\u00e9nonciateurs, des personnes concern\u00e9es et des personnes nomm\u00e9es dans une notification de d\u00e9nonciation<\/strong>.<\/a><\/li><\/ol><p>Si vous avez des questions concernant le traitement de vos donn\u00e9es personnelles ou vos droits relatifs au traitement de vos donn\u00e9es personnelles, veuillez envoyer votre demande \u00e0 l&rsquo;adresse \u00e9lectronique suivante <a href=\"mailto:rodo@meble-tompol.pl\">: rodo@meble-tompol.pl.<\/a><\/p><p>En ce qui concerne les donn\u00e9es trait\u00e9es sur la base d&rsquo;un int\u00e9r\u00eat l\u00e9gitime (c&rsquo;est-\u00e0-dire sur la base de l&rsquo;article 6, paragraphe 1, point f), du RODO), nous pouvons \u00e9galement vous fournir, \u00e0 votre demande, ce que l&rsquo;on appelle un \u00ab\u00a0test de mise en balance\u00ab, qui comprend une \u00e9valuation de l&rsquo;utilit\u00e9 de cette base de traitement. <\/p><p>Veuillez noter que toutes les informations ci-dessus concernent des personnes physiques ; les donn\u00e9es relatives aux soci\u00e9t\u00e9s commerciales et aux personnes morales ne sont pas soumises \u00e0 la protection introduite par le RODO.<\/p><p><em>Fabryka Mebli TOM-POL Tomasz Wr\u00f3bel sp.k. dont le si\u00e8ge est \u00e0 Opat\u00f3w, ul. Szpot 1A, 63-645 Opat\u00f3w, inscrit au registre des entrepreneurs du registre national des tribunaux tenu par le tribunal de district de Pozna\u0144 &#8211; Nowe Miasto et Wilda \u00e0 Pozna\u0144, IXe division \u00e9conomique du registre national des tribunaux sous le num\u00e9ro KRS : 0001038188 ; NIP : 6192057630 ; REGON : 524616221.  <\/em><\/p><p>La pr\u00e9sente politique de protection de la vie priv\u00e9e est fournie \u00e0 titre d&rsquo;information uniquement. Elle est constamment r\u00e9vis\u00e9e et mise \u00e0 jour si n\u00e9cessaire. Date de la derni\u00e8re mise \u00e0 jour : 03.03.2025 <\/p>\t\t\t\t\t\t\t\t<\/div>\n\t\t\t\t<\/div>\n\t\t\t\t<\/div>\n\t\t\t\t<\/div>\n\t\t\t\t\t<\/div>\n\t\t\t\t<\/div>\n\t\t<div class=\"elementor-element elementor-element-304ea07 e-flex e-con-boxed e-con e-parent\" data-id=\"304ea07\" data-element_type=\"container\">\n\t\t\t\t\t<div class=\"e-con-inner\">\n\t\t<div class=\"elementor-element elementor-element-687c15b e-con-full e-flex e-con e-child\" data-id=\"687c15b\" data-element_type=\"container\">\n\t\t\t\t<div class=\"elementor-element elementor-element-7f8d52d elementor-widget__width-initial privacy-policy elementor-widget elementor-widget-text-editor\" data-id=\"7f8d52d\" data-element_type=\"widget\" data-widget_type=\"text-editor.default\">\n\t\t\t\t<div class=\"elementor-widget-container\">\n\t\t\t\t\t\t\t\t\t<p>D\u00e9claration sur <strong><a href=\"https:\/\/klienci.ezone.pl\/tompol\/wp-content\/uploads\/2025\/12\/Przeciwdzialanie-niewolnictwu-i-handlowi-ludzmi.pdf\" data-type=\"link\" data-id=\"https:\/\/meble-tompol.pl\/wp-content\/uploads\/2025\/07\/Przeciwdzialanie-niewolnictwu-i-handlowi-ludzmi.pdf\">Contre l&rsquo;esclavage et la traite des \u00eatres humains<\/a><\/strong><\/p>\t\t\t\t\t\t\t\t<\/div>\n\t\t\t\t<\/div>\n\t\t\t\t<div class=\"elementor-element elementor-element-556b166 elementor-tablet-align-center elementor-mobile-align-center elementor-widget elementor-widget-button\" data-id=\"556b166\" data-element_type=\"widget\" data-widget_type=\"button.default\">\n\t\t\t\t<div class=\"elementor-widget-container\">\n\t\t\t\t\t\t\t\t\t<div class=\"elementor-button-wrapper\">\n\t\t\t\t\t<a class=\"elementor-button elementor-button-link elementor-size-sm\" href=\"https:\/\/klienci.ezone.pl\/tompol\/wp-content\/uploads\/2025\/12\/Przeciwdzialanie-niewolnictwu-i-handlowi-ludzmi.pdf\">\n\t\t\t\t\t\t<span class=\"elementor-button-content-wrapper\">\n\t\t\t\t\t\t\t\t\t<span class=\"elementor-button-text\">T\u00e9l\u00e9charger<\/span>\n\t\t\t\t\t<\/span>\n\t\t\t\t\t<\/a>\n\t\t\t\t<\/div>\n\t\t\t\t\t\t\t\t<\/div>\n\t\t\t\t<\/div>\n\t\t\t\t<\/div>\n\t\t\t\t\t<\/div>\n\t\t\t\t<\/div>\n\t\t\t\t<\/div>\n\t\t","protected":false},"excerpt":{"rendered":"<p>Politique de confidentialit\u00e9 Informations sur le traitement des donn\u00e9es personnelles FABRYKA MEBLI TOM-POL Tomasz Wr\u00f3bel sp. k. Mesdames et Messieurs [&hellip;]<\/p>\n","protected":false},"author":1,"featured_media":0,"parent":0,"menu_order":0,"comment_status":"closed","ping_status":"closed","template":"","meta":{"site-sidebar-layout":"no-sidebar","site-content-layout":"","ast-site-content-layout":"full-width-container","site-content-style":"unboxed","site-sidebar-style":"unboxed","ast-global-header-display":"","ast-banner-title-visibility":"","ast-main-header-display":"","ast-hfb-above-header-display":"","ast-hfb-below-header-display":"","ast-hfb-mobile-header-display":"","site-post-title":"disabled","ast-breadcrumbs-content":"","ast-featured-img":"disabled","footer-sml-layout":"","theme-transparent-header-meta":"enabled","adv-header-id-meta":"","stick-header-meta":"","header-above-stick-meta":"","header-main-stick-meta":"","header-below-stick-meta":"","astra-migrate-meta-layouts":"default","ast-page-background-enabled":"default","ast-page-background-meta":{"desktop":{"background-color":"var(--ast-global-color-4)","background-image":"","background-repeat":"repeat","background-position":"center center","background-size":"auto","background-attachment":"scroll","background-type":"","background-media":"","overlay-type":"","overlay-color":"","overlay-opacity":"","overlay-gradient":""},"tablet":{"background-color":"","background-image":"","background-repeat":"repeat","background-position":"center center","background-size":"auto","background-attachment":"scroll","background-type":"","background-media":"","overlay-type":"","overlay-color":"","overlay-opacity":"","overlay-gradient":""},"mobile":{"background-color":"","background-image":"","background-repeat":"repeat","background-position":"center center","background-size":"auto","background-attachment":"scroll","background-type":"","background-media":"","overlay-type":"","overlay-color":"","overlay-opacity":"","overlay-gradient":""}},"ast-content-background-meta":{"desktop":{"background-color":"var(--ast-global-color-5)","background-image":"","background-repeat":"repeat","background-position":"center center","background-size":"auto","background-attachment":"scroll","background-type":"","background-media":"","overlay-type":"","overlay-color":"","overlay-opacity":"","overlay-gradient":""},"tablet":{"background-color":"var(--ast-global-color-5)","background-image":"","background-repeat":"repeat","background-position":"center center","background-size":"auto","background-attachment":"scroll","background-type":"","background-media":"","overlay-type":"","overlay-color":"","overlay-opacity":"","overlay-gradient":""},"mobile":{"background-color":"var(--ast-global-color-5)","background-image":"","background-repeat":"repeat","background-position":"center center","background-size":"auto","background-attachment":"scroll","background-type":"","background-media":"","overlay-type":"","overlay-color":"","overlay-opacity":"","overlay-gradient":""}},"footnotes":""},"class_list":["post-7441","page","type-page","status-publish","hentry"],"_links":{"self":[{"href":"https:\/\/klienci.ezone.pl\/tompol\/fr\/wp-json\/wp\/v2\/pages\/7441","targetHints":{"allow":["GET"]}}],"collection":[{"href":"https:\/\/klienci.ezone.pl\/tompol\/fr\/wp-json\/wp\/v2\/pages"}],"about":[{"href":"https:\/\/klienci.ezone.pl\/tompol\/fr\/wp-json\/wp\/v2\/types\/page"}],"author":[{"embeddable":true,"href":"https:\/\/klienci.ezone.pl\/tompol\/fr\/wp-json\/wp\/v2\/users\/1"}],"replies":[{"embeddable":true,"href":"https:\/\/klienci.ezone.pl\/tompol\/fr\/wp-json\/wp\/v2\/comments?post=7441"}],"version-history":[{"count":11,"href":"https:\/\/klienci.ezone.pl\/tompol\/fr\/wp-json\/wp\/v2\/pages\/7441\/revisions"}],"predecessor-version":[{"id":7586,"href":"https:\/\/klienci.ezone.pl\/tompol\/fr\/wp-json\/wp\/v2\/pages\/7441\/revisions\/7586"}],"wp:attachment":[{"href":"https:\/\/klienci.ezone.pl\/tompol\/fr\/wp-json\/wp\/v2\/media?parent=7441"}],"curies":[{"name":"wp","href":"https:\/\/api.w.org\/{rel}","templated":true}]}}