{"id":4807,"date":"2025-11-12T11:39:27","date_gmt":"2025-11-12T10:39:27","guid":{"rendered":"https:\/\/klienci.ezone.pl\/tompol\/project\/"},"modified":"2025-12-04T13:28:20","modified_gmt":"2025-12-04T12:28:20","slug":"project","status":"publish","type":"page","link":"https:\/\/klienci.ezone.pl\/tompol\/nl\/subsidies\/project\/","title":{"rendered":"Project"},"content":{"rendered":"\t\t<div data-elementor-type=\"wp-page\" data-elementor-id=\"4807\" class=\"elementor elementor-4807 elementor-1934\" data-elementor-post-type=\"page\">\n\t\t\t\t<div class=\"elementor-element elementor-element-5ef7019 e-flex e-con-boxed e-con e-parent\" data-id=\"5ef7019\" data-element_type=\"container\" data-settings=\"{&quot;background_background&quot;:&quot;classic&quot;}\">\n\t\t\t\t\t<div class=\"e-con-inner\">\n\t\t\t\t<div class=\"elementor-element elementor-element-5810600 animated-slow elementor-invisible elementor-widget elementor-widget-heading\" data-id=\"5810600\" data-element_type=\"widget\" data-settings=\"{&quot;_animation&quot;:&quot;fadeIn&quot;}\" data-widget_type=\"heading.default\">\n\t\t\t\t<div class=\"elementor-widget-container\">\n\t\t\t\t\t<h1 class=\"elementor-heading-title elementor-size-default\">Projectsubsidie<\/h1>\t\t\t\t<\/div>\n\t\t\t\t<\/div>\n\t\t\t\t<div class=\"elementor-element elementor-element-b620c40 animated-slow elementor-invisible elementor-widget elementor-widget-text-editor\" data-id=\"b620c40\" data-element_type=\"widget\" data-settings=\"{&quot;_animation&quot;:&quot;fadeIn&quot;}\" data-widget_type=\"text-editor.default\">\n\t\t\t\t<div class=\"elementor-widget-container\">\n\t\t\t\t\t\t\t\t\t<p>&#8220;Implementatie van nieuwe productietechnologie voor gestoffeerde meubelen met verhoogde duurzaamheid en water- en lichtbestendigheid, bestemd voor buitengebruik, in het productie- en dienstenbedrijf TOM-POL\u201e<\/p>\t\t\t\t\t\t\t\t<\/div>\n\t\t\t\t<\/div>\n\t\t\t\t\t<\/div>\n\t\t\t\t<\/div>\n\t\t<div class=\"elementor-element elementor-element-907eebe e-flex e-con-boxed e-con e-parent\" data-id=\"907eebe\" data-element_type=\"container\">\n\t\t\t\t\t<div class=\"e-con-inner\">\n\t\t<div class=\"elementor-element elementor-element-a631947 e-con-full e-flex e-con e-child\" data-id=\"a631947\" data-element_type=\"container\">\n\t\t\t\t<div class=\"elementor-element elementor-element-fc08a90 elementor-widget elementor-widget-text-editor\" data-id=\"fc08a90\" data-element_type=\"widget\" data-widget_type=\"text-editor.default\">\n\t\t\t\t<div class=\"elementor-widget-container\">\n\t\t\t\t\t\t\t\t\t<p class=\"has-text-align-center\"><strong>Tomasz Wr\u00f3bel Meubelfabriek &#8220;TOM-POL\u201e<\/strong><\/p>\n<p class=\"has-text-align-center\">ul. Szpot 1a, Opat\u00f3w, 63-645 \u0141\u0119ka Opatowska<br>Telefoon: 62 781 33 30, BTW-nummer 6190020232, KvK-nummer 250460950 <br>voert een project uit in het kader van het Grootpools Regionaal Operationeel Programma 2014-2020 onder Submaatregel 1.5.2 Versterking van het concurrentievermogen van de belangrijkste economische gebieden in de regio, getiteld &#8220;Implementatie van nieuwe productietechnologie voor gestoffeerde meubelen met verhoogde duurzaamheid en water- en lichtbestendigheid, bestemd voor buitengebruik, in het productie- en dienstenbedrijf TOM-POL.\u201e  <\/p>\n<p><strong>Projectdoelstellingen:<br><\/strong><em>Het doel van het project is de implementatie van innovatie in de productietechnologie van gestoffeerde meubels bestemd voor buitengebruik met verhoogde duurzaamheid en water- en lichtbestendigheid. Dit is een geplande procesinnovatie. Een ander doel van het project is de introductie van nieuwe producten in het assortiment in de vorm van een gamma nieuwe meubels bestemd voor buitengebruik met verhoogde duurzaamheid en water- en lichtbestendigheid. Dit is een geplande productinnovatie. <\/em> <\/p>\n<p><strong>Geplande effecten:<br><\/strong><em>Er is gepland om de volgende effecten te bereiken: <br><br>Aantal ondernemingen dat ondersteuning ontvangt \u2013 1 st. <br>Aantal ondernemingen dat subsidies ontvangt \u2013 1 st. <br>Private investeringen ter aanvulling van overheidssteun voor ondernemingen (subsidies) \u2013 4.780.160,00 z\u0142 <br>Aantal ondernemingen dat ondersteuning ontvangt voor de introductie van producten die nieuw zijn voor de markt \u2013 1 st. <br>Aantal ondernemingen dat ondersteuning ontvangt voor de introductie van producten die nieuw zijn voor het bedrijf \u2013 1 st. <br>Aantal aangekochte vaste activa \u2013 30 st. <br>Aantal verworven immateri\u00eble en juridische waarden \u2013 1 st. <\/em> <\/p>\n<p><strong>Projectwaarde:<br><\/strong>Totale projectwaarde: 5.162.010,00 PLN <br>Bedrag van kwalificeerbare kosten: 4.337.000,00 PLN  <\/p>\n<p><strong>Bijdrage van Europese Fondsen: <br><\/strong>Subsidiebedrag: 1.517.949,99 PLN<\/p>\t\t\t\t\t\t\t\t<\/div>\n\t\t\t\t<\/div>\n\t\t\t\t<\/div>\n\t\t\t\t\t<\/div>\n\t\t\t\t<\/div>\n\t\t<div class=\"elementor-element elementor-element-9b55e3b e-con-full e-flex e-con e-parent\" data-id=\"9b55e3b\" data-element_type=\"container\" data-settings=\"{&quot;background_background&quot;:&quot;classic&quot;}\">\n\t\t\t\t<\/div>\n\t\t\t\t<\/div>\n\t\t","protected":false},"excerpt":{"rendered":"<p>Projectsubsidie &#8220;Implementatie van nieuwe productietechnologie voor gestoffeerde meubelen met verhoogde duurzaamheid en water- en lichtbestendigheid, bestemd voor buitengebruik, in het [&hellip;]<\/p>\n","protected":false},"author":1,"featured_media":0,"parent":4815,"menu_order":0,"comment_status":"closed","ping_status":"closed","template":"","meta":{"site-sidebar-layout":"no-sidebar","site-content-layout":"","ast-site-content-layout":"full-width-container","site-content-style":"unboxed","site-sidebar-style":"unboxed","ast-global-header-display":"","ast-banner-title-visibility":"","ast-main-header-display":"","ast-hfb-above-header-display":"","ast-hfb-below-header-display":"","ast-hfb-mobile-header-display":"","site-post-title":"disabled","ast-breadcrumbs-content":"","ast-featured-img":"disabled","footer-sml-layout":"","theme-transparent-header-meta":"enabled","adv-header-id-meta":"","stick-header-meta":"","header-above-stick-meta":"","header-main-stick-meta":"","header-below-stick-meta":"","astra-migrate-meta-layouts":"default","ast-page-background-enabled":"default","ast-page-background-meta":{"desktop":{"background-color":"var(--ast-global-color-4)","background-image":"","background-repeat":"repeat","background-position":"center center","background-size":"auto","background-attachment":"scroll","background-type":"","background-media":"","overlay-type":"","overlay-color":"","overlay-opacity":"","overlay-gradient":""},"tablet":{"background-color":"","background-image":"","background-repeat":"repeat","background-position":"center center","background-size":"auto","background-attachment":"scroll","background-type":"","background-media":"","overlay-type":"","overlay-color":"","overlay-opacity":"","overlay-gradient":""},"mobile":{"background-color":"","background-image":"","background-repeat":"repeat","background-position":"center center","background-size":"auto","background-attachment":"scroll","background-type":"","background-media":"","overlay-type":"","overlay-color":"","overlay-opacity":"","overlay-gradient":""}},"ast-content-background-meta":{"desktop":{"background-color":"var(--ast-global-color-5)","background-image":"","background-repeat":"repeat","background-position":"center center","background-size":"auto","background-attachment":"scroll","background-type":"","background-media":"","overlay-type":"","overlay-color":"","overlay-opacity":"","overlay-gradient":""},"tablet":{"background-color":"var(--ast-global-color-5)","background-image":"","background-repeat":"repeat","background-position":"center center","background-size":"auto","background-attachment":"scroll","background-type":"","background-media":"","overlay-type":"","overlay-color":"","overlay-opacity":"","overlay-gradient":""},"mobile":{"background-color":"var(--ast-global-color-5)","background-image":"","background-repeat":"repeat","background-position":"center center","background-size":"auto","background-attachment":"scroll","background-type":"","background-media":"","overlay-type":"","overlay-color":"","overlay-opacity":"","overlay-gradient":""}},"footnotes":""},"class_list":["post-4807","page","type-page","status-publish","hentry"],"_links":{"self":[{"href":"https:\/\/klienci.ezone.pl\/tompol\/nl\/wp-json\/wp\/v2\/pages\/4807","targetHints":{"allow":["GET"]}}],"collection":[{"href":"https:\/\/klienci.ezone.pl\/tompol\/nl\/wp-json\/wp\/v2\/pages"}],"about":[{"href":"https:\/\/klienci.ezone.pl\/tompol\/nl\/wp-json\/wp\/v2\/types\/page"}],"author":[{"embeddable":true,"href":"https:\/\/klienci.ezone.pl\/tompol\/nl\/wp-json\/wp\/v2\/users\/1"}],"replies":[{"embeddable":true,"href":"https:\/\/klienci.ezone.pl\/tompol\/nl\/wp-json\/wp\/v2\/comments?post=4807"}],"version-history":[{"count":1,"href":"https:\/\/klienci.ezone.pl\/tompol\/nl\/wp-json\/wp\/v2\/pages\/4807\/revisions"}],"predecessor-version":[{"id":4808,"href":"https:\/\/klienci.ezone.pl\/tompol\/nl\/wp-json\/wp\/v2\/pages\/4807\/revisions\/4808"}],"up":[{"embeddable":true,"href":"https:\/\/klienci.ezone.pl\/tompol\/nl\/wp-json\/wp\/v2\/pages\/4815"}],"wp:attachment":[{"href":"https:\/\/klienci.ezone.pl\/tompol\/nl\/wp-json\/wp\/v2\/media?parent=4807"}],"curies":[{"name":"wp","href":"https:\/\/api.w.org\/{rel}","templated":true}]}}