{"id":1934,"date":"2025-11-12T11:39:27","date_gmt":"2025-11-12T10:39:27","guid":{"rendered":"https:\/\/klienci.ezone.pl\/tompol\/?page_id=1934"},"modified":"2025-11-12T11:42:57","modified_gmt":"2025-11-12T10:42:57","slug":"projekt","status":"publish","type":"page","link":"https:\/\/klienci.ezone.pl\/tompol\/dotacje\/projekt\/","title":{"rendered":"Projekt"},"content":{"rendered":"\t\t<div data-elementor-type=\"wp-page\" data-elementor-id=\"1934\" class=\"elementor elementor-1934\" data-elementor-post-type=\"page\">\n\t\t\t\t<div class=\"elementor-element elementor-element-5ef7019 e-flex e-con-boxed e-con e-parent\" data-id=\"5ef7019\" data-element_type=\"container\" data-settings=\"{&quot;background_background&quot;:&quot;classic&quot;}\">\n\t\t\t\t\t<div class=\"e-con-inner\">\n\t\t\t\t<div class=\"elementor-element elementor-element-5810600 animated-slow elementor-invisible elementor-widget elementor-widget-heading\" data-id=\"5810600\" data-element_type=\"widget\" data-settings=\"{&quot;_animation&quot;:&quot;fadeIn&quot;}\" data-widget_type=\"heading.default\">\n\t\t\t\t<div class=\"elementor-widget-container\">\n\t\t\t\t\t<h1 class=\"elementor-heading-title elementor-size-default\">Dotacja na projekt<\/h1>\t\t\t\t<\/div>\n\t\t\t\t<\/div>\n\t\t\t\t<div class=\"elementor-element elementor-element-b620c40 animated-slow elementor-invisible elementor-widget elementor-widget-text-editor\" data-id=\"b620c40\" data-element_type=\"widget\" data-settings=\"{&quot;_animation&quot;:&quot;fadeIn&quot;}\" data-widget_type=\"text-editor.default\">\n\t\t\t\t<div class=\"elementor-widget-container\">\n\t\t\t\t\t\t\t\t\t<p>\u201eWdro\u017cenie w zak\u0142adzie produkcyjno-us\u0142ugowym TOM-POL nowej technologii produkcji tapicerowanych mebli o podwy\u017cszonej wytrzyma\u0142o\u015bci oraz odporno\u015bci na wod\u0119 i \u015bwiat\u0142o, przeznaczonych do u\u017cytku zewn\u0119trznego\u201d<\/p>\t\t\t\t\t\t\t\t<\/div>\n\t\t\t\t<\/div>\n\t\t\t\t\t<\/div>\n\t\t\t\t<\/div>\n\t\t<div class=\"elementor-element elementor-element-907eebe e-flex e-con-boxed e-con e-parent\" data-id=\"907eebe\" data-element_type=\"container\">\n\t\t\t\t\t<div class=\"e-con-inner\">\n\t\t<div class=\"elementor-element elementor-element-a631947 e-con-full e-flex e-con e-child\" data-id=\"a631947\" data-element_type=\"container\">\n\t\t\t\t<div class=\"elementor-element elementor-element-fc08a90 elementor-widget elementor-widget-text-editor\" data-id=\"fc08a90\" data-element_type=\"widget\" data-widget_type=\"text-editor.default\">\n\t\t\t\t<div class=\"elementor-widget-container\">\n\t\t\t\t\t\t\t\t\t<p class=\"has-text-align-center\"><strong>Tomasz Wr\u00f3bel Fabryka Mebli \u201eTOM-POL\u201d<\/strong><\/p>\n<p class=\"has-text-align-center\">ul. Szpot 1a, Opat\u00f3w, 63-645 \u0141\u0119ka Opatowska<br \/>Telefon: 62 781 33 30,\u00a0NIP 6190020232, REGON 250460950 \u00a0<br \/>realizuje projekt w ramach Wielkopolskiego Regionalnego Programu Operacyjnego na lata 2014\u2013 2020 w ramach Poddzia\u0142ania 1.5.2 Wzmocnienie konkurencyjno\u015bci kluczowych obszar\u00f3w gospodarki regionu.pn. \u201eWdro\u017cenie w Zak\u0142adzie Produkcyjno-Us\u0142ugowym TOM-POL nowej technologii produkcji tapicerowanych mebli o podwy\u017cszonej wytrzyma\u0142o\u015bci oraz odporno\u015bci na wod\u0119 i \u015bwiat\u0142o, przeznaczonych do u\u017cytku zewn\u0119trznego.\u201d<\/p>\n<p><strong>Cele projektu:<br \/><\/strong><em>Celem projektu jest wdro\u017cenie innowacji w technologii produkcji tapicerowanych mebli przeznaczonych do zewn\u0119trznego u\u017cytku o podwy\u017cszonej wytrzyma\u0142o\u015bci oraz odporno\u015bci na wod\u0119 i \u015bwiat\u0142o. Jest to planowana innowacja procesowa. Kolejnym celem projektu jest wprowadzenie do oferty nowych produkt\u00f3w w postaci gamy nowych mebli przeznaczonych do zewn\u0119trznego u\u017cytku o podwy\u017cszonej wytrzyma\u0142o\u015bci oraz odporno\u015bci na wod\u0119 i \u015bwiat\u0142o. Jest to planowana innowacja produktowa.\u00a0<\/em><\/p>\n<p><strong>Planowane efekty:<br \/><\/strong><em>Zaplanowano osi\u0105gni\u0119cie nast\u0119puj\u0105cych efekt\u00f3w:\u00a0<br \/><br \/>Liczba przedsi\u0119biorstw otrzymuj\u0105cych wsparcie \u2013 1szt.\u00a0<br \/>Liczba przedsi\u0119biorstw otrzymuj\u0105cych dotacje -1szt.\u00a0<br \/>Inwestycje prywatne uzupe\u0142niaj\u0105ce wsparcie publiczne dla przedsi\u0119biorstw(dotacje) \u2013 4780160,00 z\u0142\u00a0<br \/>Liczba przedsi\u0119biorstw obj\u0119tych wsparciem w celu wprowadzenia produkt\u00f3w nowych dla rynku \u2013 1szt.\u00a0<br \/>Liczba przedsi\u0119biorstw obj\u0119tych wsparciem w celu wprowadzenia produkt\u00f3w nowych dla Firmy \u2013 1szt.\u00a0<br \/>Liczba zakupionych \u015brodk\u00f3w trwa\u0142ych- 30 szt.\u00a0<br \/>Liczba nabytych warto\u015bci niematerialnych i prawnych \u2013 1szt.\u00a0<\/em><\/p>\n<p><strong>Warto\u015b\u0107 projektu:<br \/><\/strong>Ca\u0142kowita warto\u015b\u0107 projektu: 5 162 010,00 PLN\u00a0<br \/>Kwota koszt\u00f3w kwalifikowalnych: 4 337 000,00 PLN\u00a0<\/p>\n<p><strong>Wk\u0142ad Funduszy Europejskich:\u00a0<br \/><\/strong>Kwota dofinansowania: 1 517 949,99 PLN<\/p>\t\t\t\t\t\t\t\t<\/div>\n\t\t\t\t<\/div>\n\t\t\t\t<\/div>\n\t\t\t\t\t<\/div>\n\t\t\t\t<\/div>\n\t\t<div class=\"elementor-element elementor-element-9b55e3b e-con-full e-flex e-con e-parent\" data-id=\"9b55e3b\" data-element_type=\"container\" data-settings=\"{&quot;background_background&quot;:&quot;classic&quot;}\">\n\t\t\t\t<\/div>\n\t\t\t\t<\/div>\n\t\t","protected":false},"excerpt":{"rendered":"<p>Dotacja na projekt \u201eWdro\u017cenie w zak\u0142adzie produkcyjno-us\u0142ugowym TOM-POL nowej technologii produkcji tapicerowanych mebli o podwy\u017cszonej wytrzyma\u0142o\u015bci oraz odporno\u015bci na wod\u0119 [&hellip;]<\/p>\n","protected":false},"author":1,"featured_media":0,"parent":1907,"menu_order":0,"comment_status":"closed","ping_status":"closed","template":"","meta":{"site-sidebar-layout":"no-sidebar","site-content-layout":"","ast-site-content-layout":"full-width-container","site-content-style":"unboxed","site-sidebar-style":"unboxed","ast-global-header-display":"","ast-banner-title-visibility":"","ast-main-header-display":"","ast-hfb-above-header-display":"","ast-hfb-below-header-display":"","ast-hfb-mobile-header-display":"","site-post-title":"disabled","ast-breadcrumbs-content":"","ast-featured-img":"disabled","footer-sml-layout":"","theme-transparent-header-meta":"enabled","adv-header-id-meta":"","stick-header-meta":"","header-above-stick-meta":"","header-main-stick-meta":"","header-below-stick-meta":"","astra-migrate-meta-layouts":"default","ast-page-background-enabled":"default","ast-page-background-meta":{"desktop":{"background-color":"var(--ast-global-color-4)","background-image":"","background-repeat":"repeat","background-position":"center center","background-size":"auto","background-attachment":"scroll","background-type":"","background-media":"","overlay-type":"","overlay-color":"","overlay-opacity":"","overlay-gradient":""},"tablet":{"background-color":"","background-image":"","background-repeat":"repeat","background-position":"center center","background-size":"auto","background-attachment":"scroll","background-type":"","background-media":"","overlay-type":"","overlay-color":"","overlay-opacity":"","overlay-gradient":""},"mobile":{"background-color":"","background-image":"","background-repeat":"repeat","background-position":"center center","background-size":"auto","background-attachment":"scroll","background-type":"","background-media":"","overlay-type":"","overlay-color":"","overlay-opacity":"","overlay-gradient":""}},"ast-content-background-meta":{"desktop":{"background-color":"var(--ast-global-color-5)","background-image":"","background-repeat":"repeat","background-position":"center center","background-size":"auto","background-attachment":"scroll","background-type":"","background-media":"","overlay-type":"","overlay-color":"","overlay-opacity":"","overlay-gradient":""},"tablet":{"background-color":"var(--ast-global-color-5)","background-image":"","background-repeat":"repeat","background-position":"center center","background-size":"auto","background-attachment":"scroll","background-type":"","background-media":"","overlay-type":"","overlay-color":"","overlay-opacity":"","overlay-gradient":""},"mobile":{"background-color":"var(--ast-global-color-5)","background-image":"","background-repeat":"repeat","background-position":"center center","background-size":"auto","background-attachment":"scroll","background-type":"","background-media":"","overlay-type":"","overlay-color":"","overlay-opacity":"","overlay-gradient":""}},"footnotes":""},"class_list":["post-1934","page","type-page","status-publish","hentry"],"_links":{"self":[{"href":"https:\/\/klienci.ezone.pl\/tompol\/wp-json\/wp\/v2\/pages\/1934","targetHints":{"allow":["GET"]}}],"collection":[{"href":"https:\/\/klienci.ezone.pl\/tompol\/wp-json\/wp\/v2\/pages"}],"about":[{"href":"https:\/\/klienci.ezone.pl\/tompol\/wp-json\/wp\/v2\/types\/page"}],"author":[{"embeddable":true,"href":"https:\/\/klienci.ezone.pl\/tompol\/wp-json\/wp\/v2\/users\/1"}],"replies":[{"embeddable":true,"href":"https:\/\/klienci.ezone.pl\/tompol\/wp-json\/wp\/v2\/comments?post=1934"}],"version-history":[{"count":7,"href":"https:\/\/klienci.ezone.pl\/tompol\/wp-json\/wp\/v2\/pages\/1934\/revisions"}],"predecessor-version":[{"id":1941,"href":"https:\/\/klienci.ezone.pl\/tompol\/wp-json\/wp\/v2\/pages\/1934\/revisions\/1941"}],"up":[{"embeddable":true,"href":"https:\/\/klienci.ezone.pl\/tompol\/wp-json\/wp\/v2\/pages\/1907"}],"wp:attachment":[{"href":"https:\/\/klienci.ezone.pl\/tompol\/wp-json\/wp\/v2\/media?parent=1934"}],"curies":[{"name":"wp","href":"https:\/\/api.w.org\/{rel}","templated":true}]}}