{"id":7416,"date":"2025-12-16T09:46:49","date_gmt":"2025-12-16T08:46:49","guid":{"rendered":"https:\/\/klienci.ezone.pl\/tompol\/?page_id=7416"},"modified":"2025-12-16T10:35:01","modified_gmt":"2025-12-16T09:35:01","slug":"polityka-prywatnosci","status":"publish","type":"page","link":"https:\/\/klienci.ezone.pl\/tompol\/polityka-prywatnosci\/","title":{"rendered":"Polityka prywatno\u015bci"},"content":{"rendered":"\t\t<div data-elementor-type=\"wp-page\" data-elementor-id=\"7416\" class=\"elementor elementor-7416\" data-elementor-post-type=\"page\">\n\t\t\t\t<div class=\"elementor-element elementor-element-df3abc1 e-flex e-con-boxed e-con e-parent\" data-id=\"df3abc1\" data-element_type=\"container\" data-settings=\"{&quot;background_background&quot;:&quot;classic&quot;}\">\n\t\t\t\t\t<div class=\"e-con-inner\">\n\t\t\t\t<div class=\"elementor-element elementor-element-d6cad67 animated-slow elementor-invisible elementor-widget elementor-widget-heading\" data-id=\"d6cad67\" data-element_type=\"widget\" data-settings=\"{&quot;_animation&quot;:&quot;fadeIn&quot;}\" data-widget_type=\"heading.default\">\n\t\t\t\t<div class=\"elementor-widget-container\">\n\t\t\t\t\t<h1 class=\"elementor-heading-title elementor-size-default\">Polityka prywatno\u015bci<\/h1>\t\t\t\t<\/div>\n\t\t\t\t<\/div>\n\t\t\t\t\t<\/div>\n\t\t\t\t<\/div>\n\t\t<div class=\"elementor-element elementor-element-6112710 e-flex e-con-boxed e-con e-parent\" data-id=\"6112710\" data-element_type=\"container\">\n\t\t\t\t\t<div class=\"e-con-inner\">\n\t\t<div class=\"elementor-element elementor-element-4b989d1 e-con-full e-flex e-con e-child\" data-id=\"4b989d1\" data-element_type=\"container\">\n\t\t<div class=\"elementor-element elementor-element-880341d e-con-full e-flex e-con e-child\" data-id=\"880341d\" data-element_type=\"container\">\n\t\t\t\t<div class=\"elementor-element elementor-element-e9ace77 jestesmy elementor-widget elementor-widget-heading\" data-id=\"e9ace77\" data-element_type=\"widget\" data-widget_type=\"heading.default\">\n\t\t\t\t<div class=\"elementor-widget-container\">\n\t\t\t\t\t<h4 class=\"elementor-heading-title elementor-size-default\">Informacje dotycz\u0105ce przetwarzania danych osobowych<\/h4>\t\t\t\t<\/div>\n\t\t\t\t<\/div>\n\t\t\t\t<div class=\"elementor-element elementor-element-aefdccd jestesmy elementor-widget elementor-widget-heading\" data-id=\"aefdccd\" data-element_type=\"widget\" data-widget_type=\"heading.default\">\n\t\t\t\t<div class=\"elementor-widget-container\">\n\t\t\t\t\t<h4 class=\"elementor-heading-title elementor-size-default\">FABRYKA MEBLI TOM-POL Tomasz Wr\u00f3bel sp. k.<\/h4>\t\t\t\t<\/div>\n\t\t\t\t<\/div>\n\t\t\t\t<div class=\"elementor-element elementor-element-82aa51c elementor-widget__width-initial privacy-policy elementor-widget elementor-widget-text-editor\" data-id=\"82aa51c\" data-element_type=\"widget\" data-widget_type=\"text-editor.default\">\n\t\t\t\t<div class=\"elementor-widget-container\">\n\t\t\t\t\t\t\t\t\t<p>Szanowni Pa\u0144stwo!<\/p><p>W naszej dzia\u0142alno\u015bci przestrzegamy przepis\u00f3w\u00a0<a href=\"https:\/\/uodo.gov.pl\/pl\/131\/224\">Og\u00f3lnego rozporz\u0105dzenia o ochronie danych<\/a>\u00a0(RODO) i zapewniamy odpowiedni poziom bezpiecze\u0144stwa danych osobowych.<\/p><p><strong>Administratorem Pa\u0144stwa danych osobowych jest Fabryka Mebli TOM-POL Tomasz Wr\u00f3bel sp.k.<\/strong>\u00a0<strong>z siedzib\u0105 w Opatowie przy ul. Szpot nr 1A, 63-645 Opat\u00f3w;\u00a0<\/strong>KRS: 0001038188, NIP: 6192057630, REGON: 524616221.<\/p><p>Poni\u017cej znajduj\u0105 si\u0119 szczeg\u00f3\u0142owe informacje na temat przetwarzania danych osobowych dotycz\u0105ce mi\u0119dzy innymi cel\u00f3w, w\u00a0jakich wykorzystujemy dane, oraz praw, kt\u00f3re Pa\u0144stwu przys\u0142uguj\u0105 w zwi\u0105zku z ich przetwarzaniem. Prosimy o\u00a0zapoznanie si\u0119 z w\u0142a\u015bciw\u0105 informacj\u0105.<\/p><ol class=\"wp-block-list\"><li><a href=\"https:\/\/klienci.ezone.pl\/tompol\/polityka-prywatnosci\/informacja-o-przetwarzaniu-danych-osobowych-dla-klientow\/\"><strong>Informacja o przetwarzaniu danych dla Klient\u00f3w<\/strong>\u00a0<strong>oraz os\u00f3b, kt\u00f3re zamierzaj\u0105 skorzysta\u0107 z\u00a0naszej oferty.<\/strong><\/a><\/li><li><strong><a href=\"https:\/\/klienci.ezone.pl\/tompol\/polityka-prywatnosci\/informacja-o-przetwarzaniu-danych-osobowych-dla-pracownikow-i-przedstawicieli-naszych-klientow-i-dostawcow\/\">Informacja o przetwarzaniu danych dla Pracownik\u00f3w i Przedstawicieli naszych Klient\u00f3w i Dostawc\u00f3w<\/a><\/strong>, czyli dla os\u00f3b, kt\u00f3re zawieraj\u0105 umowy w\u00a0imieniu naszych Klient\u00f3w lub Dostawc\u00f3w, s\u0105 zaanga\u017cowane w realizacj\u0119 takich um\u00f3w lub z kt\u00f3rymi kontaktujemy si\u0119 w\u00a0tych sprawach.<\/li><li><strong><a href=\"https:\/\/klienci.ezone.pl\/tompol\/polityka-prywatnosci\/informacja-o-przetwarzaniu-danych-osobowych-dla-naszych-dostawcow\/\">Informacja o przetwarzaniu danych dla naszych Dostawc\u00f3w<\/a><\/strong>, kt\u00f3rzy zaopatruj\u0105 nas w\u00a0towary i\u00a0\u015bwiadcz\u0105 dla nas us\u0142ugi.<\/li><li><strong><a href=\"https:\/\/klienci.ezone.pl\/tompol\/polityka-prywatnosci\/informacja-o-przetwarzaniu-danych-osobowych-dla-kandydatow-do-pracy\/\">Informacja o przetwarzaniu danych dla Kandydat\u00f3w do pracy<\/a>.<\/strong><\/li><li><strong><a href=\"https:\/\/klienci.ezone.pl\/tompol\/polityka-prywatnosci\/informacja-o-przetwarzaniu-danych-osobowych-dla-osob-odwiedzajacych-nasz-fanpage-na-facebooku\/\">Informacja o przetwarzaniu danych dla os\u00f3b odwiedzaj\u0105cych nasz fanpage na Facebooku<\/a>.<\/strong><\/li><li><strong><a href=\"https:\/\/klienci.ezone.pl\/tompol\/polityka-prywatnosci\/informacja-o-przetwarzaniu-danych-osobowych-dla-osob-odwiedzajacych-nasz-profil-na-instagramie\/\">Informacja o przetwarzaniu danych dla os\u00f3b odwiedzaj\u0105cych nasz profil na Instagramie.<\/a><\/strong><\/li><li><strong><a href=\"https:\/\/klienci.ezone.pl\/tompol\/polityka-prywatnosci\/informacja-o-przetwarzaniu-danych-osobowych-dla-kupujacych-za-posrednictwem-allegro\/\">Informacja o przetwarzaniu danych dla os\u00f3b kupuj\u0105cych nasze produkty za po\u015brednictwem portalu Allegro.pl<\/a>.<\/strong><\/li><li><strong><a href=\"https:\/\/klienci.ezone.pl\/tompol\/polityka-prywatnosci\/informacja-o-przetwarzaniu-danych-osobowych-dla-osob-przesylajacych-zapytania\/\">Informacja o przetwarzaniu danych dla os\u00f3b przesy\u0142aj\u0105cych zapytania niezwi\u0105zane bezpo\u015brednio z zawarciem lub realizacj\u0105 umowy<\/a>.<\/strong><\/li><li><a href=\"https:\/\/klienci.ezone.pl\/tompol\/polityka-prywatnosci\/informacja-o-przetwarzaniu-danych-osobowych-dla-sygnalistow-osob-ktorych-dotyczy-zgloszenie-oraz-osob-wskazanych-w-zgloszeniu-informacji-o-naruszeniu-prawa\/\" data-type=\"page\" data-id=\"2834\"><strong>Informacja o przetwarzaniu danych osobowych<\/strong>\u00a0<strong>dla Sygnalist\u00f3w, os\u00f3b kt\u00f3rych dotyczy zg\u0142oszenie oraz os\u00f3b wskazanych w\u00a0zg\u0142oszeniu informacji o naruszeniu prawa<\/strong>.<\/a><\/li><\/ol><p>W razie jakichkolwiek pyta\u0144 dotycz\u0105cych przetwarzania Pa\u0144stwa danych osobowych lub praw przys\u0142uguj\u0105cych w\u00a0zwi\u0105zku z\u00a0ich przetwarzaniem, prosimy o przes\u0142anie zapytania na adres e-mail\u00a0<a href=\"mailto:rodo@meble-tompol.pl\">rodo@meble-tompol.pl<\/a><\/p><p>W zakresie danych przetwarzanych na podstawie prawnie uzasadnionego interesu (czyli na podstawie art. 6 ust. 1 lit. f RODO) na Pa\u0144stwa \u017cyczenie mo\u017cemy udost\u0119pni\u0107 tak\u017ce tzw. test r\u00f3wnowagi, kt\u00f3ry zawiera ocen\u0119 mo\u017cliwo\u015bci wykorzystania tej podstawy przetwarzania danych.<\/p><p>Uwaga: wszystkie powy\u017csze informacje s\u0105 przeznaczone dla os\u00f3b fizycznych; dane dotycz\u0105ce sp\u00f3\u0142ek handlowych i os\u00f3b prawnych nie podlegaj\u0105 ochronie wprowadzonej przez RODO.<\/p><p><em>Fabryka Mebli TOM-POL Tomasz Wr\u00f3bel sp.k. z siedzib\u0105 w\u00a0Opatowie, ul. Szpot 1A, 63-645 Opat\u00f3w, wpisana do Rejestru Przedsi\u0119biorc\u00f3w Krajowego Rejestru S\u0105dowego prowadzonego przez S\u0105d Rejonowy Pozna\u0144 \u2013 Nowe Miasto i Wilda w\u00a0Poznaniu IX Wydzia\u0142 Gospodarczy Krajowego Rejestru S\u0105dowego pod numerem KRS 0001038188; NIP: 6192057630; REGON: 524616221.<\/em><\/p><p>Polityka prywatno\u015bci ma charakter informacyjny i jest stale weryfikowana oraz w razie potrzeby aktualizowana. Data ostatniej aktualizacji: 03.03.2025<\/p>\t\t\t\t\t\t\t\t<\/div>\n\t\t\t\t<\/div>\n\t\t\t\t<\/div>\n\t\t\t\t<\/div>\n\t\t\t\t\t<\/div>\n\t\t\t\t<\/div>\n\t\t<div class=\"elementor-element elementor-element-304ea07 e-flex e-con-boxed e-con e-parent\" data-id=\"304ea07\" data-element_type=\"container\">\n\t\t\t\t\t<div class=\"e-con-inner\">\n\t\t<div class=\"elementor-element elementor-element-687c15b e-con-full e-flex e-con e-child\" data-id=\"687c15b\" data-element_type=\"container\">\n\t\t\t\t<div class=\"elementor-element elementor-element-7f8d52d elementor-widget__width-initial privacy-policy elementor-widget elementor-widget-text-editor\" data-id=\"7f8d52d\" data-element_type=\"widget\" data-widget_type=\"text-editor.default\">\n\t\t\t\t<div class=\"elementor-widget-container\">\n\t\t\t\t\t\t\t\t\t<p>O\u015bwiadczenie o\u00a0<strong><a href=\"https:\/\/klienci.ezone.pl\/tompol\/wp-content\/uploads\/2025\/12\/Przeciwdzialanie-niewolnictwu-i-handlowi-ludzmi.pdf\" data-type=\"link\" data-id=\"https:\/\/meble-tompol.pl\/wp-content\/uploads\/2025\/07\/Przeciwdzialanie-niewolnictwu-i-handlowi-ludzmi.pdf\">Przeciwdzia\u0142anie niewolnictwu i handlowi lud\u017ami<\/a><\/strong><\/p>\t\t\t\t\t\t\t\t<\/div>\n\t\t\t\t<\/div>\n\t\t\t\t<div class=\"elementor-element elementor-element-556b166 elementor-tablet-align-center elementor-mobile-align-center elementor-widget elementor-widget-button\" data-id=\"556b166\" data-element_type=\"widget\" data-widget_type=\"button.default\">\n\t\t\t\t<div class=\"elementor-widget-container\">\n\t\t\t\t\t\t\t\t\t<div class=\"elementor-button-wrapper\">\n\t\t\t\t\t<a class=\"elementor-button elementor-button-link elementor-size-sm\" href=\"https:\/\/klienci.ezone.pl\/tompol\/wp-content\/uploads\/2025\/12\/Przeciwdzialanie-niewolnictwu-i-handlowi-ludzmi.pdf\">\n\t\t\t\t\t\t<span class=\"elementor-button-content-wrapper\">\n\t\t\t\t\t\t\t\t\t<span class=\"elementor-button-text\">Pobierz<\/span>\n\t\t\t\t\t<\/span>\n\t\t\t\t\t<\/a>\n\t\t\t\t<\/div>\n\t\t\t\t\t\t\t\t<\/div>\n\t\t\t\t<\/div>\n\t\t\t\t<\/div>\n\t\t\t\t\t<\/div>\n\t\t\t\t<\/div>\n\t\t\t\t<\/div>\n\t\t","protected":false},"excerpt":{"rendered":"<p>Polityka prywatno\u015bci Informacje dotycz\u0105ce przetwarzania danych osobowych FABRYKA MEBLI TOM-POL Tomasz Wr\u00f3bel sp. k. Szanowni Pa\u0144stwo! W naszej dzia\u0142alno\u015bci przestrzegamy [&hellip;]<\/p>\n","protected":false},"author":1,"featured_media":0,"parent":0,"menu_order":0,"comment_status":"closed","ping_status":"closed","template":"","meta":{"site-sidebar-layout":"no-sidebar","site-content-layout":"","ast-site-content-layout":"full-width-container","site-content-style":"unboxed","site-sidebar-style":"unboxed","ast-global-header-display":"","ast-banner-title-visibility":"","ast-main-header-display":"","ast-hfb-above-header-display":"","ast-hfb-below-header-display":"","ast-hfb-mobile-header-display":"","site-post-title":"disabled","ast-breadcrumbs-content":"","ast-featured-img":"disabled","footer-sml-layout":"","theme-transparent-header-meta":"enabled","adv-header-id-meta":"","stick-header-meta":"","header-above-stick-meta":"","header-main-stick-meta":"","header-below-stick-meta":"","astra-migrate-meta-layouts":"default","ast-page-background-enabled":"default","ast-page-background-meta":{"desktop":{"background-color":"var(--ast-global-color-4)","background-image":"","background-repeat":"repeat","background-position":"center center","background-size":"auto","background-attachment":"scroll","background-type":"","background-media":"","overlay-type":"","overlay-color":"","overlay-opacity":"","overlay-gradient":""},"tablet":{"background-color":"","background-image":"","background-repeat":"repeat","background-position":"center center","background-size":"auto","background-attachment":"scroll","background-type":"","background-media":"","overlay-type":"","overlay-color":"","overlay-opacity":"","overlay-gradient":""},"mobile":{"background-color":"","background-image":"","background-repeat":"repeat","background-position":"center center","background-size":"auto","background-attachment":"scroll","background-type":"","background-media":"","overlay-type":"","overlay-color":"","overlay-opacity":"","overlay-gradient":""}},"ast-content-background-meta":{"desktop":{"background-color":"var(--ast-global-color-5)","background-image":"","background-repeat":"repeat","background-position":"center center","background-size":"auto","background-attachment":"scroll","background-type":"","background-media":"","overlay-type":"","overlay-color":"","overlay-opacity":"","overlay-gradient":""},"tablet":{"background-color":"var(--ast-global-color-5)","background-image":"","background-repeat":"repeat","background-position":"center center","background-size":"auto","background-attachment":"scroll","background-type":"","background-media":"","overlay-type":"","overlay-color":"","overlay-opacity":"","overlay-gradient":""},"mobile":{"background-color":"var(--ast-global-color-5)","background-image":"","background-repeat":"repeat","background-position":"center center","background-size":"auto","background-attachment":"scroll","background-type":"","background-media":"","overlay-type":"","overlay-color":"","overlay-opacity":"","overlay-gradient":""}},"footnotes":""},"class_list":["post-7416","page","type-page","status-publish","hentry"],"_links":{"self":[{"href":"https:\/\/klienci.ezone.pl\/tompol\/wp-json\/wp\/v2\/pages\/7416","targetHints":{"allow":["GET"]}}],"collection":[{"href":"https:\/\/klienci.ezone.pl\/tompol\/wp-json\/wp\/v2\/pages"}],"about":[{"href":"https:\/\/klienci.ezone.pl\/tompol\/wp-json\/wp\/v2\/types\/page"}],"author":[{"embeddable":true,"href":"https:\/\/klienci.ezone.pl\/tompol\/wp-json\/wp\/v2\/users\/1"}],"replies":[{"embeddable":true,"href":"https:\/\/klienci.ezone.pl\/tompol\/wp-json\/wp\/v2\/comments?post=7416"}],"version-history":[{"count":55,"href":"https:\/\/klienci.ezone.pl\/tompol\/wp-json\/wp\/v2\/pages\/7416\/revisions"}],"predecessor-version":[{"id":7584,"href":"https:\/\/klienci.ezone.pl\/tompol\/wp-json\/wp\/v2\/pages\/7416\/revisions\/7584"}],"wp:attachment":[{"href":"https:\/\/klienci.ezone.pl\/tompol\/wp-json\/wp\/v2\/media?parent=7416"}],"curies":[{"name":"wp","href":"https:\/\/api.w.org\/{rel}","templated":true}]}}