{"id":7466,"date":"2025-12-16T10:11:07","date_gmt":"2025-12-16T09:11:07","guid":{"rendered":"https:\/\/klienci.ezone.pl\/tompol\/?page_id=7466"},"modified":"2025-12-16T10:12:28","modified_gmt":"2025-12-16T09:12:28","slug":"informacja-o-przetwarzaniu-danych-osobowych-dla-pracownikow-i-przedstawicieli-naszych-klientow-i-dostawcow","status":"publish","type":"page","link":"https:\/\/klienci.ezone.pl\/tompol\/polityka-prywatnosci\/informacja-o-przetwarzaniu-danych-osobowych-dla-pracownikow-i-przedstawicieli-naszych-klientow-i-dostawcow\/","title":{"rendered":"Informacja o przetwarzaniu danych osobowych\u00a0dla Pracownik\u00f3w i Przedstawicieli naszych Klient\u00f3w i Dostawc\u00f3w"},"content":{"rendered":"\t\t<div data-elementor-type=\"wp-page\" data-elementor-id=\"7466\" class=\"elementor elementor-7466\" data-elementor-post-type=\"page\">\n\t\t\t\t<div class=\"elementor-element elementor-element-df3abc1 e-flex e-con-boxed e-con e-parent\" data-id=\"df3abc1\" data-element_type=\"container\" data-settings=\"{&quot;background_background&quot;:&quot;classic&quot;}\">\n\t\t\t\t\t<div class=\"e-con-inner\">\n\t\t\t\t<div class=\"elementor-element elementor-element-d6cad67 animated-slow elementor-invisible elementor-widget elementor-widget-heading\" data-id=\"d6cad67\" data-element_type=\"widget\" data-settings=\"{&quot;_animation&quot;:&quot;fadeIn&quot;}\" data-widget_type=\"heading.default\">\n\t\t\t\t<div class=\"elementor-widget-container\">\n\t\t\t\t\t<h1 class=\"elementor-heading-title elementor-size-default\">Polityka prywatno\u015bci<\/h1>\t\t\t\t<\/div>\n\t\t\t\t<\/div>\n\t\t\t\t\t<\/div>\n\t\t\t\t<\/div>\n\t\t<div class=\"elementor-element elementor-element-6112710 e-flex e-con-boxed e-con e-parent\" data-id=\"6112710\" data-element_type=\"container\">\n\t\t\t\t\t<div class=\"e-con-inner\">\n\t\t<div class=\"elementor-element elementor-element-4b989d1 e-con-full e-flex e-con e-child\" data-id=\"4b989d1\" data-element_type=\"container\">\n\t\t<div class=\"elementor-element elementor-element-880341d e-con-full e-flex e-con e-child\" data-id=\"880341d\" data-element_type=\"container\">\n\t\t\t\t<div class=\"elementor-element elementor-element-e9ace77 jestesmy elementor-widget elementor-widget-heading\" data-id=\"e9ace77\" data-element_type=\"widget\" data-widget_type=\"heading.default\">\n\t\t\t\t<div class=\"elementor-widget-container\">\n\t\t\t\t\t<h4 class=\"elementor-heading-title elementor-size-default\">Informacja o przetwarzaniu danych osobowych dla Pracownik\u00f3w i Przedstawicieli naszych Klient\u00f3w i Dostawc\u00f3w<\/h4>\t\t\t\t<\/div>\n\t\t\t\t<\/div>\n\t\t\t\t<div class=\"elementor-element elementor-element-82aa51c elementor-widget__width-initial privacy-policy elementor-widget elementor-widget-text-editor\" data-id=\"82aa51c\" data-element_type=\"widget\" data-widget_type=\"text-editor.default\">\n\t\t\t\t<div class=\"elementor-widget-container\">\n\t\t\t\t\t\t\t\t\t<p><strong>1<\/strong>.\u00a0<strong>Administrator danych osobowych.<\/strong><\/p><p>Administratorem danych osobowych jest\u00a0<strong>Fabryka Mebli TOM-POL Tomasz Wr\u00f3bel sp.k.<\/strong>\u00a0<strong>z siedzib\u0105 w Opatowie przy ul. Szpot nr 1A, 63-645 Opat\u00f3w;\u00a0<\/strong>KRS: 0001038188, NIP: 6192057630, REGON: 524616221.<\/p><p><strong><u>Z Administratorem mo\u017cna si\u0119 skontaktowa\u0107:<\/u><\/strong><\/p><ul class=\"wp-block-list\"><li>osobi\u015bcie w jego siedzibie;<\/li><li>wysy\u0142aj\u0105c list na adres:\u00a0<strong>Fabryka Mebli TOM-POL Tomasz Wr\u00f3bel sp.k., ul. Szpot nr 1A, 63-645 Opat\u00f3w<\/strong>;<\/li><li>przesy\u0142aj\u0105c wiadomo\u015b\u0107 na adres e-mail:\u00a0<a href=\"mailto:rodo@meble-tompol.pl\">rodo@meble-tompol.pl<\/a><\/li><\/ul><p><strong>2.<\/strong>\u00a0<strong>Cele<\/strong>\u00a0<strong>i<\/strong>\u00a0<strong>podstawy prawne przetwarzania danych.<\/strong><\/p><figure class=\"wp-block-table is-style-stripes\"><table class=\"has-background\"><tbody><tr><td><strong>Cele przetwarzania danych<\/strong><\/td><td><strong>Podstawy prawne przetwarzania danych<\/strong><\/td><\/tr><tr><td><strong>a) ustalenie warunk\u00f3w i rozpocz\u0119cie wsp\u00f3\u0142pracy z naszym Klientem lub Dostawc\u0105;<\/strong><br \/><strong>b) wykonanie umowy z naszym Klientem lub Dostawc\u0105, obs\u0142uga ewentualnych reklamacji oraz kontakt w tych sprawach;<\/strong><br \/><strong>c) archiwizowanie dokument\u00f3w i informacji, aby udokumentowa\u0107 okoliczno\u015bci zwi\u0105zane z\u00a0umow\u0105 z naszym Klientem lub Dostawc\u0105;<\/strong><br \/><strong>d) ustalenie i dochodzenie ewentualnych roszcze\u0144 lub obrona przed roszczeniami, kt\u00f3re mog\u0105 by\u0107 zwi\u0105zane z\u00a0zawarciem lub wykonywaniem umowy z naszym Klientem lub Dostawc\u0105;<\/strong><\/td><td>Podstaw\u0105 prawn\u0105 jest\u00a0<strong>prawnie uzasadniony interes Administratora (art. 6 ust. 1 lit. f RODO<sup>1<\/sup>), jakim jest<\/strong>:<br \/>\u2013 nawi\u0105zanie wsp\u00f3\u0142pracy i zawarcie umowy z Klientem lub Dostawc\u0105<br \/>\u2013 sprawna realizacja umowy z Klientem lub Dostawc\u0105 oraz bie\u017c\u0105cy kontakt w tych sprawach z wyznaczonymi osobami,<br \/>\u2013 przechowywanie dowod\u00f3w zwi\u0105zanych z\u00a0zawarciem lub realizacj\u0105 umowy z Klientem lub Dostawc\u0105,<br \/>\u2013 ochrona i\u00a0dochodzenie swoich praw oraz weryfikacja zg\u0142aszanych roszcze\u0144.<\/td><\/tr><tr><td><strong>e)<\/strong>\u00a0<strong>wykonanie obowi\u0105zku prowadzenia i\u00a0przechowywania dokumentacji podatkowej oraz ksi\u0119gowej,\u00a0<\/strong>je\u015bli Pa\u0144stwa dane znajduj\u0105 si\u0119 w dokumentach ksi\u0119gowych (np. na fakturach).<\/td><td>Podstaw\u0105 prawn\u0105 jest\u00a0<strong>obowi\u0105zek prawny<\/strong>\u00a0wynikaj\u0105cy z\u00a0przepis\u00f3w podatkowych i\u00a0rachunkowych<sup>2<\/sup>\u00a0<strong>(art. 6 ust. 1 lit. c RODO)<\/strong>. \u00a0<\/td><\/tr><\/tbody><\/table><figcaption class=\"wp-element-caption\"><strong>Dodatkowe informacje:\u00a0<\/strong>wobec Pa\u0144stwa nie b\u0119d\u0105 podejmowane zautomatyzowane decyzje (czyli bez udzia\u0142u cz\u0142owieka) ani dane nie b\u0119d\u0105 wykorzystywane do profilowania.<\/figcaption><\/figure><p><strong>3. Planowany okres przechowywania danych.<\/strong><\/p><p>Dane osobowe b\u0119d\u0105 przechowywane przez czas realizacji umowy z Klientem lub Dostawc\u0105 oraz przez okres przedawnienia roszcze\u0144, kt\u00f3re mog\u0105 by\u0107 zwi\u0105zane z umow\u0105, albo do czasu zg\u0142oszenia przez Pa\u0144stwa skutecznego sprzeciwu. Terminy przedawnienia ustala si\u0119 zgodnie z\u00a0przepisami Kodeksu cywilnego<sup>3<\/sup>.<\/p><p>Je\u015bli nie dojdzie do zawarcia umowy, to dane b\u0119d\u0105 przechowywane przez 3 miesi\u0105ce od ostatniego kontaktu w sprawie umowy lub odrzucenia oferty.<\/p><p>Dokumenty ksi\u0119gowe i podatkowe b\u0119d\u0105 przechowywane zgodnie z\u00a0przepisami podatkowymi i rachunkowymi<sup>4<\/sup>\u00a0(do 5 lat liczonych od ko\u0144ca roku, w kt\u00f3rym up\u0142yn\u0105\u0142 termin zap\u0142aty podatku).<\/p><p><strong>4. Czy podanie danych jest obowi\u0105zkowe?<\/strong><\/p><p>Podanie danych jest dobrowolne, ale niezb\u0119dne do zawarcia umowy albo do przyj\u0119cia reklamacji. Podanie podstawowych danych identyfikacyjnych jest warunkiem nawi\u0105zania wsp\u00f3\u0142pracy,\u00a0zawarcia umowy lub przyj\u0119cia reklamacji.<\/p><p><strong>5<\/strong>.\u00a0<strong>Odbiorcy danych.<\/strong><\/p><p>Administrator przekazuje dane nast\u0119puj\u0105cym odbiorcom:<\/p><ul class=\"wp-block-list\"><li>Home.pl S.A. z siedzib\u0105 w Szczecinie jako dostawcy us\u0142ug poczty elektronicznej;<\/li><li>podmiotom obs\u0142uguj\u0105cym system informatyczny;<\/li><li>podmiotom \u015bwiadcz\u0105cym us\u0142ugi kurierskie i pocztowe w zwi\u0105zku z prowadzeniem korespondencji;<\/li><li>kancelariom prawnym w wypadku konieczno\u015bci dochodzenia roszcze\u0144 lub obrony przed nimi;<\/li><li>przewo\u017anikom i spedytorom zaanga\u017cowanym w realizacj\u0119 umowy z Klientem lub Dostawc\u0105;<\/li><li>bieg\u0142ym rewidentom, podmiotom \u015bwiadcz\u0105cym us\u0142ugi doradcze lub audytowe.<\/li><\/ul><p><strong><u>6<\/u><\/strong><strong><u>. Prawa, kt\u00f3re przys\u0142uguj\u0105 Pa\u0144stwu w zwi\u0105zku z przetwarzaniem danych<\/u><\/strong><strong><u>:<\/u><\/strong><\/p><figure class=\"wp-block-table is-style-stripes\"><table class=\"has-background\"><tbody><tr><td><strong>a) prawo dost\u0119pu do swoich danych<\/strong>\u00a0(art. 15 RODO)<\/td><td>Mog\u0105 Pa\u0144stwo otrzyma\u0107 szczeg\u00f3\u0142owe informacje na temat przetwarzania danych oraz przys\u0142uguj\u0105cych praw, uzyska\u0107 dost\u0119p do swoich danych, a\u00a0tak\u017ce otrzyma\u0107 ich kopi\u0119 (pierwsza kopia jest bezp\u0142atna).<\/td><\/tr><tr><td><strong>b) prawo do sprostowania danych<\/strong>\u00a0(art. 16 RODO)<\/td><td>Je\u015bli uwa\u017caj\u0105 Pa\u0144stwo, \u017ce dane s\u0105 nieprawid\u0142owe lub niekompletne, mog\u0105 Pa\u0144stwo za\u017c\u0105da\u0107 ich poprawienia lub uzupe\u0142nienia.<\/td><\/tr><tr><td><strong>c) prawo do usuni\u0119cia danych<\/strong>\u00a0(art. 17 RODO)<\/td><td>Mog\u0105 Pa\u0144stwo za\u017c\u0105da\u0107 usuni\u0119cia danych, je\u015bli uwa\u017caj\u0105 Pa\u0144stwo, \u017ce s\u0105 one przetwarzane bezpodstawnie (czyli dane nie s\u0105 ju\u017c niezb\u0119dne, s\u0105 przetwarzane niezgodnie z prawem, prawo wymaga ich usuni\u0119cia albo z\u0142o\u017cyli Pa\u0144stwo sprzeciw i\u00a0nie ma podstaw przetwarzania danych). Jednak dane nie zostan\u0105 usuni\u0119te\u00a0w\u00a0szczeg\u00f3lno\u015bci, je\u015bli ich przetwarzanie jest niezb\u0119dne do wywi\u0105zania si\u0119 z\u00a0obowi\u0105zku prawnego albo ustalenia i\u00a0dochodzenia roszcze\u0144 lub obrony przed nimi.<\/td><\/tr><tr><td><strong>d) prawo do ograniczenia przetwarzania danych\u00a0<\/strong>(art. 18 RODO)<\/td><td>W przypadku ograniczenia przetwarzania dane b\u0119d\u0105 jedynie przechowywane i nie b\u0119d\u0105 wykorzystywane bez Pa\u0144stwa zgody, chyba \u017ce jest to konieczne do ustalenia i\u00a0dochodzenia roszcze\u0144, obrony przed nimi albo w innych sytuacjach, kiedy RODO na to zezwala. Prawo do ograniczenia przetwarzania przys\u0142uguje Pa\u0144stwu w\u00a0przypadkach, gdy:<br \/>\u2013 uwa\u017cacie Pa\u0144stwo, \u017ce dane s\u0105 nieprawid\u0142owe;<br \/>\u2013 przetwarzanie danych jest niezgodne z prawem, ale nie chcecie Pa\u0144stwo, \u017ceby zosta\u0142y one usuni\u0119te;<br \/>\u2013 Administrator nie potrzebuje ju\u017c danych, ale s\u0105 one Pa\u0144stwu potrzebne do dochodzenia i ustalenia roszcze\u0144 lub obrony przed nimi;<br \/>\u2013 wnie\u015bli Pa\u0144stwo sprzeciw.<\/td><\/tr><tr><td><strong>e)\u00a0<u>prawo do sprzeciwu<\/u><\/strong>\u00a0(art. 21 RODO)<\/td><td><strong><u>Sprzeciw ze wzgl\u0119du na szczeg\u00f3ln\u0105 sytuacj\u0119<\/u><\/strong>\u00a0\u2013 mog\u0105 Pa\u0144stwo w\u00a0dowolnym momencie wnie\u015b\u0107 sprzeciw wobec przetwarzania swoich danych osobowych, je\u015bli jego podstaw\u0105 jest prawnie uzasadniony interes (czyli art. 6 ust. 1 lit. f RODO). W\u00a0sprzeciwie nale\u017cy opisa\u0107 szczeg\u00f3ln\u0105 sytuacj\u0119, kt\u00f3ra \u2013 Pa\u0144stwa zdaniem \u2013 uzasadnia jego wniesienie. Po z\u0142o\u017ceniu sprzeciwu Administrator przestanie przetwarza\u0107 dane w zakresie, kt\u00f3rego sprzeciw dotyczy\u0142, chyba \u017ce powody, dla kt\u00f3rych je przetwarza, s\u0105 wa\u017cniejsze ni\u017c okoliczno\u015bci wskazane w\u00a0sprzeciwie albo dane s\u0105\u00a0niezb\u0119dne do ustalenia i dochodzenia roszcze\u0144 lub obrony przed nimi.<br \/><strong><u>Sprzeciw wobec dzia\u0142a\u0144 marketingowych<\/u><\/strong>\u00a0\u2013 je\u015bli dane s\u0105 wykorzystywane do cel\u00f3w marketingowych, sprzeciw nie wymaga uzasadnienia, a po jego z\u0142o\u017ceniu przestaniemy wykorzystywa\u0107 Pa\u0144stwa dane w tych celach.<\/td><\/tr><\/tbody><\/table><figcaption class=\"wp-element-caption\"><strong><u>Aby skorzysta\u0107 z wymienionych praw, wystarczy skontaktowa\u0107 si\u0119 z Administratorem osobi\u015bcie, za po\u015brednictwem poczty elektronicznej albo listownie (dane kontaktowe znajduj\u0105 si\u0119 w punkcie 1.).<\/u><\/strong><\/figcaption><\/figure><p><strong>7.<\/strong>\u00a0<strong>Prawo wniesienia skargi do organu nadzorczego.<\/strong><\/p><p>Je\u015bli uwa\u017caj\u0105 Pa\u0144stwo, \u017ce dane s\u0105 przetwarzane niezgodnie z prawem, maj\u0105 Pa\u0144stwo prawo wniesienia skargi do organu nadzorczego. W Polsce jest nim\u00a0<strong>Prezes Urz\u0119du Ochrony Danych Osobowych\u00a0<\/strong>(ul. Stawki 2, 00-193 Warszawa,\u00a0<a href=\"http:\/\/www.uodo.gov.pl\/\">www.uodo.gov.pl<\/a>).<\/p><p><strong>8. \u0179r\u00f3d\u0142o i kategorie przetwarzanych danych.<\/strong><\/p><p>Administrator otrzymuje dane bezpo\u015brednio od Pa\u0144stwa, Pa\u0144stwa Pracodawcy\/Mocodawcy, pozyskuje je z jego strony internetowej lub z Krajowego Rejestru S\u0105dowego. Przetwarzane s\u0105 takie dane jak: imi\u0119 i\u00a0nazwisko, stanowisko, funkcja, Pracodawca lub reprezentowany podmiot, s\u0142u\u017cbowy adres e-mail lub\u00a0numer telefonu, podpis, rodzaj spraw, kt\u00f3rymi si\u0119 Pa\u0144stwo zajmuj\u0105, a tak\u017ce inne dane zawarte w\u00a0korespondencji prowadzonej z\u00a0Pa\u0144stwem.<\/p><p class=\"has-small-font-size\"><strong>Przywo\u0142ane przepisy prawa:<\/strong><br \/><sup>1<\/sup>Rozporz\u0105dzenie Parlamentu Europejskiego i Rady (UE) 2016\/679 z 27 kwietnia 2016 r. w\u00a0sprawie ochrony os\u00f3b fizycznych w\u00a0zwi\u0105zku z\u00a0przetwarzaniem danych osobowych i w sprawie swobodnego przep\u0142ywu takich danych oraz uchylenia dyrektywy 95\/46\/WE (og\u00f3lne rozporz\u0105dzenie o ochronie danych).<br \/><sup>2<\/sup>\u00a0W szczeg\u00f3lno\u015bci przepisy ustawy z dnia 11 marca 2004 r. o podatku od towar\u00f3w i us\u0142ug, ustawy z dnia 29 sierpnia 1993 r. Ordynacja podatkowa oraz ustawy z dnia 15 lutego 1992 r. o podatku dochodowym od os\u00f3b prawnych.<br \/><sup>3\u00a0<\/sup>Og\u00f3lne terminy przedawnienia i spos\u00f3b ich liczenia okre\u015bla m.in. art. 118 \u2013 125 ustawy z dnia 23 kwietnia 1964 r. Kodeks cywilny.<br \/><sup>4\u00a0<\/sup>Termin przechowywania dokumentacji podatkowej okre\u015bla art. 86 \u00a71 i art. 70 ustawy z dnia 29 sierpnia 1993 r. Ordynacja podatkowa i wynosi on 5 lat liczonych od ko\u0144ca roku, w kt\u00f3rym up\u0142yn\u0105\u0142 termin zap\u0142aty podatku. Natomiast terminy przechowywania dokumentacji rachunkowej ustala art. 74 ustawy z\u00a0dnia 29 wrze\u015bnia 1994 r. o\u00a0rachunkowo\u015bci.<\/p><p><em>Fabryka Mebli TOM-POL Tomasz Wr\u00f3bel sp.k. z siedzib\u0105 w\u00a0Opatowie, ul. Szpot 1A, 63-645 Opat\u00f3w, wpisana do Rejestru Przedsi\u0119biorc\u00f3w Krajowego Rejestru S\u0105dowego prowadzonego przez S\u0105d Rejonowy Pozna\u0144 \u2013 Nowe Miasto i Wilda w\u00a0Poznaniu IX Wydzia\u0142 Gospodarczy Krajowego Rejestru S\u0105dowego pod numerem KRS 0001038188; NIP: 6192057630; REGON: 524616221.<\/em><\/p>\t\t\t\t\t\t\t\t<\/div>\n\t\t\t\t<\/div>\n\t\t\t\t<\/div>\n\t\t\t\t<\/div>\n\t\t\t\t\t<\/div>\n\t\t\t\t<\/div>\n\t\t\t\t<\/div>\n\t\t","protected":false},"excerpt":{"rendered":"<p>Polityka prywatno\u015bci Informacja o przetwarzaniu danych osobowych dla Pracownik\u00f3w i Przedstawicieli naszych Klient\u00f3w i Dostawc\u00f3w 1.\u00a0Administrator danych osobowych. Administratorem danych [&hellip;]<\/p>\n","protected":false},"author":1,"featured_media":0,"parent":7416,"menu_order":0,"comment_status":"closed","ping_status":"closed","template":"","meta":{"site-sidebar-layout":"no-sidebar","site-content-layout":"","ast-site-content-layout":"full-width-container","site-content-style":"unboxed","site-sidebar-style":"unboxed","ast-global-header-display":"","ast-banner-title-visibility":"","ast-main-header-display":"","ast-hfb-above-header-display":"","ast-hfb-below-header-display":"","ast-hfb-mobile-header-display":"","site-post-title":"disabled","ast-breadcrumbs-content":"","ast-featured-img":"disabled","footer-sml-layout":"","theme-transparent-header-meta":"enabled","adv-header-id-meta":"","stick-header-meta":"","header-above-stick-meta":"","header-main-stick-meta":"","header-below-stick-meta":"","astra-migrate-meta-layouts":"default","ast-page-background-enabled":"default","ast-page-background-meta":{"desktop":{"background-color":"var(--ast-global-color-4)","background-image":"","background-repeat":"repeat","background-position":"center center","background-size":"auto","background-attachment":"scroll","background-type":"","background-media":"","overlay-type":"","overlay-color":"","overlay-opacity":"","overlay-gradient":""},"tablet":{"background-color":"","background-image":"","background-repeat":"repeat","background-position":"center center","background-size":"auto","background-attachment":"scroll","background-type":"","background-media":"","overlay-type":"","overlay-color":"","overlay-opacity":"","overlay-gradient":""},"mobile":{"background-color":"","background-image":"","background-repeat":"repeat","background-position":"center center","background-size":"auto","background-attachment":"scroll","background-type":"","background-media":"","overlay-type":"","overlay-color":"","overlay-opacity":"","overlay-gradient":""}},"ast-content-background-meta":{"desktop":{"background-color":"var(--ast-global-color-5)","background-image":"","background-repeat":"repeat","background-position":"center center","background-size":"auto","background-attachment":"scroll","background-type":"","background-media":"","overlay-type":"","overlay-color":"","overlay-opacity":"","overlay-gradient":""},"tablet":{"background-color":"var(--ast-global-color-5)","background-image":"","background-repeat":"repeat","background-position":"center center","background-size":"auto","background-attachment":"scroll","background-type":"","background-media":"","overlay-type":"","overlay-color":"","overlay-opacity":"","overlay-gradient":""},"mobile":{"background-color":"var(--ast-global-color-5)","background-image":"","background-repeat":"repeat","background-position":"center center","background-size":"auto","background-attachment":"scroll","background-type":"","background-media":"","overlay-type":"","overlay-color":"","overlay-opacity":"","overlay-gradient":""}},"footnotes":""},"class_list":["post-7466","page","type-page","status-publish","hentry"],"_links":{"self":[{"href":"https:\/\/klienci.ezone.pl\/tompol\/wp-json\/wp\/v2\/pages\/7466","targetHints":{"allow":["GET"]}}],"collection":[{"href":"https:\/\/klienci.ezone.pl\/tompol\/wp-json\/wp\/v2\/pages"}],"about":[{"href":"https:\/\/klienci.ezone.pl\/tompol\/wp-json\/wp\/v2\/types\/page"}],"author":[{"embeddable":true,"href":"https:\/\/klienci.ezone.pl\/tompol\/wp-json\/wp\/v2\/users\/1"}],"replies":[{"embeddable":true,"href":"https:\/\/klienci.ezone.pl\/tompol\/wp-json\/wp\/v2\/comments?post=7466"}],"version-history":[{"count":4,"href":"https:\/\/klienci.ezone.pl\/tompol\/wp-json\/wp\/v2\/pages\/7466\/revisions"}],"predecessor-version":[{"id":7486,"href":"https:\/\/klienci.ezone.pl\/tompol\/wp-json\/wp\/v2\/pages\/7466\/revisions\/7486"}],"up":[{"embeddable":true,"href":"https:\/\/klienci.ezone.pl\/tompol\/wp-json\/wp\/v2\/pages\/7416"}],"wp:attachment":[{"href":"https:\/\/klienci.ezone.pl\/tompol\/wp-json\/wp\/v2\/media?parent=7466"}],"curies":[{"name":"wp","href":"https:\/\/api.w.org\/{rel}","templated":true}]}}