{"id":7490,"date":"2025-12-16T10:13:55","date_gmt":"2025-12-16T09:13:55","guid":{"rendered":"https:\/\/klienci.ezone.pl\/tompol\/?page_id=7490"},"modified":"2025-12-16T10:15:02","modified_gmt":"2025-12-16T09:15:02","slug":"informacja-o-przetwarzaniu-danych-osobowych-dla-naszych-dostawcow","status":"publish","type":"page","link":"https:\/\/klienci.ezone.pl\/tompol\/polityka-prywatnosci\/informacja-o-przetwarzaniu-danych-osobowych-dla-naszych-dostawcow\/","title":{"rendered":"Informacja o przetwarzaniu danych osobowych dla naszych Dostawc\u00f3w"},"content":{"rendered":"\t\t<div data-elementor-type=\"wp-page\" data-elementor-id=\"7490\" class=\"elementor elementor-7490\" data-elementor-post-type=\"page\">\n\t\t\t\t<div class=\"elementor-element elementor-element-df3abc1 e-flex e-con-boxed e-con e-parent\" data-id=\"df3abc1\" data-element_type=\"container\" data-settings=\"{&quot;background_background&quot;:&quot;classic&quot;}\">\n\t\t\t\t\t<div class=\"e-con-inner\">\n\t\t\t\t<div class=\"elementor-element elementor-element-d6cad67 animated-slow elementor-invisible elementor-widget elementor-widget-heading\" data-id=\"d6cad67\" data-element_type=\"widget\" data-settings=\"{&quot;_animation&quot;:&quot;fadeIn&quot;}\" data-widget_type=\"heading.default\">\n\t\t\t\t<div class=\"elementor-widget-container\">\n\t\t\t\t\t<h1 class=\"elementor-heading-title elementor-size-default\">Polityka prywatno\u015bci<\/h1>\t\t\t\t<\/div>\n\t\t\t\t<\/div>\n\t\t\t\t\t<\/div>\n\t\t\t\t<\/div>\n\t\t<div class=\"elementor-element elementor-element-6112710 e-flex e-con-boxed e-con e-parent\" data-id=\"6112710\" data-element_type=\"container\">\n\t\t\t\t\t<div class=\"e-con-inner\">\n\t\t<div class=\"elementor-element elementor-element-4b989d1 e-con-full e-flex e-con e-child\" data-id=\"4b989d1\" data-element_type=\"container\">\n\t\t<div class=\"elementor-element elementor-element-880341d e-con-full e-flex e-con e-child\" data-id=\"880341d\" data-element_type=\"container\">\n\t\t\t\t<div class=\"elementor-element elementor-element-e9ace77 jestesmy elementor-widget elementor-widget-heading\" data-id=\"e9ace77\" data-element_type=\"widget\" data-widget_type=\"heading.default\">\n\t\t\t\t<div class=\"elementor-widget-container\">\n\t\t\t\t\t<h4 class=\"elementor-heading-title elementor-size-default\">Informacja o przetwarzaniu danych osobowych dla naszych Dostawc\u00f3w<\/h4>\t\t\t\t<\/div>\n\t\t\t\t<\/div>\n\t\t\t\t<div class=\"elementor-element elementor-element-82aa51c elementor-widget__width-initial privacy-policy elementor-widget elementor-widget-text-editor\" data-id=\"82aa51c\" data-element_type=\"widget\" data-widget_type=\"text-editor.default\">\n\t\t\t\t<div class=\"elementor-widget-container\">\n\t\t\t\t\t\t\t\t\t<p><strong>1<\/strong>.\u00a0<strong>Administrator danych osobowych.<\/strong><\/p><p>Administratorem danych osobowych jest\u00a0<strong>Fabryka Mebli TOM-POL Tomasz Wr\u00f3bel sp.k.<\/strong>\u00a0<strong>z siedzib\u0105 w Opatowie przy ul. Szpot nr 1A, 63-645 Opat\u00f3w;\u00a0<\/strong>KRS: 0001038188, NIP: 6192057630, REGON: 524616221.<\/p><p><strong><u>Z Administratorem mo\u017cna si\u0119 skontaktowa\u0107:<\/u><\/strong><\/p><ul class=\"wp-block-list\"><li>osobi\u015bcie w jego siedzibie;<\/li><li>wysy\u0142aj\u0105c list na adres:\u00a0<strong>Fabryka Mebli TOM-POL Tomasz Wr\u00f3bel sp.k., ul. Szpot nr 1A, 63-645 Opat\u00f3w<\/strong>;<\/li><li>przesy\u0142aj\u0105c wiadomo\u015b\u0107 na adres e-mail:\u00a0<a href=\"mailto:rodo@meble-tompol.pl\">rodo@meble-tompol.pl<\/a><\/li><\/ul><p><strong>2. Cele<\/strong>\u00a0<strong>i<\/strong>\u00a0<strong>podstawy prawne przetwarzania Pa\u0144stwa danych.<\/strong><\/p><figure class=\"wp-block-table is-style-stripes\"><table class=\"has-background\"><tbody><tr><td><strong>Cele przetwarzania danych<\/strong><\/td><td><strong>Podstawy prawne przetwarzania danych<\/strong><\/td><\/tr><tr><td><strong>a) kontaktowanie si\u0119 z Pa\u0144stwem w zakresie mo\u017cliwo\u015bci przedstawienia oferty lub rozpocz\u0119cia wsp\u00f3\u0142pracy<\/strong>\u00a0\u00a0\u00a0\u00a0\u00a0\u00a0\u00a0\u00a0\u00a0\u00a0\u00a0<\/td><td>Podstaw\u0105 prawn\u0105 jest\u00a0<strong>prawnie uzasadniony interes Administratora (art. 6 ust. 1 lit. f RODO<sup>1<\/sup>)<\/strong>, jakim jest podejmowanie wsp\u00f3\u0142pracy z\u00a0Dostawcami oraz uzyskiwanie informacji dotycz\u0105cych jej warunk\u00f3w.<\/td><\/tr><tr><td><strong>b) zawarcie i wykonywanie umowy oraz kontaktowanie si\u0119 w tych sprawach<\/strong><\/td><td>Podstaw\u0105 prawn\u0105 jest\u00a0<strong>wykonywanie umowy i\u00a0dzia\u0142ania poprzedzaj\u0105ce jej zawarcie (art. 6 ust. 1 lit. b RODO).<\/strong><\/td><\/tr><tr><td><strong>c) realizowanie obowi\u0105zk\u00f3w podatkowych i\u00a0rachunkowych\u00a0<\/strong>(w tym prowadzenia oraz przechowywania dokumentacji ksi\u0119gowej i\u00a0podatkowej)<\/td><td>Podstaw\u0105 prawn\u0105 jest\u00a0<strong>obowi\u0105zek prawny<\/strong>\u00a0wynikaj\u0105cy z\u00a0przepis\u00f3w podatkowych oraz rachunkowych<sup>2<\/sup>\u00a0<strong>(art. 6 ust. 1 lit. c RODO).<\/strong><\/td><\/tr><tr><td><strong>d) ustalenie i dochodzenie ewentualnych roszcze\u0144 oraz obrona przed roszczeniami,\u00a0<\/strong>kt\u00f3re mog\u0105 by\u0107 zwi\u0105zane z\u00a0realizacj\u0105 umowy<\/td><td>Podstaw\u0105 prawn\u0105 jest\u00a0<strong>prawnie uzasadniony<\/strong>\u00a0<strong>interes Administratora (art. 6 ust. 1 lit. f RODO)<\/strong>, jakim jest dochodzenie i ochrona swoich praw, a tak\u017ce weryfikacja zg\u0142aszanych roszcze\u0144.<\/td><\/tr><tr><td><strong>e) archiwizowanie dokument\u00f3w i informacji, aby udokumentowa\u0107 okoliczno\u015bci zwi\u0105zane z\u00a0umow\u0105<\/strong><\/td><td>Podstaw\u0105 prawn\u0105 jest\u00a0<strong>prawnie uzasadniony interes Administratora (art. 6 ust. 1 lit. f RODO)<\/strong>, jakim jest potrzeba przechowywania dokument\u00f3w i\u00a0informacji w\u00a0razie potrzeby udowodnienia kwestii dotycz\u0105cych zawarcia lub realizacji umowy.<\/td><\/tr><tr><td><strong>f) przesy\u0142anie kartek okoliczno\u015bciowych<\/strong><\/td><td>Podstaw\u0105 prawn\u0105 jest\u00a0<strong>prawnie uzasadniony<\/strong>\u00a0<strong>interes Administratora (art. 6 ust. 1 lit. f RODO)<\/strong>, jakim jest promocja oraz podtrzymywanie dobrych relacji biznesowych.<\/td><\/tr><\/tbody><\/table><figcaption class=\"wp-element-caption\"><strong>Dodatkowe informacje:\u00a0<\/strong>wobec Pa\u0144stwa nie b\u0119d\u0105 podejmowane zautomatyzowane decyzje (czyli bez udzia\u0142u cz\u0142owieka) ani dane nie b\u0119d\u0105 wykorzystywane do profilowania.<\/figcaption><\/figure><p><strong>3.<\/strong>\u00a0<strong>Czy podanie danych jest obowi\u0105zkowe?<\/strong><\/p><p>Podanie danych identyfikacyjnych jest dobrowolne, ale niezb\u0119dne do rozpocz\u0119cia wsp\u00f3\u0142pracy i stanowi warunek zawarcia umowy.<\/p><p><strong>4. Planowany okres przechowywania danych.<\/strong><\/p><p>Dane osobowe b\u0119d\u0105 przechowywane przez okres trwania umowy, a nast\u0119pnie przedawnienia roszcze\u0144, kt\u00f3re mog\u0105 wynikn\u0105\u0107 z\u00a0zawartych um\u00f3w oraz z\u00a0tytu\u0142u r\u0119kojmi albo gwarancji. Og\u00f3lne terminy przedawnienia i spos\u00f3b ich liczenia okre\u015blaj\u0105 przepisy Kodeksu cywilnego<sup>3<\/sup>.<\/p><p>Je\u015bli nie dojdzie do zawarcia umowy to dane b\u0119d\u0105 przechowywane przez 3 miesi\u0105ce od ostatniego kontaktu w sprawie umowy lub oferty.\u00a0<\/p><p>Dokumentacja ksi\u0119gowa i podatkowa b\u0119dzie przechowywana do 5 lat liczonych od ko\u0144ca roku, w kt\u00f3rym up\u0142yn\u0105\u0142 termin p\u0142atno\u015bci podatku albo w kt\u00f3rym rozliczono amortyzacj\u0119<sup>4<\/sup>.<\/p><p>Natomiast kartki okoliczno\u015bciowe b\u0119d\u0105 przesy\u0142ane do czasu zg\u0142oszenia sprzeciwu lub zako\u0144czenia wsp\u00f3\u0142pracy.<\/p><p><strong>5<\/strong>.\u00a0<strong>Odbiorcy danych.<\/strong><\/p><p>Administrator przekazuje dane nast\u0119puj\u0105cym odbiorcom:<\/p><ul class=\"wp-block-list\"><li>spedytorom i przewo\u017anikom w przypadku odbioru towar\u00f3w od Dostawcy;<\/li><li>podmiotom przetwarzaj\u0105cym obs\u0142uguj\u0105cym system informatyczny;<\/li><li>Home.pl S.A. z siedzib\u0105 w Szczecinie w zakresie danych przesy\u0142anych za po\u015brednictwem poczty elektronicznej;<\/li><li>bankom i operatorom p\u0142atno\u015bci w zwi\u0105zku z dokonywaniem p\u0142atno\u015bci i rozliczeniami;<\/li><li>podmiotom \u015bwiadcz\u0105cym us\u0142ugi kurierskie i pocztowe w zwi\u0105zku z prowadzeniem korespondencji;<\/li><li>urz\u0119dom skarbowym i innym organom publicznym w zwi\u0105zku z wykonywaniem obowi\u0105zk\u00f3w okre\u015blonych przez prawo;<\/li><li>bieg\u0142emu rewidentowi, podmiotom \u015bwiadcz\u0105cym us\u0142ugi doradcze lub audytowe;<\/li><li>kancelariom prawnym w wypadku konieczno\u015bci dochodzenia roszcze\u0144 lub obrony przed nimi;<\/li><li>podmiotom \u015bwiadcz\u0105cym us\u0142ugi windykacyjne oraz biurom informacji gospodarczej w zwi\u0105zku z\u00a0dochodzeniem roszcze\u0144.<\/li><\/ul><p><strong><u>6<\/u><\/strong><strong><u>.\u00a0<\/u><\/strong><strong><u>Prawa, kt\u00f3re przys\u0142uguj\u0105 Pa\u0144stwu w zwi\u0105zku z przetwarzaniem danych:<\/u><\/strong><\/p><figure class=\"wp-block-table is-style-stripes\"><table class=\"has-background\"><tbody><tr><td><strong>a) prawo dost\u0119pu do swoich danych<\/strong>\u00a0(art. 15 RODO)<\/td><td>Mog\u0105 Pa\u0144stwo otrzyma\u0107 szczeg\u00f3\u0142owe informacje na temat przetwarzania danych oraz przys\u0142uguj\u0105cych praw, uzyska\u0107 dost\u0119p do swoich danych, a\u00a0tak\u017ce otrzyma\u0107 ich kopi\u0119 (pierwsza kopia jest bezp\u0142atna).<\/td><\/tr><tr><td><strong>b) prawo do sprostowania danych<\/strong>\u00a0(art. 16 RODO)<\/td><td>Je\u015bli uwa\u017caj\u0105 Pa\u0144stwo, \u017ce dane s\u0105 nieprawid\u0142owe lub niekompletne, mog\u0105 Pa\u0144stwa za\u017c\u0105da\u0107 ich poprawienia lub uzupe\u0142nienia.<\/td><\/tr><tr><td><strong>c) prawo do usuni\u0119cia danych<\/strong>\u00a0(art. 17 RODO)<\/td><td>Mog\u0105 Pa\u0144stwo za\u017c\u0105da\u0107 usuni\u0119cia danych, je\u015bli uwa\u017caj\u0105 Pa\u0144stwo, \u017ce s\u0105 one przetwarzane bezpodstawnie (czyli dane nie s\u0105 ju\u017c niezb\u0119dne Administratorowi, s\u0105 przetwarzane niezgodnie z\u00a0prawem, prawo wymaga ich usuni\u0119cia albo z\u0142o\u017cyli Pa\u0144stwo sprzeciw i\u00a0nie ma podstaw przetwarzania danych). Administrator nie usunie jednak danych, je\u015bli np. ich przetwarzanie jest niezb\u0119dne do wywi\u0105zania si\u0119 z\u00a0obowi\u0105zku prawnego albo ustalenia i\u00a0dochodzenia roszcze\u0144 lub obrony przed nimi.<\/td><\/tr><tr><td><strong>d) prawo do ograniczenia przetwarzania danych<\/strong>\u00a0(art. 18 RODO)<\/td><td>W przypadku ograniczenia przetwarzania danych Administrator b\u0119dzie je jedynie przechowywa\u0107 i nie b\u0119dzie ich wykorzystywa\u0107 bez Pa\u0144stwa zgody, chyba \u017ce jest to konieczne do ustalenia i\u00a0dochodzenia roszcze\u0144, obrony przed nimi albo w innych sytuacjach, kiedy RODO na to zezwala. Prawo do ograniczenia przetwarzania przys\u0142uguje Pa\u0144stwu w\u00a0przypadkach, gdy:<br \/>\u2013 uwa\u017cacie Pa\u0144stwo, \u017ce dane s\u0105 nieprawid\u0142owe;<br \/>\u2013 przetwarzanie danych jest niezgodne z prawem, ale nie chcecie Pa\u0144stwo, \u017ceby zosta\u0142y one usuni\u0119te;<br \/>\u2013 Administrator nie potrzebuje ju\u017c danych, ale s\u0105 one Pa\u0144stwu potrzebne do dochodzenia i ustalenia roszcze\u0144 lub obrony przed nimi;<br \/>\u2013 wnie\u015bli Pa\u0144stwo sprzeciw.<\/td><\/tr><tr><td><strong>e) prawo do przenoszenia danych<\/strong>\u00a0(art. 20 RODO)<\/td><td>Dane przetwarzane na podstawie umowy (czyli na podstawie art. 6 ust. 1 lit. b RODO) maj\u0105 Pa\u0144stwo prawo otrzyma\u0107 w\u00a0standardowym formacie elektronicznym i\u00a0przes\u0142a\u0107 je innemu administratorowi danych albo wskaza\u0107, komu je bezpo\u015brednio przekaza\u0107 (pod warunkiem, \u017ce jest to technicznie mo\u017cliwe). Prawo do przenoszenia obejmuje dane, kt\u00f3re Pa\u0144stwo przekazali, ale nie dotyczy tych przetwarzanych wy\u0142\u0105cznie w\u00a0formie papierowej.<\/td><\/tr><tr><td><strong>f)\u00a0<u>prawo do sprzeciwu<\/u>\u00a0<\/strong>(art. 21 RODO)<\/td><td><strong><u>Sprzeciw ze wzgl\u0119du na szczeg\u00f3ln\u0105 sytuacj\u0119<\/u><\/strong>\u00a0\u2013 mog\u0105 Pa\u0144stwo w\u00a0dowolnym momencie wnie\u015b\u0107 sprzeciw wobec przetwarzania swoich danych osobowych, je\u015bli jego podstaw\u0105 jest prawnie uzasadniony interes (czyli art. 6 ust. 1 lit. f RODO). W\u00a0sprzeciwie nale\u017cy opisa\u0107 szczeg\u00f3ln\u0105 sytuacj\u0119, kt\u00f3ra \u2013 Pa\u0144stwa zdaniem \u2013 uzasadnia jego wniesienie. Po z\u0142o\u017ceniu sprzeciwu Administrator przestanie przetwarza\u0107 dane w zakresie, kt\u00f3rego sprzeciw dotyczy\u0142, chyba \u017ce powody, dla kt\u00f3rych je przetwarza, s\u0105 wa\u017cniejsze ni\u017c okoliczno\u015bci wskazane w\u00a0sprzeciwie albo dane s\u0105 niezb\u0119dne do ustalenia i dochodzenia roszcze\u0144 lub obrony przed nimi.\u00a0<strong><u>\u00a0<\/u><\/strong>\u00a0<strong><u>Sprzeciw wobec dzia\u0142a\u0144 marketingowych<\/u><\/strong>\u00a0\u2013 je\u015bli dane s\u0105 wykorzystywane do cel\u00f3w marketingowych (np. w celu wskazanym w punkcie 2. lit. f), sprzeciw nie wymaga uzasadnienia, a po jego z\u0142o\u017ceniu Pa\u0144stwa dane nie b\u0119d\u0105 wykorzystywane w\u00a0tych celach.<u><\/u><\/td><\/tr><\/tbody><\/table><figcaption class=\"wp-element-caption\"><strong><u>Aby skorzysta\u0107 z wymienionych praw, wystarczy skontaktowa\u0107 si\u0119 z Administratorem osobi\u015bcie, za po\u015brednictwem poczty elektronicznej albo listownie (dane kontaktowe znajduj\u0105 si\u0119 w punkcie 1.).<\/u><\/strong><\/figcaption><\/figure><p><strong>7.<\/strong>\u00a0<strong>Prawo wniesienia skargi do organu nadzorczego.<\/strong><\/p><p>Je\u015bli uwa\u017caj\u0105 Pa\u0144stwo, \u017ce dane s\u0105 przetwarzane niezgodnie z prawem, maj\u0105 Pa\u0144stwo prawo wniesienia skargi do organu nadzorczego. W Polsce jest nim\u00a0<strong>Prezes Urz\u0119du Ochrony Danych Osobowych\u00a0<\/strong>(ul. Stawki 2, 00-193 Warszawa,\u00a0<a href=\"http:\/\/www.uodo.gov.pl\/\">www.uodo.gov.pl<\/a>).<\/p><p><strong>8. \u0179r\u00f3d\u0142o i kategorie przetwarzanych danych.<\/strong><\/p><p>Administrator otrzymuje dane bezpo\u015brednio od Pa\u0144stwa, od dzia\u0142aj\u0105cych w Pa\u0144stwa imieniu os\u00f3b, kt\u00f3re kontaktuj\u0105 si\u0119 w\u00a0zwi\u0105zku z umow\u0105, b\u0105d\u017a pozyskuje je z CEIDG, REGON lub z Pa\u0144stwa strony internetowej.<\/p><p>Administrator przetwarza dane identyfikacyjne i kontaktowe Dostawc\u00f3w, dane niezb\u0119dne do realizacji umowy oraz zawarte w dokumentach ksi\u0119gowych (w tym imi\u0119 i\u00a0nazwisko, firm\u0119, adres, podpis, NIP, REGON, numer rachunku bankowego, informacje dotycz\u0105ce zam\u00f3wionych us\u0142ug i warunk\u00f3w umowy, przedmiot dzia\u0142alno\u015bci oraz dane kontaktowe takie jak numer telefonu, adres korespondencyjny, adres e-mail).<\/p><p class=\"has-small-font-size\"><strong>Przywo\u0142ane przepisy prawa:<\/strong><br \/>\u00a0<sup>1<\/sup>Rozporz\u0105dzenie Parlamentu Europejskiego i Rady (UE) 2016\/679 z 27 kwietnia 2016 r. w\u00a0sprawie ochrony os\u00f3b fizycznych w\u00a0zwi\u0105zku z przetwarzaniem danych osobowych i w sprawie swobodnego przep\u0142ywu takich danych oraz uchylenia dyrektywy 95\/46\/WE (og\u00f3lne rozporz\u0105dzenie o ochronie danych).<br \/><sup>2<\/sup>\u00a0W szczeg\u00f3lno\u015bci przepisy ustawy z dnia 11 marca 2004 r. o podatku od towar\u00f3w i us\u0142ug, ustawy z dnia 29 sierpnia 1993 r. Ordynacja podatkowa oraz ustawy z dnia 15 lutego 1992 r. o podatku dochodowym od os\u00f3b prawnych, a tak\u017ce ustawy z dnia 29 wrze\u015bnia 1994 r. o\u00a0rachunkowo\u015bci.<br \/><sup>3\u00a0<\/sup>Og\u00f3lne terminy przedawnienia i spos\u00f3b ich liczenia okre\u015bla m.in. art. 118 \u2013 125 ustawy z dnia 23 kwietnia 1964 r. Kodeks cywilny.<br \/><sup>4\u00a0<\/sup>Terminy przechowywania dokumentacji podatkowej okre\u015bla art. 86 \u00a71 i art. 70 ustawy z dnia 29 sierpnia 1993 r. Ordynacja podatkowa. Zgodnie z przepisami dokumenty nale\u017cy przechowywa\u0107 co najmniej przez 5 lat liczonych od ko\u0144ca roku, w\u00a0kt\u00f3rym min\u0105\u0142 termin p\u0142atno\u015bci podatku. Natomiast szczeg\u00f3\u0142owe terminy przechowywania dokumentacji rachunkowej ustala art. 74 ustawy z\u00a0dnia 29 wrze\u015bnia 1994 r. o rachunkowo\u015bci.<\/p><p><em>Fabryka Mebli TOM-POL Tomasz Wr\u00f3bel sp.k. z siedzib\u0105 w\u00a0Opatowie, ul. Szpot 1A, 63-645 Opat\u00f3w, wpisana do Rejestru Przedsi\u0119biorc\u00f3w Krajowego Rejestru S\u0105dowego prowadzonego przez S\u0105d Rejonowy Pozna\u0144 \u2013 Nowe Miasto i Wilda w\u00a0Poznaniu IX Wydzia\u0142 Gospodarczy Krajowego Rejestru S\u0105dowego pod numerem KRS 0001038188; NIP: 6192057630; REGON: 524616221.<\/em><\/p>\t\t\t\t\t\t\t\t<\/div>\n\t\t\t\t<\/div>\n\t\t\t\t<\/div>\n\t\t\t\t<\/div>\n\t\t\t\t\t<\/div>\n\t\t\t\t<\/div>\n\t\t\t\t<\/div>\n\t\t","protected":false},"excerpt":{"rendered":"<p>Polityka prywatno\u015bci Informacja o przetwarzaniu danych osobowych dla naszych Dostawc\u00f3w 1.\u00a0Administrator danych osobowych. Administratorem danych osobowych jest\u00a0Fabryka Mebli TOM-POL Tomasz [&hellip;]<\/p>\n","protected":false},"author":1,"featured_media":0,"parent":7416,"menu_order":0,"comment_status":"closed","ping_status":"closed","template":"","meta":{"site-sidebar-layout":"no-sidebar","site-content-layout":"","ast-site-content-layout":"full-width-container","site-content-style":"unboxed","site-sidebar-style":"unboxed","ast-global-header-display":"","ast-banner-title-visibility":"","ast-main-header-display":"","ast-hfb-above-header-display":"","ast-hfb-below-header-display":"","ast-hfb-mobile-header-display":"","site-post-title":"disabled","ast-breadcrumbs-content":"","ast-featured-img":"disabled","footer-sml-layout":"","theme-transparent-header-meta":"enabled","adv-header-id-meta":"","stick-header-meta":"","header-above-stick-meta":"","header-main-stick-meta":"","header-below-stick-meta":"","astra-migrate-meta-layouts":"default","ast-page-background-enabled":"default","ast-page-background-meta":{"desktop":{"background-color":"var(--ast-global-color-4)","background-image":"","background-repeat":"repeat","background-position":"center center","background-size":"auto","background-attachment":"scroll","background-type":"","background-media":"","overlay-type":"","overlay-color":"","overlay-opacity":"","overlay-gradient":""},"tablet":{"background-color":"","background-image":"","background-repeat":"repeat","background-position":"center center","background-size":"auto","background-attachment":"scroll","background-type":"","background-media":"","overlay-type":"","overlay-color":"","overlay-opacity":"","overlay-gradient":""},"mobile":{"background-color":"","background-image":"","background-repeat":"repeat","background-position":"center center","background-size":"auto","background-attachment":"scroll","background-type":"","background-media":"","overlay-type":"","overlay-color":"","overlay-opacity":"","overlay-gradient":""}},"ast-content-background-meta":{"desktop":{"background-color":"var(--ast-global-color-5)","background-image":"","background-repeat":"repeat","background-position":"center center","background-size":"auto","background-attachment":"scroll","background-type":"","background-media":"","overlay-type":"","overlay-color":"","overlay-opacity":"","overlay-gradient":""},"tablet":{"background-color":"var(--ast-global-color-5)","background-image":"","background-repeat":"repeat","background-position":"center center","background-size":"auto","background-attachment":"scroll","background-type":"","background-media":"","overlay-type":"","overlay-color":"","overlay-opacity":"","overlay-gradient":""},"mobile":{"background-color":"var(--ast-global-color-5)","background-image":"","background-repeat":"repeat","background-position":"center center","background-size":"auto","background-attachment":"scroll","background-type":"","background-media":"","overlay-type":"","overlay-color":"","overlay-opacity":"","overlay-gradient":""}},"footnotes":""},"class_list":["post-7490","page","type-page","status-publish","hentry"],"_links":{"self":[{"href":"https:\/\/klienci.ezone.pl\/tompol\/wp-json\/wp\/v2\/pages\/7490","targetHints":{"allow":["GET"]}}],"collection":[{"href":"https:\/\/klienci.ezone.pl\/tompol\/wp-json\/wp\/v2\/pages"}],"about":[{"href":"https:\/\/klienci.ezone.pl\/tompol\/wp-json\/wp\/v2\/types\/page"}],"author":[{"embeddable":true,"href":"https:\/\/klienci.ezone.pl\/tompol\/wp-json\/wp\/v2\/users\/1"}],"replies":[{"embeddable":true,"href":"https:\/\/klienci.ezone.pl\/tompol\/wp-json\/wp\/v2\/comments?post=7490"}],"version-history":[{"count":4,"href":"https:\/\/klienci.ezone.pl\/tompol\/wp-json\/wp\/v2\/pages\/7490\/revisions"}],"predecessor-version":[{"id":7499,"href":"https:\/\/klienci.ezone.pl\/tompol\/wp-json\/wp\/v2\/pages\/7490\/revisions\/7499"}],"up":[{"embeddable":true,"href":"https:\/\/klienci.ezone.pl\/tompol\/wp-json\/wp\/v2\/pages\/7416"}],"wp:attachment":[{"href":"https:\/\/klienci.ezone.pl\/tompol\/wp-json\/wp\/v2\/media?parent=7490"}],"curies":[{"name":"wp","href":"https:\/\/api.w.org\/{rel}","templated":true}]}}