{"id":7527,"date":"2025-12-16T10:23:04","date_gmt":"2025-12-16T09:23:04","guid":{"rendered":"https:\/\/klienci.ezone.pl\/tompol\/?page_id=7527"},"modified":"2025-12-16T10:23:44","modified_gmt":"2025-12-16T09:23:44","slug":"informacja-o-przetwarzaniu-danych-osobowych-dla-osob-odwiedzajacych-nasz-profil-na-instagramie","status":"publish","type":"page","link":"https:\/\/klienci.ezone.pl\/tompol\/polityka-prywatnosci\/informacja-o-przetwarzaniu-danych-osobowych-dla-osob-odwiedzajacych-nasz-profil-na-instagramie\/","title":{"rendered":"Informacja o przetwarzaniu danych osobowych\u00a0dla os\u00f3b odwiedzaj\u0105cych nasz profil na Instagramie"},"content":{"rendered":"\t\t<div data-elementor-type=\"wp-page\" data-elementor-id=\"7527\" class=\"elementor elementor-7527\" data-elementor-post-type=\"page\">\n\t\t\t\t<div class=\"elementor-element elementor-element-df3abc1 e-flex e-con-boxed e-con e-parent\" data-id=\"df3abc1\" data-element_type=\"container\" data-settings=\"{&quot;background_background&quot;:&quot;classic&quot;}\">\n\t\t\t\t\t<div class=\"e-con-inner\">\n\t\t\t\t<div class=\"elementor-element elementor-element-d6cad67 animated-slow elementor-invisible elementor-widget elementor-widget-heading\" data-id=\"d6cad67\" data-element_type=\"widget\" data-settings=\"{&quot;_animation&quot;:&quot;fadeIn&quot;}\" data-widget_type=\"heading.default\">\n\t\t\t\t<div class=\"elementor-widget-container\">\n\t\t\t\t\t<h1 class=\"elementor-heading-title elementor-size-default\">Polityka prywatno\u015bci<\/h1>\t\t\t\t<\/div>\n\t\t\t\t<\/div>\n\t\t\t\t\t<\/div>\n\t\t\t\t<\/div>\n\t\t<div class=\"elementor-element elementor-element-6112710 e-flex e-con-boxed e-con e-parent\" data-id=\"6112710\" data-element_type=\"container\">\n\t\t\t\t\t<div class=\"e-con-inner\">\n\t\t<div class=\"elementor-element elementor-element-4b989d1 e-con-full e-flex e-con e-child\" data-id=\"4b989d1\" data-element_type=\"container\">\n\t\t<div class=\"elementor-element elementor-element-880341d e-con-full e-flex e-con e-child\" data-id=\"880341d\" data-element_type=\"container\">\n\t\t\t\t<div class=\"elementor-element elementor-element-e9ace77 jestesmy elementor-widget elementor-widget-heading\" data-id=\"e9ace77\" data-element_type=\"widget\" data-widget_type=\"heading.default\">\n\t\t\t\t<div class=\"elementor-widget-container\">\n\t\t\t\t\t<h4 class=\"elementor-heading-title elementor-size-default\">Informacja o przetwarzaniu danych osobowych dla os\u00f3b odwiedzaj\u0105cych nasz profil na Instagramie<\/h4>\t\t\t\t<\/div>\n\t\t\t\t<\/div>\n\t\t\t\t<div class=\"elementor-element elementor-element-82aa51c elementor-widget__width-initial privacy-policy elementor-widget elementor-widget-text-editor\" data-id=\"82aa51c\" data-element_type=\"widget\" data-widget_type=\"text-editor.default\">\n\t\t\t\t<div class=\"elementor-widget-container\">\n\t\t\t\t\t\t\t\t\t<p>Zgodnie z og\u00f3lnym rozporz\u0105dzeniem o ochronie danych (RODO) chcemy przekaza\u0107 Pa\u0144stwu informacje dotycz\u0105ce przetwarzania danych osobowych w zwi\u0105zku z wizyt\u0105 na profilu\u00a0<strong>meblewypoczynkowe_pl.<\/strong><\/p>\n<p>Zwracamy r\u00f3wnie\u017c uwag\u0119, \u017ce\u00a0<strong>Meta Platforms Ireland Ltd.<\/strong>\u00a0jest odr\u0119bnym administratorem Pa\u0144stwa danych w\u00a0zakresie zwi\u0105zanym z\u00a0utworzeniem profilu na\u00a0<strong>Instagramie<\/strong>\u00a0i korzystaniem z niego (<a href=\"https:\/\/help.instagram.com\/519522125107875\">zasady przetwarzania danych przez Instagram<\/a>).<\/p>\n<p><strong>1<\/strong>.\u00a0<strong>Administrator danych osobowych.<\/strong><\/p>\n<p>Administratorem danych osobowych jest\u00a0<strong>Fabryka Mebli TOM-POL Tomasz Wr\u00f3bel sp.k.\u00a0<\/strong><strong>z siedzib\u0105 w Opatowie przy ul. Szpot nr 1A, 63-645 Opat\u00f3w;\u00a0<\/strong>KRS: 0001038188, NIP: 6192057630, REGON: 524616221.<\/p>\n<p><strong><u>Z Administratorem mo\u017cna si\u0119 skontaktowa\u0107:<\/u><\/strong><\/p>\n<ul class=\"wp-block-list\">\n<li>osobi\u015bcie w jego siedzibie;<\/li>\n<li>wysy\u0142aj\u0105c list na adres:\u00a0<strong>Fabryka Mebli TOM-POL Tomasz Wr\u00f3bel sp.k., ul. Szpot nr 1A, 63-645 Opat\u00f3w<\/strong>;<\/li>\n<li>przesy\u0142aj\u0105c wiadomo\u015b\u0107 na adres e-mail:\u00a0<a href=\"mailto:rodo@meble-tompol.pl\">rodo@meble-tompol.pl<\/a><\/li>\n<li>wysy\u0142aj\u0105c prywatn\u0105 wiadomo\u015b\u0107 za po\u015brednictwem serwisu Instagram.<\/li>\n<\/ul>\n<p><strong>2.<\/strong>\u00a0<strong>Cele<\/strong>\u00a0<strong>przetwarzania danych osobowych.<\/strong><\/p>\n<p>Przetwarzamy dane U\u017cytkownik\u00f3w Instagrama, kt\u00f3rzy odwiedzaj\u0105 i\/lub subskrybuj\u0105 nasz profil lub zareaguj\u0105 na post, a\u00a0tak\u017ce dodaj\u0105 komentarz lub wysy\u0142aj\u0105 do nas wiadomo\u015b\u0107.<\/p>\n<figure class=\"wp-block-table is-style-stripes\">\n<table class=\"has-background\">\n<tbody>\n<tr>\n<td><strong>Cele przetwarzania danych<\/strong><\/td>\n<td><strong>Podstawy prawne przetwarzania danych<\/strong><\/td>\n<\/tr>\n<tr>\n<td><strong>a) prowadzenie profilu i przekazywanie za jego po\u015brednictwem informacji o naszej dzia\u0142alno\u015bci i\u00a0us\u0142ugach;<\/strong><br \/><strong>b) odpowiadanie na pytania zawarte w\u00a0wiadomo\u015bciach prywatnych lub komentarzach;<\/strong><br \/><strong>c) udost\u0119pnianie naszych post\u00f3w, je\u015bli obserwujecie Pa\u0144stwo nasz profil;<\/strong><br \/><strong>d) tworzenie oraz analiza statystyk odwiedzin i\u00a0korzystania z naszego profilu;\u00a0<\/strong>serwis Instagram w tym celu wykorzystuje pliki cookies i\u00a0udost\u0119pnia nam informacje dotycz\u0105ce wizyt na naszym profilu (w tym informacje o\u00a0wy\u015bwietlaniu post\u00f3w, o danych demograficznych i\u00a0geograficznych oraz innych danych dost\u0119pnych na profilach os\u00f3b odwiedzaj\u0105cych); otrzymujemy w ten spos\u00f3b wy\u0142\u0105cznie dane anonimowe i\u00a0nie mo\u017cemy na ich podstawie zidentyfikowa\u0107 konkretnych os\u00f3b ani profili.<\/td>\n<td>Podstaw\u0105 prawn\u0105 jest nasz\u00a0<strong>prawnie uzasadniony interes (art. 6 ust. 1 lit. f RODO)<\/strong>, jakim jest:<br \/>\u2013 prowadzenie profilu i promowanie naszej marki,<br \/>\u2013 komunikowanie si\u0119 za po\u015brednictwem Instagrama,<br \/>\u2013 informowanie os\u00f3b zainteresowanych o naszej dzia\u0142alno\u015bci i ofercie,<br \/>\u2013 analiza danych statystycznych udost\u0119pnianych przez Instagram, aby dostosowa\u0107 profil i\u00a0zamieszczane posty do preferencji U\u017cytkownik\u00f3w. \u00a0<\/td>\n<\/tr>\n<\/tbody>\n<\/table>\n<figcaption class=\"wp-element-caption\"><strong>W zakresie tworzenia i analizy statystyk wskazanych w punkcie 2 d) dochodzi do wsp\u00f3\u0142administrowania danymi przez Meta Platforms Ireland Ltd oraz sp\u00f3\u0142k\u0119 Fabryka Mebli TOM-POL Tomasz Wr\u00f3bel sp.k.<\/strong><strong>\u00a0Meta Platforms Ireland Ltd.<\/strong>\u00a0przejmuje podstawow\u0105 odpowiedzialno\u015b\u0107 za przetwarzanie danych U\u017cytkownik\u00f3w na potrzeby statystyk oraz za wype\u0142nianie obowi\u0105zk\u00f3w wynikaj\u0105cych w tym zakresie z RODO.<br \/><strong><a href=\"https:\/\/www.facebook.com\/legal\/terms\/information_about_page_insights_data\">\u00a0Zasadnicza tre\u015b\u0107 uzgodnie\u0144 w zakresie przetwarzania danych na potrzeby statystyk\u00a0\u00a0<\/a><\/strong><\/figcaption>\n<\/figure>\n<p><strong>3.<\/strong>\u00a0<strong>Czy podanie danych jest obowi\u0105zkowe?<\/strong><\/p>\n<p>Podanie danych jest dobrowolne, jednak niezb\u0119dne do przegl\u0105dania naszego profilu, a tak\u017ce korzystania z funkcji dost\u0119pnych w ramach serwisu Instagram, takich jak zamieszczanie komentarzy lub wys\u0142anie prywatnej wiadomo\u015bci.<\/p>\n<p>Z wizyt\u0105 na profilu wi\u0105\u017ce si\u0119 te\u017c zapisanie przez Instagram informacji, kt\u00f3re s\u0105 p\u00f3\u017aniej wykorzystywane w\u00a0celach statystycznych wskazanych w punkcie 2 d). Wynika to z zasad funkcjonowania serwisu Instagram.<\/p>\n<p><strong>4. Planowany okres przechowywania danych.<\/strong><\/p>\n<p>Dane osobowe nie s\u0105 archiwizowane poza serwisem Instagram i b\u0119d\u0105 przechowywane zgodnie z zasadami wynikaj\u0105cymi z regulaminu tego serwisu (np. przez okres obserwowania naszego profilu) albo do czasu ich usuni\u0119cia przez Pa\u0144stwa lub z\u0142o\u017cenia skutecznego sprzeciwu.<\/p>\n<p>Wiadomo\u015bci prywatne b\u0119d\u0105 przechowywane przez okres prowadzenia korespondencji, a\u00a0nast\u0119pnie przez 3 miesi\u0105ce od jej zako\u0144czenia. Dane zawarte w zamieszczonych komentarzach lub reakcjach na posty b\u0119d\u0105 przechowywane do czasu ich usuni\u0119cia przez Pa\u0144stwa lub zg\u0142oszenia skutecznego sprzeciwu.<\/p>\n<p><strong>5<\/strong>.\u00a0<strong>Odbiorcy danych.<\/strong><\/p>\n<p>Dane s\u0105 przekazywane Meta Platforms Ireland Ltd. na zasadach okre\u015blonych w\u00a0<a href=\"https:\/\/help.instagram.com\/519522125107875\/?helpref=hc_fnav\">polityce prywatno\u015bci<\/a>\u00a0oraz\u00a0<a href=\"https:\/\/help.instagram.com\/581066165581870\">regulaminie dla u\u017cytkownik\u00f3w Instagrama<\/a>.<\/p>\n<p>Zamieszczone komentarze wraz z Pa\u0144stwa imieniem i\u00a0nazwiskiem oraz zdj\u0119ciem profilowym s\u0105 widoczne dla os\u00f3b odwiedzaj\u0105cych nasz profil.<\/p>\n<p><strong>6. Prawa, kt\u00f3re Pa\u0144stwu przys\u0142uguj\u0105 w zwi\u0105zku z przetwarzaniem danych:<\/strong><\/p>\n<figure class=\"wp-block-table is-style-stripes\">\n<table class=\"has-background\">\n<tbody>\n<tr>\n<td><strong>a) prawo dost\u0119pu do swoich danych<\/strong>\u00a0(art. 15 RODO)<\/td>\n<td>Mog\u0105 Pa\u0144stwo otrzyma\u0107 szczeg\u00f3\u0142owe informacje na temat przetwarzania danych oraz przys\u0142uguj\u0105cych praw, uzyska\u0107 dost\u0119p do swoich danych, a\u00a0tak\u017ce otrzyma\u0107 ich kopi\u0119 (pierwsza kopia jest bezp\u0142atna).<\/td>\n<\/tr>\n<tr>\n<td><strong>b) prawo do sprostowania danych\u00a0<\/strong>(art. 16 RODO)<\/td>\n<td>Je\u015bli uwa\u017caj\u0105 Pa\u0144stwo, \u017ce dane s\u0105 nieprawid\u0142owe lub niekompletne, mog\u0105 Pa\u0144stwo za\u017c\u0105da\u0107 ich poprawienia lub uzupe\u0142nienia.<\/td>\n<\/tr>\n<tr>\n<td><strong>c) prawo do usuni\u0119cia danych<\/strong>\u00a0(art. 17 RODO)<\/td>\n<td>Mog\u0105 Pa\u0144stwo za\u017c\u0105da\u0107 usuni\u0119cia danych, je\u015bli uwa\u017caj\u0105 Pa\u0144stwo, \u017ce przetwarzamy je bezpodstawnie (czyli dane nie s\u0105 ju\u017c nam niezb\u0119dne, s\u0105 przetwarzane niezgodnie z prawem, prawo wymaga ich usuni\u0119cia albo z\u0142o\u017cyli Pa\u0144stwo sprzeciw i\u00a0nie ma podstaw przetwarzania danych). Nie usuniemy jednak danych, je\u015bli np. ich przetwarzanie jest niezb\u0119dne do wywi\u0105zania si\u0119 z obowi\u0105zku prawnego lub ustalenia i\u00a0dochodzenia roszcze\u0144 lub obrony przed nimi.<\/td>\n<\/tr>\n<tr>\n<td><strong>d) prawo do ograniczenia przetwarzania danych<\/strong>\u00a0(art. 18 RODO)<\/td>\n<td>W przypadku ograniczenia przetwarzania danych b\u0119dziemy je jedynie przechowywa\u0107 i nie b\u0119dziemy ich wykorzystywa\u0107 bez Pa\u0144stwa zgody, chyba \u017ce jest to konieczne do ustalenia i\u00a0dochodzenia roszcze\u0144, obrony przed nimi albo w innych sytuacjach, kiedy RODO nam na to zezwala. Prawo do ograniczenia przetwarzania przys\u0142uguje Pa\u0144stwu w\u00a0przypadkach, gdy<strong>:<\/strong><br \/>\u2013 uwa\u017cacie Pa\u0144stwo, \u017ce dane s\u0105 nieprawid\u0142owe;<br \/>\u2013 przetwarzanie danych jest niezgodne z prawem, ale nie chcecie Pa\u0144stwo, \u017ceby zosta\u0142y one usuni\u0119te;<br \/>\u2013 nie potrzebujemy ju\u017c danych, ale s\u0105 one Pa\u0144stwu potrzebne do dochodzenia i ustalenia roszcze\u0144 lub obrony przed nimi;<br \/>\u2013 wnie\u015bli Pa\u0144stwo sprzeciw.<\/td>\n<\/tr>\n<tr>\n<td><strong>e)\u00a0<u>prawo do sprzeciwu<\/u><\/strong>\u00a0(art. 21 RODO)<\/td>\n<td><strong><u>Sprzeciw ze wzgl\u0119du na szczeg\u00f3ln\u0105 sytuacj\u0119<\/u><\/strong>\u00a0\u2013 mog\u0105 Pa\u0144stwo w dowolnym momencie wnie\u015b\u0107 sprzeciw wobec przetwarzania swoich danych osobowych. W sprzeciwie nale\u017cy opisa\u0107 szczeg\u00f3ln\u0105 sytuacj\u0119, kt\u00f3ra \u2013 Pa\u0144stwa zdaniem \u2013 uzasadnia jego wniesienie. Po z\u0142o\u017ceniu sprzeciwu przestaniemy przetwarza\u0107 dane w zakresie, kt\u00f3rego sprzeciw dotyczy\u0142, chyba \u017ce powody, dla kt\u00f3rych je przetwarzamy, s\u0105 wa\u017cniejsze ni\u017c okoliczno\u015bci wskazane w\u00a0sprzeciwie albo dane s\u0105 niezb\u0119dne do ustalenia i\u00a0dochodzenia roszcze\u0144 lub obrony przed nimi.<br \/><br \/><strong><u>Sprzeciw wobec dzia\u0142a\u0144 marketingowych<\/u><\/strong>\u00a0\u2013 je\u015bli dane s\u0105 wykorzystywane do cel\u00f3w marketingowych, sprzeciw nie wymaga uzasadnienia, a po jego z\u0142o\u017ceniu przestaniemy wykorzystywa\u0107 Pa\u0144stwa dane w tych celach.<\/td>\n<\/tr>\n<\/tbody>\n<\/table>\n<figcaption class=\"wp-element-caption\"><strong>W celu skorzystania z przys\u0142uguj\u0105cych Pa\u0144stwu praw, prosimy skontaktowa\u0107 z nami w spos\u00f3b okre\u015blony w\u00a0punkcie 1.<\/strong><\/figcaption>\n<\/figure>\n<p><strong>7.<\/strong>\u00a0<strong>Prawo wniesienia skargi do organu nadzorczego.<\/strong><\/p>\n<p>Je\u015bli uwa\u017caj\u0105 Pa\u0144stwo, \u017ce przetwarzamy dane niezgodnie z prawem, maj\u0105 Pa\u0144stwo prawo wniesienia skargi do organu nadzorczego. W Polsce jest nim\u00a0<strong>Prezes Urz<\/strong><strong>\u0119<\/strong><strong>du Ochrony Danych Osobowych\u00a0<\/strong>(ul. Stawki 2, 00-193 Warszawa,\u00a0<a href=\"http:\/\/www.uodo.gov.pl\/\">www.uodo.gov.pl<\/a>). Zach\u0119camy jednak do wcze\u015bniejszego kontaktu z nami w celu szybkiego wyja\u015bnienia i\u00a0za\u0142atwienia sprawy.<\/p>\n<p><strong>8. \u0179r\u00f3d\u0142o i kategorie danych.<\/strong><\/p>\n<p>Swoje dane przekazuj\u0105 nam Pa\u0144stwo poprzez portal Instagram, czyli za po\u015brednictwem Meta Platforms Ireland Ltd. lub Meta inc. Przetwarzamy takie dane jak: imi\u0119 i nazwisko (nazw\u0119 profilu), zdj\u0119cie profilowe, inne podstawowe dane zawarte na profilu oraz informacje o aktywno\u015bci na naszym profilu. Przetwarzamy tak\u017ce dane znajduj\u0105ce si\u0119 w tre\u015bci korespondencji z\u00a0Pa\u0144stwem oraz w tre\u015bci zamieszczonych komentarzy na naszym profilu.<\/p>\n<p><strong>9. Dodatkowe informacje.<\/strong><\/p>\n<p>Nie przekazujemy Pa\u0144stwa danych poza Europejski Obszar Gospodarczy. Jednak nale\u017cy pami\u0119ta\u0107 o tym, \u017ce Meta Platforms Ireland Ltd. przekazuje dane przetwarzane w zwi\u0105zku z korzystaniem z serwisu Instagram poza Europejski Obszar Gospodarczy na zasadach okre\u015blonych w\u00a0<a href=\"https:\/\/help.instagram.com\/519522125107875\/?helpref=hc_fnav\">Polityce prywatno\u015bci serwisu Instagram<\/a>.<\/p>\n<p>Nie b\u0119dziemy tak\u017ce wykorzystywa\u0107 danych do podejmowania wobec Pa\u0144stwa zautomatyzowanych decyzji ani do profilowania. Jednak Meta Platforms Ireland Ltd. lub Meta inc. jako odr\u0119bni administratorzy danych U\u017cytkownik\u00f3w serwisu Instagram mog\u0105 wykonywa\u0107 takie dzia\u0142ania do realizacji w\u0142asnych cel\u00f3w i nie mamy na to \u017cadnego wp\u0142ywu.<\/p>\n<p class=\"has-small-font-size\"><strong>RODO \u2013 Rozporz\u0105dzenie Parlamentu Europejskiego i\u00a0Rady (UE) 2016\/679 z\u00a0dnia 27 kwietnia 2016 r. w\u00a0sprawie ochrony os\u00f3b fizycznych w\u00a0zwi\u0105zku z\u00a0przetwarzaniem danych osobowych i\u00a0w sprawie swobodnego przep\u0142ywu takich danych oraz uchylenia dyrektywy 95\/46\/WE (og\u00f3lne rozporz\u0105dzenie o\u00a0ochronie danych) (Dz. Urz. UE L\u00a0119 z\u00a004.05.2016, str. 1, z\u00a0p\u00f3\u017an. zm.)<\/strong><\/p>\n<p><em>Fabryka Mebli TOM-POL Tomasz Wr\u00f3bel sp.k. z siedzib\u0105 w\u00a0Opatowie, ul. Szpot 1A, 63-645 Opat\u00f3w, wpisana do Rejestru Przedsi\u0119biorc\u00f3w Krajowego Rejestru S\u0105dowego prowadzonego przez S\u0105d Rejonowy Pozna\u0144 \u2013 Nowe Miasto i Wilda w\u00a0Poznaniu IX Wydzia\u0142 Gospodarczy Krajowego Rejestru S\u0105dowego pod numerem KRS 0001038188; NIP: 6192057630; REGON: 524616221.<\/em><\/p>\t\t\t\t\t\t\t\t<\/div>\n\t\t\t\t<\/div>\n\t\t\t\t<\/div>\n\t\t\t\t<\/div>\n\t\t\t\t\t<\/div>\n\t\t\t\t<\/div>\n\t\t\t\t<\/div>\n\t\t","protected":false},"excerpt":{"rendered":"<p>Polityka prywatno\u015bci Informacja o przetwarzaniu danych osobowych dla os\u00f3b odwiedzaj\u0105cych nasz profil na Instagramie Zgodnie z og\u00f3lnym rozporz\u0105dzeniem o ochronie [&hellip;]<\/p>\n","protected":false},"author":1,"featured_media":0,"parent":7416,"menu_order":0,"comment_status":"closed","ping_status":"closed","template":"","meta":{"site-sidebar-layout":"no-sidebar","site-content-layout":"","ast-site-content-layout":"full-width-container","site-content-style":"unboxed","site-sidebar-style":"unboxed","ast-global-header-display":"","ast-banner-title-visibility":"","ast-main-header-display":"","ast-hfb-above-header-display":"","ast-hfb-below-header-display":"","ast-hfb-mobile-header-display":"","site-post-title":"disabled","ast-breadcrumbs-content":"","ast-featured-img":"disabled","footer-sml-layout":"","theme-transparent-header-meta":"enabled","adv-header-id-meta":"","stick-header-meta":"","header-above-stick-meta":"","header-main-stick-meta":"","header-below-stick-meta":"","astra-migrate-meta-layouts":"default","ast-page-background-enabled":"default","ast-page-background-meta":{"desktop":{"background-color":"var(--ast-global-color-4)","background-image":"","background-repeat":"repeat","background-position":"center center","background-size":"auto","background-attachment":"scroll","background-type":"","background-media":"","overlay-type":"","overlay-color":"","overlay-opacity":"","overlay-gradient":""},"tablet":{"background-color":"","background-image":"","background-repeat":"repeat","background-position":"center center","background-size":"auto","background-attachment":"scroll","background-type":"","background-media":"","overlay-type":"","overlay-color":"","overlay-opacity":"","overlay-gradient":""},"mobile":{"background-color":"","background-image":"","background-repeat":"repeat","background-position":"center center","background-size":"auto","background-attachment":"scroll","background-type":"","background-media":"","overlay-type":"","overlay-color":"","overlay-opacity":"","overlay-gradient":""}},"ast-content-background-meta":{"desktop":{"background-color":"var(--ast-global-color-5)","background-image":"","background-repeat":"repeat","background-position":"center center","background-size":"auto","background-attachment":"scroll","background-type":"","background-media":"","overlay-type":"","overlay-color":"","overlay-opacity":"","overlay-gradient":""},"tablet":{"background-color":"var(--ast-global-color-5)","background-image":"","background-repeat":"repeat","background-position":"center center","background-size":"auto","background-attachment":"scroll","background-type":"","background-media":"","overlay-type":"","overlay-color":"","overlay-opacity":"","overlay-gradient":""},"mobile":{"background-color":"var(--ast-global-color-5)","background-image":"","background-repeat":"repeat","background-position":"center center","background-size":"auto","background-attachment":"scroll","background-type":"","background-media":"","overlay-type":"","overlay-color":"","overlay-opacity":"","overlay-gradient":""}},"footnotes":""},"class_list":["post-7527","page","type-page","status-publish","hentry"],"_links":{"self":[{"href":"https:\/\/klienci.ezone.pl\/tompol\/wp-json\/wp\/v2\/pages\/7527","targetHints":{"allow":["GET"]}}],"collection":[{"href":"https:\/\/klienci.ezone.pl\/tompol\/wp-json\/wp\/v2\/pages"}],"about":[{"href":"https:\/\/klienci.ezone.pl\/tompol\/wp-json\/wp\/v2\/types\/page"}],"author":[{"embeddable":true,"href":"https:\/\/klienci.ezone.pl\/tompol\/wp-json\/wp\/v2\/users\/1"}],"replies":[{"embeddable":true,"href":"https:\/\/klienci.ezone.pl\/tompol\/wp-json\/wp\/v2\/comments?post=7527"}],"version-history":[{"count":4,"href":"https:\/\/klienci.ezone.pl\/tompol\/wp-json\/wp\/v2\/pages\/7527\/revisions"}],"predecessor-version":[{"id":7531,"href":"https:\/\/klienci.ezone.pl\/tompol\/wp-json\/wp\/v2\/pages\/7527\/revisions\/7531"}],"up":[{"embeddable":true,"href":"https:\/\/klienci.ezone.pl\/tompol\/wp-json\/wp\/v2\/pages\/7416"}],"wp:attachment":[{"href":"https:\/\/klienci.ezone.pl\/tompol\/wp-json\/wp\/v2\/media?parent=7527"}],"curies":[{"name":"wp","href":"https:\/\/api.w.org\/{rel}","templated":true}]}}